
{"id":2373,"date":"2018-08-02T08:52:04","date_gmt":"2018-08-02T08:52:04","guid":{"rendered":"https:\/\/istarska-kapljica.eu\/proizvodnja\/"},"modified":"2025-01-20T12:27:44","modified_gmt":"2025-01-20T11:27:44","slug":"proizvodnja","status":"publish","type":"page","link":"https:\/\/istarska-kapljica.eu\/de\/proizvodnja\/","title":{"rendered":"Produktion"},"content":{"rendered":"<p><div class=\"fusion-fullwidth fullwidth-box fusion-builder-row-1 nonhundred-percent-fullwidth non-hundred-percent-height-scrolling\" style=\"--awb-background-position:left top;--awb-background-repeat:repeat-x;--awb-border-sizes-top:0px;--awb-border-sizes-bottom:0px;--awb-border-sizes-left:0px;--awb-border-sizes-right:0px;--awb-border-color:#917852;--awb-border-radius-top-left:0px;--awb-border-radius-top-right:0px;--awb-border-radius-bottom-right:0px;--awb-border-radius-bottom-left:0px;--awb-padding-top:20px;--awb-padding-right:0px;--awb-padding-bottom:10px;--awb-padding-left:0px;--awb-flex-wrap:wrap;\" ><div class=\"fusion-builder-row fusion-row\"><div class=\"fusion-layout-column fusion_builder_column fusion-builder-column-0 fusion_builder_column_1_6 1_6 fusion-one-sixth fusion-column-first\" style=\"--awb-bg-size:cover;width:16.666666666667%;width:calc(16.666666666667% - ( ( 4% + 4% ) * 0.16666666666667 ) );margin-right: 4%;\"><div class=\"fusion-column-wrapper fusion-flex-column-wrapper-legacy\"><div class=\"fusion-clearfix\"><\/div><\/div><\/div><div class=\"fusion-layout-column fusion_builder_column fusion-builder-column-1 fusion_builder_column_2_3 2_3 fusion-two-third\" style=\"--awb-bg-size:cover;--awb-margin-bottom:0px;width:66.666666666667%;width:calc(66.666666666667% - ( ( 4% + 4% ) * 0.66666666666667 ) );margin-right: 4%;\"><div class=\"fusion-column-wrapper fusion-flex-column-wrapper-legacy\"><div class=\"fusion-image-element fusion-image-align-center in-legacy-container\" style=\"text-align:center;--awb-max-width:60px;--awb-caption-title-font-family:var(--h2_typography-font-family);--awb-caption-title-font-weight:var(--h2_typography-font-weight);--awb-caption-title-font-style:var(--h2_typography-font-style);--awb-caption-title-size:var(--h2_typography-font-size);--awb-caption-title-transform:var(--h2_typography-text-transform);--awb-caption-title-line-height:var(--h2_typography-line-height);--awb-caption-title-letter-spacing:var(--h2_typography-letter-spacing);\"><div class=\"imageframe-align-center\"><span class=\" fusion-imageframe imageframe-none imageframe-1 hover-type-none\"><img decoding=\"async\" width=\"40\" height=\"54\" title=\"Logo_istarska_kapljica_kap200\" src=\"https:\/\/istarska-kapljica.eu\/wp-content\/uploads\/2018\/07\/Logo_istarska_kapljica_kap200-e1580130200800.png\" alt class=\"img-responsive wp-image-1217\"\/><\/span><\/div><\/div><div class=\"fusion-sep-clear\"><\/div><div class=\"fusion-separator fusion-full-width-sep\" style=\"margin-left: auto;margin-right: auto;margin-top:20px;width:100%;\"><\/div><div class=\"fusion-sep-clear\"><\/div><div class=\"fusion-title title fusion-title-1 fusion-sep-none fusion-title-center fusion-title-text fusion-title-size-two\"><h2 class=\"fusion-title-heading title-heading-center\" style=\"margin:0;\"><span style=\"font-size: 14pt;\"><span style=\"color: #917852;\">TRADITIONELLES <span style=\"color: #000000;\">REZEPT<\/span><\/span><\/span><\/h2><\/div><div class=\"fusion-sep-clear\"><\/div><div class=\"fusion-separator\" style=\"margin-left: auto;margin-right: auto;margin-top:8px;margin-bottom:45px;width:100%;max-width:155px;\"><div class=\"fusion-separator-border sep-single sep-solid\" style=\"--awb-height:20px;--awb-amount:20px;--awb-sep-color:#917852;border-color:#917852;border-top-width:1px;\"><\/div><\/div><div class=\"fusion-sep-clear\"><\/div><div class=\"fusion-text fusion-text-1\"><p style=\"text-align: justify;\"><span style=\"font-size: 13pt;\">Seit eh und je produzierten in Istrien unsere Vorfahren hausgemachten Schnaps aus Trauben Trester dem sogenannten &#8222;Drop&#8220;, welcher ein Nebenprodukt der Weinherstellung ist.\u00a0So widmete auch Gro\u00dfvater Eufemio, im Volksmund <strong>\u201eOnkel Nucio\u201c<\/strong> genannt, im malerischen Dorf Cerjani sein ganzes Leben der Herstellung von Wein und Schnaps. Traditionell wurde Tresterbrand im so genannten &#8222;Lambik&#8220;, einer einfachen Version der heutigen modernen Kessel, gebrannt (destilliert) und diese Tradition setzt heute der Enkel des oben erw\u00e4hnten Eufemio in der <strong>Brennerei OPG Goran Spehar<\/strong> fort.<br \/>\nAls wahre Liebhaber Istriens, seiner Vielfalt an Geschmack und Duft, begannen wir mit der Herstellung von hochwertigem Destillat ausschlie\u00dflich aus reinen Trauben aus eigenem Anbau..<\/span><br \/>\nMit dem Beisatz von nat\u00fcrlichen Zutaten wie Honig, Mistel, Walnuss, Tr\u00fcffel und Heidelbeere ist dieser Traubenbrand Grundstoff f\u00fcr die Herstellung einer hochwertigen Produktpalette unter dem Markennamen &#8222;<strong>Istarska kapljica<\/strong>&#8222;.<br \/>\nDie Herstellung erfolgt nicht weit vom Ort Ka\u0161telir entfernt im kleinen, vollst\u00e4ndig in unber\u00fchrter Natur eingetauchtem Dorf Cerjani, welches sicher zur erstklassigen Qualit\u00e4t der Produkte beitr\u00e4gt. &#8222;Zum Wohl&#8220;.<\/p>\n<\/div><div class=\"fusion-sep-clear\"><\/div><div class=\"fusion-separator fusion-full-width-sep\" style=\"margin-left: auto;margin-right: auto;margin-top:40px;width:100%;\"><\/div><div class=\"fusion-sep-clear\"><\/div><div class=\"fusion-clearfix\"><\/div><\/div><\/div><div class=\"fusion-layout-column fusion_builder_column fusion-builder-column-2 fusion_builder_column_1_6 1_6 fusion-one-sixth fusion-column-last\" style=\"--awb-bg-size:cover;width:16.666666666667%;width:calc(16.666666666667% - ( ( 4% + 4% ) * 0.16666666666667 ) );\"><div class=\"fusion-column-wrapper fusion-flex-column-wrapper-legacy\"><div class=\"fusion-clearfix\"><\/div><\/div><\/div><\/div><\/div><div class=\"fusion-fullwidth fullwidth-box fusion-builder-row-2 hundred-percent-fullwidth non-hundred-percent-height-scrolling\" style=\"--awb-background-position:center bottom;--awb-border-radius-top-left:0px;--awb-border-radius-top-right:0px;--awb-border-radius-bottom-right:0px;--awb-border-radius-bottom-left:0px;--awb-padding-top:0px;--awb-padding-right:0px;--awb-padding-bottom:0px;--awb-padding-left:0px;--awb-margin-top:0px;--awb-margin-bottom:0px;--awb-flex-wrap:wrap;\" ><div class=\"fusion-builder-row fusion-row\"><div class=\"fusion-layout-column fusion_builder_column fusion-builder-column-3 fusion_builder_column_1_1 1_1 fusion-one-full fusion-column-first fusion-column-last\" style=\"--awb-bg-position:left bottom;--awb-bg-repeat:repeat-x;--awb-margin-bottom:0px;\"><div class=\"fusion-column-wrapper fusion-flex-column-wrapper-legacy\"><div class=\"fusion-align-block\"><a class=\"fusion-button button-flat button-xlarge button-custom fusion-button-default button-1 fusion-button-span-yes fusion-button-default-type customButton\" style=\"--button_accent_color:#ffffff;--button_accent_hover_color:#ffffff;--button_border_hover_color:#ffffff;--button_gradient_top_color:#bca36c;--button_gradient_bottom_color:#bca36c;--button_gradient_top_color_hover:#bc984b;--button_gradient_bottom_color_hover:#bc984b;\" target=\"_self\" href=\"https:\/\/istarska-kapljica.eu\/kontakt\/\"><i class=\"fa-wine-glass fas awb-button__icon awb-button__icon--default button-icon-left\" aria-hidden=\"true\"><\/i><span class=\"fusion-button-text awb-button__text awb-button__text--default\">SIND SIE AN VERKOSTUNG INTERESSIERT? STIMMEN SIE IHREN TERMIN ZU<\/span><\/a><\/div><div class=\"fusion-clearfix\"><\/div><\/div><\/div><\/div><\/div><\/p>\n","protected":false},"excerpt":{"rendered":"","protected":false},"author":1,"featured_media":0,"parent":0,"menu_order":0,"comment_status":"closed","ping_status":"closed","template":"100-width.php","meta":{"_acf_changed":false,"footnotes":""},"class_list":["post-2373","page","type-page","status-publish","hentry"],"acf":[],"_links":{"self":[{"href":"https:\/\/istarska-kapljica.eu\/de\/wp-json\/wp\/v2\/pages\/2373","targetHints":{"allow":["GET"]}}],"collection":[{"href":"https:\/\/istarska-kapljica.eu\/de\/wp-json\/wp\/v2\/pages"}],"about":[{"href":"https:\/\/istarska-kapljica.eu\/de\/wp-json\/wp\/v2\/types\/page"}],"author":[{"embeddable":true,"href":"https:\/\/istarska-kapljica.eu\/de\/wp-json\/wp\/v2\/users\/1"}],"replies":[{"embeddable":true,"href":"https:\/\/istarska-kapljica.eu\/de\/wp-json\/wp\/v2\/comments?post=2373"}],"version-history":[{"count":6,"href":"https:\/\/istarska-kapljica.eu\/de\/wp-json\/wp\/v2\/pages\/2373\/revisions"}],"predecessor-version":[{"id":5698,"href":"https:\/\/istarska-kapljica.eu\/de\/wp-json\/wp\/v2\/pages\/2373\/revisions\/5698"}],"wp:attachment":[{"href":"https:\/\/istarska-kapljica.eu\/de\/wp-json\/wp\/v2\/media?parent=2373"}],"curies":[{"name":"wp","href":"https:\/\/api.w.org\/{rel}","templated":true}]}}