
{"id":2446,"date":"2018-08-02T13:25:29","date_gmt":"2018-08-02T11:25:29","guid":{"rendered":"https:\/\/istarska-kapljica.eu\/istarska-kapljica\/"},"modified":"2025-01-20T12:25:19","modified_gmt":"2025-01-20T11:25:19","slug":"istarska-kapljica","status":"publish","type":"page","link":"https:\/\/istarska-kapljica.eu\/de\/istarska-kapljica\/","title":{"rendered":"Istarska kapljica"},"content":{"rendered":"<div class=\"fusion-fullwidth fullwidth-box fusion-builder-row-1 nonhundred-percent-fullwidth non-hundred-percent-height-scrolling\" style=\"--awb-background-position:left top;--awb-background-repeat:repeat-x;--awb-border-sizes-top:0px;--awb-border-sizes-bottom:0px;--awb-border-sizes-left:0px;--awb-border-sizes-right:0px;--awb-border-color:#917852;--awb-border-radius-top-left:0px;--awb-border-radius-top-right:0px;--awb-border-radius-bottom-right:0px;--awb-border-radius-bottom-left:0px;--awb-padding-top:20px;--awb-padding-right:0px;--awb-padding-bottom:10px;--awb-padding-left:0px;--awb-flex-wrap:wrap;\" ><div class=\"fusion-builder-row fusion-row\"><div class=\"fusion-layout-column fusion_builder_column fusion-builder-column-0 fusion_builder_column_1_6 1_6 fusion-one-sixth fusion-column-first\" style=\"--awb-bg-size:cover;width:16.666666666667%;width:calc(16.666666666667% - ( ( 4% + 4% ) * 0.16666666666667 ) );margin-right: 4%;\"><div class=\"fusion-column-wrapper fusion-flex-column-wrapper-legacy\"><div class=\"fusion-clearfix\"><\/div><\/div><\/div><div class=\"fusion-layout-column fusion_builder_column fusion-builder-column-1 fusion_builder_column_2_3 2_3 fusion-two-third\" style=\"--awb-bg-size:cover;--awb-margin-bottom:0px;width:66.666666666667%;width:calc(66.666666666667% - ( ( 4% + 4% ) * 0.66666666666667 ) );margin-right: 4%;\"><div class=\"fusion-column-wrapper fusion-flex-column-wrapper-legacy\"><div class=\"fusion-image-element fusion-image-align-center in-legacy-container\" style=\"text-align:center;--awb-max-width:60px;--awb-caption-title-font-family:var(--h2_typography-font-family);--awb-caption-title-font-weight:var(--h2_typography-font-weight);--awb-caption-title-font-style:var(--h2_typography-font-style);--awb-caption-title-size:var(--h2_typography-font-size);--awb-caption-title-transform:var(--h2_typography-text-transform);--awb-caption-title-line-height:var(--h2_typography-line-height);--awb-caption-title-letter-spacing:var(--h2_typography-letter-spacing);\"><div class=\"imageframe-align-center\"><span class=\" fusion-imageframe imageframe-none imageframe-1 hover-type-none\"><img decoding=\"async\" width=\"40\" height=\"54\" title=\"Logo_istarska_kapljica_kap200\" src=\"https:\/\/istarska-kapljica.eu\/wp-content\/uploads\/2018\/07\/Logo_istarska_kapljica_kap200-e1580130200800.png\" alt class=\"img-responsive wp-image-1217\"\/><\/span><\/div><\/div><div class=\"fusion-sep-clear\"><\/div><div class=\"fusion-separator fusion-full-width-sep\" style=\"margin-left: auto;margin-right: auto;margin-top:20px;width:100%;\"><\/div><div class=\"fusion-sep-clear\"><\/div><div class=\"fusion-title title fusion-title-1 fusion-sep-none fusion-title-center fusion-title-text fusion-title-size-two\"><h2 class=\"fusion-title-heading title-heading-center\" style=\"margin:0;\"><span style=\"font-size: 14pt;\">EINE EINZIGARTIGE \u00a0<span style=\"color: #917852;\">ERFAHRUNG DER NATUR<\/span><\/span><\/h2><\/div><div class=\"fusion-sep-clear\"><\/div><div class=\"fusion-separator\" style=\"margin-left: auto;margin-right: auto;margin-top:8px;margin-bottom:45px;width:100%;max-width:155px;\"><div class=\"fusion-separator-border sep-single sep-solid\" style=\"--awb-height:20px;--awb-amount:20px;--awb-sep-color:#917852;border-color:#917852;border-top-width:1px;\"><\/div><\/div><div class=\"fusion-sep-clear\"><\/div><div class=\"fusion-text fusion-text-1\"><p style=\"text-align: justify;\"><span style=\"font-size: 13pt;\">Grundstoff der Produktpalette \u201eIstarska Kapljica\u201c ist Traubenbrand, hergestellt durch Destillation von angesetzter Traubenmaische und nicht wie herk\u00f6mmlich aus angesetztem Trester. Durch diese Produktionsmethode gehen alle Aromen und Bestandteile in den Brand \u00fcber, welcher obwohl vollst\u00e4ndig klar ein einzigartiges, aromatisches Dufterlebnis hinterl\u00e4sst\u00a0Zur Produktion von \u201eMedica\u201c (Traubenbrand mit Honig) wird nur reiner Honig aus den umliegenden D\u00f6rfern verwendet. Durch Beigabe von ausschlie\u00dflich nat\u00fcrlichen Zusatzstoffen wird darauf dieser Grundstoff veredelt.<\/span><\/p>\n<p>\u201eIstarska kapljica\u201c steht f\u00fcr vollkommen nat\u00fcrlichen Herstellungsprozess in welchem unsere langj\u00e4hrige Erfahrung, Geduld beim \u201ebrennen\u201c, Qualit\u00e4t der Grundstoffe, traditionelle Rezeptur, Reifezeit und letztendlich die unverkennbare Verpackung, eine gro\u00dfe Rolle spielen.<\/p>\n<\/div><div class=\"fusion-sep-clear\"><\/div><div class=\"fusion-separator fusion-full-width-sep\" style=\"margin-left: auto;margin-right: auto;margin-top:40px;width:100%;\"><\/div><div class=\"fusion-sep-clear\"><\/div><div class=\"fusion-clearfix\"><\/div><\/div><\/div><div class=\"fusion-layout-column fusion_builder_column fusion-builder-column-2 fusion_builder_column_1_6 1_6 fusion-one-sixth fusion-column-last\" style=\"--awb-bg-size:cover;width:16.666666666667%;width:calc(16.666666666667% - ( ( 4% + 4% ) * 0.16666666666667 ) );\"><div class=\"fusion-column-wrapper fusion-flex-column-wrapper-legacy\"><div class=\"fusion-clearfix\"><\/div><\/div><\/div><\/div><\/div>\n","protected":false},"excerpt":{"rendered":"","protected":false},"author":1,"featured_media":0,"parent":0,"menu_order":0,"comment_status":"closed","ping_status":"closed","template":"","meta":{"_acf_changed":false,"footnotes":""},"class_list":["post-2446","page","type-page","status-publish","hentry"],"acf":[],"_links":{"self":[{"href":"https:\/\/istarska-kapljica.eu\/de\/wp-json\/wp\/v2\/pages\/2446","targetHints":{"allow":["GET"]}}],"collection":[{"href":"https:\/\/istarska-kapljica.eu\/de\/wp-json\/wp\/v2\/pages"}],"about":[{"href":"https:\/\/istarska-kapljica.eu\/de\/wp-json\/wp\/v2\/types\/page"}],"author":[{"embeddable":true,"href":"https:\/\/istarska-kapljica.eu\/de\/wp-json\/wp\/v2\/users\/1"}],"replies":[{"embeddable":true,"href":"https:\/\/istarska-kapljica.eu\/de\/wp-json\/wp\/v2\/comments?post=2446"}],"version-history":[{"count":3,"href":"https:\/\/istarska-kapljica.eu\/de\/wp-json\/wp\/v2\/pages\/2446\/revisions"}],"predecessor-version":[{"id":5794,"href":"https:\/\/istarska-kapljica.eu\/de\/wp-json\/wp\/v2\/pages\/2446\/revisions\/5794"}],"wp:attachment":[{"href":"https:\/\/istarska-kapljica.eu\/de\/wp-json\/wp\/v2\/media?parent=2446"}],"curies":[{"name":"wp","href":"https:\/\/api.w.org\/{rel}","templated":true}]}}