
{"id":2471,"date":"2019-11-20T11:19:02","date_gmt":"2019-11-20T10:19:02","guid":{"rendered":"https:\/\/istarska-kapljica.eu\/nagrade-2\/"},"modified":"2022-06-30T08:04:39","modified_gmt":"2022-06-30T06:04:39","slug":"nagrade-2","status":"publish","type":"page","link":"https:\/\/istarska-kapljica.eu\/de\/nagrade-2\/","title":{"rendered":"Preise"},"content":{"rendered":"<p><div class=\"fusion-fullwidth fullwidth-box fusion-builder-row-1 fusion-parallax-none nonhundred-percent-fullwidth non-hundred-percent-height-scrolling\" style=\"--awb-border-radius-top-left:0px;--awb-border-radius-top-right:0px;--awb-border-radius-bottom-right:0px;--awb-border-radius-bottom-left:0px;--awb-padding-top:16%;--awb-padding-bottom:16%;--awb-background-color:#151e31;--awb-background-image:url(&quot;https:\/\/istarska-kapljica.eu\/wp-content\/uploads\/2020\/06\/Nagrade_Pozadina-kraca-1.jpg&quot;);--awb-background-size:cover;--awb-flex-wrap:wrap;\" ><div class=\"fusion-builder-row fusion-row\"><div class=\"fusion-layout-column fusion_builder_column fusion-builder-column-0 fusion_builder_column_1_2 1_2 fusion-one-half fusion-column-first\" style=\"--awb-bg-size:cover;width:50%;width:calc(50% - ( ( 4% ) * 0.5 ) );margin-right: 4%;\"><div class=\"fusion-column-wrapper fusion-column-has-shadow fusion-flex-column-wrapper-legacy\"><div class=\"fusion-title title fusion-title-1 fusion-sep-none fusion-title-text fusion-title-size-one\" style=\"--awb-font-size:30px;\"><h1 class=\"fusion-title-heading title-heading-left\" style=\"margin:0;font-size:1em;\"><p style=\"text-align: center;\"><span style=\"color: #574531;\"><strong>Der meistausgezeichnete istrianische Grappa. In 9 Jahren 99 Medaillen.<\/strong><\/span><\/p><\/h1><\/div><div class=\"fusion-fa-align-center\"><i class=\"fb-icon-element-1 fb-icon-element fontawesome-icon fa-angle-down fas circle-yes\" style=\"--awb-iconcolor:#f3e7ab;--awb-iconcolor-hover:#f3e7ab;--awb-circlecolor:#574532;--awb-circlecolor-hover:#574532;--awb-circlebordercolor:rgba(51,51,51,0);--awb-circlebordercolor-hover:rgba(51,51,51,0);--awb-circlebordersize:1px;--awb-font-size:21.12px;--awb-width:42.24px;--awb-height:42.24px;--awb-line-height:40.24px;\"><\/i><\/div><div class=\"fusion-clearfix\"><\/div><\/div><\/div><\/div><\/div><div class=\"fusion-fullwidth fullwidth-box fusion-builder-row-2 nonhundred-percent-fullwidth non-hundred-percent-height-scrolling\" style=\"--awb-background-position:left top;--awb-background-repeat:repeat-x;--awb-border-sizes-top:0px;--awb-border-sizes-bottom:0px;--awb-border-sizes-left:0px;--awb-border-sizes-right:0px;--awb-border-color:#917852;--awb-border-radius-top-left:0px;--awb-border-radius-top-right:0px;--awb-border-radius-bottom-right:0px;--awb-border-radius-bottom-left:0px;--awb-padding-top:20px;--awb-padding-right:0px;--awb-padding-bottom:10px;--awb-padding-left:0px;--awb-flex-wrap:wrap;\" ><div class=\"fusion-builder-row fusion-row\"><div class=\"fusion-layout-column fusion_builder_column fusion-builder-column-1 fusion_builder_column_1_6 1_6 fusion-one-sixth fusion-column-first\" style=\"--awb-bg-size:cover;width:16.666666666667%;width:calc(16.666666666667% - ( ( 4% + 4% ) * 0.16666666666667 ) );margin-right: 4%;\"><div class=\"fusion-column-wrapper fusion-flex-column-wrapper-legacy\"><div class=\"fusion-clearfix\"><\/div><\/div><\/div><div class=\"fusion-layout-column fusion_builder_column fusion-builder-column-2 fusion_builder_column_2_3 2_3 fusion-two-third\" style=\"--awb-bg-size:cover;--awb-margin-bottom:0px;width:66.666666666667%;width:calc(66.666666666667% - ( ( 4% + 4% ) * 0.66666666666667 ) );margin-right: 4%;\"><div class=\"fusion-column-wrapper fusion-flex-column-wrapper-legacy\"><div class=\"fusion-image-element fusion-image-align-center in-legacy-container\" style=\"text-align:center;--awb-max-width:60px;--awb-caption-title-font-family:var(--h2_typography-font-family);--awb-caption-title-font-weight:var(--h2_typography-font-weight);--awb-caption-title-font-style:var(--h2_typography-font-style);--awb-caption-title-size:var(--h2_typography-font-size);--awb-caption-title-transform:var(--h2_typography-text-transform);--awb-caption-title-line-height:var(--h2_typography-line-height);--awb-caption-title-letter-spacing:var(--h2_typography-letter-spacing);\"><div class=\"imageframe-align-center\"><span class=\" fusion-imageframe imageframe-none imageframe-1 hover-type-none\"><img decoding=\"async\" width=\"40\" height=\"54\" title=\"Logo_istarska_kapljica_kap200\" src=\"https:\/\/istarska-kapljica.eu\/wp-content\/uploads\/2018\/07\/Logo_istarska_kapljica_kap200-e1580130200800.png\" alt class=\"img-responsive wp-image-1217\"\/><\/span><\/div><\/div><div class=\"fusion-sep-clear\"><\/div><div class=\"fusion-separator fusion-full-width-sep\" style=\"margin-left: auto;margin-right: auto;margin-top:10px;width:100%;\"><\/div><div class=\"fusion-sep-clear\"><\/div><div class=\"fusion-title title fusion-title-2 fusion-sep-none fusion-title-center fusion-title-text fusion-title-size-one\"><h1 class=\"fusion-title-heading title-heading-center\" style=\"margin:0;\"><h3><span style=\"font-size: 14pt;\"><span style=\"color: #917852;\">Preise 2013. &#8211; 2022.<\/span><\/span><\/h3><\/h1><\/div><div class=\"fusion-sep-clear\"><\/div><div class=\"fusion-separator\" style=\"margin-left: auto;margin-right: auto;margin-top:8px;margin-bottom:45px;width:100%;max-width:155px;\"><div class=\"fusion-separator-border sep-single sep-solid\" style=\"--awb-height:20px;--awb-amount:20px;--awb-sep-color:#917852;border-color:#917852;border-top-width:1px;\"><\/div><\/div><div class=\"fusion-sep-clear\"><\/div><div class=\"fusion-text fusion-text-1\"><p style=\"text-align: justify;\">Mit den besonderen Aromen unserer Br\u00e4nde bringen wir einen Teil der Anstrengungen, die wir w\u00e4hrend der Produktion unternommen haben, in die W\u00e4rme Ihres Hauses. Jede Jahreszeit hat ihren eigenen Charme und bringt neben verschiedenen Emotionen auch Zutaten mit, die wir sorgf\u00e4ltig ausw\u00e4hlen, um nur das Beste auf Ihren Tisch zu bringen. Unsere Br\u00e4nde zeichnen sich durch h\u00f6chste Qualit\u00e4t aus, weshalb Sie sich sicherlich noch lange an sie erinnern werden.<\/p>\n<p style=\"text-align: justify;\">Um unsere m\u00fchevolle Arbeit und unser Engagement unter Beweis zu stellen, stellen wir unsere Produkte seit Jahren professionellen Verkostern vor und \u00fcberlassen sie deren ernsthaftem und professionellem Urteil. Erlauben Sie uns zu erw\u00e4hnen, dass wir sie immer wieder mit der Qualit\u00e4t unserer Produkte begeistern. Schon jahrelang werden unsere Br\u00e4nde und Lik\u00f6re als einzigartige Spitzenprodukte eingestuft, was letztendlich durch Verleihung zahlreichen Medaillen bei \u201eVinistra\u201c der gr\u00f6\u00dften Wein und Spirituosen Ausstellung in der Region und beim Hum Festival of Spirits bezeugt wird.<\/p>\n<p style=\"text-align: justify;\">Der Erfolg das unsere Produkte jedes Jahr mit solch einer gro\u00dfen Anzahl von Gold- und Silbermedaillen ausgezeichnet werden macht uns sehr stolz und ist in solch einem Umfang bisher noch keinem Spirituosen Hersteller aus Istrien gelungen. Die gr\u00f6\u00dfte Befriedigung ist jedoch das wir unsere Liebe zu Brandys mit vielen Kunden teilen k\u00f6nnen und die Tatsache dass uns diese weiterempfehlen und viele von ihnen wiederkommen, um mehr \u00fcber unsere Traubenschnaps Brennerei zu erfahren.<\/p>\n<\/div><div class=\"fusion-image-element fusion-image-align-center in-legacy-container\" style=\"text-align:center;--awb-max-width:600px;--awb-caption-title-font-family:var(--h2_typography-font-family);--awb-caption-title-font-weight:var(--h2_typography-font-weight);--awb-caption-title-font-style:var(--h2_typography-font-style);--awb-caption-title-size:var(--h2_typography-font-size);--awb-caption-title-transform:var(--h2_typography-text-transform);--awb-caption-title-line-height:var(--h2_typography-line-height);--awb-caption-title-letter-spacing:var(--h2_typography-letter-spacing);\"><div class=\"imageframe-align-center\"><span class=\" fusion-imageframe imageframe-none imageframe-2 hover-type-none\"><img decoding=\"async\" width=\"800\" height=\"258\" alt=\"IK_medalija_Frankfurt_A\" title=\"IK_medalija_Frankfurt_A\" src=\"https:\/\/istarska-kapljica.eu\/wp-content\/uploads\/2022\/06\/IK_medalija_Frankfurt_A.png\" class=\"img-responsive wp-image-3935\" srcset=\"https:\/\/istarska-kapljica.eu\/wp-content\/uploads\/2022\/06\/IK_medalija_Frankfurt_A-200x65.png 200w, https:\/\/istarska-kapljica.eu\/wp-content\/uploads\/2022\/06\/IK_medalija_Frankfurt_A-400x129.png 400w, https:\/\/istarska-kapljica.eu\/wp-content\/uploads\/2022\/06\/IK_medalija_Frankfurt_A-600x194.png 600w, https:\/\/istarska-kapljica.eu\/wp-content\/uploads\/2022\/06\/IK_medalija_Frankfurt_A.png 800w\" sizes=\"(max-width: 800px) 100vw, 800px\" \/><\/span><\/div><\/div><div class=\"fusion-sep-clear\"><\/div><div class=\"fusion-separator fusion-full-width-sep\" style=\"margin-left: auto;margin-right: auto;margin-top:30px;width:100%;\"><\/div><div class=\"fusion-sep-clear\"><\/div><div class=\"fusion-clearfix\"><\/div><\/div><\/div><div class=\"fusion-layout-column fusion_builder_column fusion-builder-column-3 fusion_builder_column_1_6 1_6 fusion-one-sixth fusion-column-last\" style=\"--awb-bg-size:cover;width:16.666666666667%;width:calc(16.666666666667% - ( ( 4% + 4% ) * 0.16666666666667 ) );\"><div class=\"fusion-column-wrapper fusion-flex-column-wrapper-legacy\"><div class=\"fusion-clearfix\"><\/div><\/div><\/div><div class=\"fusion-layout-column fusion_builder_column fusion-builder-column-4 fusion_builder_column_1_4 1_4 fusion-one-fourth fusion-column-first\" style=\"--awb-bg-size:cover;width:25%;width:calc(25% - ( ( 4% + 4% ) * 0.25 ) );margin-right: 4%;\"><div class=\"fusion-column-wrapper fusion-column-has-shadow fusion-flex-column-wrapper-legacy\"><div class=\"fusion-clearfix\"><\/div><\/div><\/div><div class=\"fusion-layout-column fusion_builder_column fusion-builder-column-5 fusion_builder_column_1_2 1_2 fusion-one-half\" style=\"--awb-bg-size:cover;width:50%;width:calc(50% - ( ( 4% + 4% ) * 0.5 ) );margin-right: 4%;\"><div class=\"fusion-column-wrapper fusion-column-has-shadow fusion-flex-column-wrapper-legacy\"><div class=\"fusion-content-boxes content-boxes columns row fusion-columns-1 fusion-columns-total-8 fusion-content-boxes-1 content-boxes-timeline-vertical content-left content-boxes-timeline-layout content-boxes-icon-with-title fusion-delayed-animation\" style=\"--awb-hover-accent-color:#d8ad00;--awb-circle-hover-accent-color:#d8ad00;--awb-item-margin-bottom:40px;\" data-animation-delay=\"350\" data-animationOffset=\"top-into-view\"><div style=\"--awb-backgroundcolor:rgba(255,255,255,0);--awb-content-padding-left:64px;\" class=\"fusion-column content-box-column content-box-column content-box-column-1 col-lg-12 col-md-12 col-sm-12 fusion-content-box-hover content-box-column-last-in-row\"><div class=\"col content-box-wrapper content-wrapper link-area-link-icon icon-hover-animation-fade fusion-animated\" data-animationType=\"fadeIn\" data-animationDuration=\"0.25\" data-animationOffset=\"top-into-view\"><div class=\"heading heading-with-icon icon-left\"><div class=\"icon\" style=\"-webkit-animation-duration: 350ms;animation-duration: 350ms;\"><i style=\"border-color:#333333;border-width:1px;background-color:#333333;box-sizing:content-box;height:42px;width:42px;line-height:42px;border-radius:50%;font-size:21px;\" aria-hidden=\"true\" class=\"fontawesome-icon fa-trophy fas circle-yes\"><\/i><\/div><h2 class=\"content-box-heading\" style=\"--h2_typography-font-size:30px;line-height:35px;\">2022.<\/h2><\/div><div class=\"fusion-clearfix\"><\/div><div class=\"content-container\">FRANKFURT INTERNATIONAL TROPHY &#8211; Nono Eufemio &#8211; GOLD<br \/>\nFRANKFURT INTERNATIONAL TROPHY &#8211; GIN Flying Goat &#8211; GOLD<br \/>\nFRANKFURT INTERNATIONAL TROPHY &#8211; Rakija &#8211; GOLD<\/div><div class=\"content-box-shortcode-timeline-vertical\" style=\"border-color:#333333;left:36px;top:21px;-webkit-transition-duration: 350ms;animation-duration: 350ms;\"><\/div><\/div><\/div><div style=\"--awb-backgroundcolor:rgba(255,255,255,0);--awb-content-padding-left:64px;\" class=\"fusion-column content-box-column content-box-column content-box-column-2 col-lg-12 col-md-12 col-sm-12 fusion-content-box-hover content-box-column-last-in-row\"><div class=\"col content-box-wrapper content-wrapper link-area-link-icon icon-hover-animation-fade fusion-animated\" data-animationType=\"fadeIn\" data-animationDuration=\"0.25\" data-animationOffset=\"top-into-view\"><div class=\"heading heading-with-icon icon-left\"><div class=\"icon\" style=\"-webkit-animation-duration: 350ms;animation-duration: 350ms;\"><i style=\"border-color:#333333;border-width:1px;background-color:#333333;box-sizing:content-box;height:42px;width:42px;line-height:42px;border-radius:50%;font-size:21px;\" aria-hidden=\"true\" class=\"fontawesome-icon fa-trophy fas circle-yes\"><\/i><\/div><h2 class=\"content-box-heading\" style=\"--h2_typography-font-size:30px;line-height:35px;\">2019.<\/h2><\/div><div class=\"fusion-clearfix\"><\/div><div class=\"content-container\"><strong>26. Vinistra:<\/strong> 6 x Gold, 4 x Silber<br \/>\n<strong>19. Smotra doma\u0107ih rakija Istre:<\/strong> 6 x Gold, 3 x Silber und 1 x Bronze<\/div><div class=\"content-box-shortcode-timeline-vertical\" style=\"border-color:#333333;left:36px;top:21px;-webkit-transition-duration: 350ms;animation-duration: 350ms;\"><\/div><\/div><\/div><div style=\"--awb-backgroundcolor:rgba(255,255,255,0);--awb-content-padding-left:64px;\" class=\"fusion-column content-box-column content-box-column content-box-column-3 col-lg-12 col-md-12 col-sm-12 fusion-content-box-hover content-box-column-last-in-row\"><div class=\"col content-box-wrapper content-wrapper link-area-link-icon icon-hover-animation-fade fusion-animated\" data-animationType=\"fadeIn\" data-animationDuration=\"0.25\" data-animationOffset=\"top-into-view\"><div class=\"heading heading-with-icon icon-left\"><div class=\"icon\" style=\"-webkit-animation-duration: 350ms;animation-duration: 350ms;\"><i style=\"border-color:#333333;border-width:1px;background-color:#333333;box-sizing:content-box;height:42px;width:42px;line-height:42px;border-radius:50%;font-size:21px;\" aria-hidden=\"true\" class=\"fontawesome-icon fa-trophy fas circle-yes\"><\/i><\/div><h2 class=\"content-box-heading\" style=\"--h2_typography-font-size:30px;line-height:35px;\">2018.<\/h2><\/div><div class=\"fusion-clearfix\"><\/div><div class=\"content-container\"><strong>25. Vinistra:<\/strong>\u00a03 x Gold, 5 x Silber und 1 x Bronze<\/div><div class=\"content-box-shortcode-timeline-vertical\" style=\"border-color:#333333;left:36px;top:21px;-webkit-transition-duration: 350ms;animation-duration: 350ms;\"><\/div><\/div><\/div><div style=\"--awb-backgroundcolor:rgba(255,255,255,0);--awb-content-padding-left:64px;\" class=\"fusion-column content-box-column content-box-column content-box-column-4 col-lg-12 col-md-12 col-sm-12 fusion-content-box-hover content-box-column-last-in-row\"><div class=\"col content-box-wrapper content-wrapper link-area-link-icon icon-hover-animation-fade fusion-animated\" data-animationType=\"fadeIn\" data-animationDuration=\"0.25\" data-animationOffset=\"top-into-view\"><div class=\"heading heading-with-icon icon-left\"><div class=\"icon\" style=\"-webkit-animation-duration: 350ms;animation-duration: 350ms;\"><i style=\"border-color:#333333;border-width:1px;background-color:#333333;box-sizing:content-box;height:42px;width:42px;line-height:42px;border-radius:50%;font-size:21px;\" aria-hidden=\"true\" class=\"fontawesome-icon fa-trophy fas circle-yes\"><\/i><\/div><h2 class=\"content-box-heading\" style=\"--h2_typography-font-size:30px;line-height:35px;\">2017.<\/h2><\/div><div class=\"fusion-clearfix\"><\/div><div class=\"content-container\"><strong>24. Vinistra:<\/strong>\u00a02 x Gold, 6 x Silber und 3 x Bronze<\/div><div class=\"content-box-shortcode-timeline-vertical\" style=\"border-color:#333333;left:36px;top:21px;-webkit-transition-duration: 350ms;animation-duration: 350ms;\"><\/div><\/div><\/div><div style=\"--awb-backgroundcolor:rgba(255,255,255,0);--awb-content-padding-left:64px;\" class=\"fusion-column content-box-column content-box-column content-box-column-5 col-lg-12 col-md-12 col-sm-12 fusion-content-box-hover content-box-column-last-in-row\"><div class=\"col content-box-wrapper content-wrapper link-area-link-icon icon-hover-animation-fade fusion-animated\" data-animationType=\"fadeIn\" data-animationDuration=\"0.25\" data-animationOffset=\"top-into-view\"><div class=\"heading heading-with-icon icon-left\"><div class=\"icon\" style=\"-webkit-animation-duration: 350ms;animation-duration: 350ms;\"><i style=\"border-color:#333333;border-width:1px;background-color:#333333;box-sizing:content-box;height:42px;width:42px;line-height:42px;border-radius:50%;font-size:21px;\" aria-hidden=\"true\" class=\"fontawesome-icon fa-trophy fas circle-yes\"><\/i><\/div><h2 class=\"content-box-heading\" style=\"--h2_typography-font-size:30px;line-height:35px;\">2016.<\/h2><\/div><div class=\"fusion-clearfix\"><\/div><div class=\"content-container\"><strong>23. Vinistra:<\/strong>\u00a03 x Gold, 4 x Silber und 1 x Bronze<br \/>\n<strong>16. Smotra doma\u0107ih rakija Istre: <\/strong>3 x Gold<\/div><div class=\"content-box-shortcode-timeline-vertical\" style=\"border-color:#333333;left:36px;top:21px;-webkit-transition-duration: 350ms;animation-duration: 350ms;\"><\/div><\/div><\/div><div style=\"--awb-backgroundcolor:rgba(255,255,255,0);--awb-content-padding-left:64px;\" class=\"fusion-column content-box-column content-box-column content-box-column-6 col-lg-12 col-md-12 col-sm-12 fusion-content-box-hover content-box-column-last-in-row\"><div class=\"col content-box-wrapper content-wrapper link-area-link-icon icon-hover-animation-fade fusion-animated\" data-animationType=\"fadeIn\" data-animationDuration=\"0.25\" data-animationOffset=\"top-into-view\"><div class=\"heading heading-with-icon icon-left\"><div class=\"icon\" style=\"-webkit-animation-duration: 350ms;animation-duration: 350ms;\"><i style=\"border-color:#333333;border-width:1px;background-color:#333333;box-sizing:content-box;height:42px;width:42px;line-height:42px;border-radius:50%;font-size:21px;\" aria-hidden=\"true\" class=\"fontawesome-icon fa-trophy fas circle-yes\"><\/i><\/div><h2 class=\"content-box-heading\" style=\"--h2_typography-font-size:30px;line-height:35px;\">2015.<\/h2><\/div><div class=\"fusion-clearfix\"><\/div><div class=\"content-container\"><strong>22. Vinistra:<\/strong>\u00a01 x Gold, 2 x Silber und 1 x Bronze<br \/>\n<strong>16. Smotra doma\u0107ih rakija Istre: <\/strong>2 x Gold i 1 x Silber<\/div><div class=\"content-box-shortcode-timeline-vertical\" style=\"border-color:#333333;left:36px;top:21px;-webkit-transition-duration: 350ms;animation-duration: 350ms;\"><\/div><\/div><\/div><div style=\"--awb-backgroundcolor:rgba(255,255,255,0);--awb-content-padding-left:64px;\" class=\"fusion-column content-box-column content-box-column content-box-column-7 col-lg-12 col-md-12 col-sm-12 fusion-content-box-hover content-box-column-last-in-row\"><div class=\"col content-box-wrapper content-wrapper link-area-link-icon icon-hover-animation-fade fusion-animated\" data-animationType=\"fadeIn\" data-animationDuration=\"0.25\" data-animationOffset=\"top-into-view\"><div class=\"heading heading-with-icon icon-left\"><div class=\"icon\" style=\"-webkit-animation-duration: 350ms;animation-duration: 350ms;\"><i style=\"border-color:#333333;border-width:1px;background-color:#333333;box-sizing:content-box;height:42px;width:42px;line-height:42px;border-radius:50%;font-size:21px;\" aria-hidden=\"true\" class=\"fontawesome-icon fa-trophy fas circle-yes\"><\/i><\/div><h2 class=\"content-box-heading\" style=\"--h2_typography-font-size:30px;line-height:35px;\">2014.<\/h2><\/div><div class=\"fusion-clearfix\"><\/div><div class=\"content-container\"><strong>21. Vinistra:<\/strong>\u00a01 x Gold, 2 x Silber und 1 x Bronze<br \/>\n<strong>16. Smotra doma\u0107ih rakija Istre: <\/strong>1 x Silber und 1 x Bronze<br \/>\n<strong>Dani op\u0107ine Kalinovac:\u00a0<\/strong>1 x Gold und 2 x Bronze<\/div><div class=\"content-box-shortcode-timeline-vertical\" style=\"border-color:#333333;left:36px;top:21px;-webkit-transition-duration: 350ms;animation-duration: 350ms;\"><\/div><\/div><\/div><div style=\"--awb-backgroundcolor:rgba(255,255,255,0);--awb-content-padding-left:64px;\" class=\"fusion-column content-box-column content-box-column content-box-column-8 col-lg-12 col-md-12 col-sm-12 fusion-content-box-hover content-box-column-last content-box-column-last-in-row\"><div class=\"col content-box-wrapper content-wrapper link-area-link-icon icon-hover-animation-fade fusion-animated\" data-animationType=\"fadeIn\" data-animationDuration=\"0.25\" data-animationOffset=\"top-into-view\"><div class=\"heading heading-with-icon icon-left\"><div class=\"icon\" style=\"-webkit-animation-duration: 350ms;animation-duration: 350ms;\"><i style=\"border-color:#333333;border-width:1px;background-color:#333333;box-sizing:content-box;height:42px;width:42px;line-height:42px;border-radius:50%;font-size:21px;\" aria-hidden=\"true\" class=\"fontawesome-icon fa-trophy fas circle-yes\"><\/i><\/div><h2 class=\"content-box-heading\" style=\"--h2_typography-font-size:30px;line-height:35px;\">2013.<\/h2><\/div><div class=\"fusion-clearfix\"><\/div><div class=\"content-container\"><strong>Dani op\u0107ine Kalinovac:\u00a0<\/strong>1 x Gold<\/div><div class=\"content-box-shortcode-timeline-vertical\" style=\"border-color:#333333;left:36px;top:21px;-webkit-transition-duration: 350ms;animation-duration: 350ms;\"><\/div><\/div><\/div><div class=\"fusion-clearfix\"><\/div><\/div><div class=\"fusion-clearfix\"><\/div><\/div><\/div><div class=\"fusion-layout-column fusion_builder_column fusion-builder-column-6 fusion_builder_column_1_4 1_4 fusion-one-fourth fusion-column-last\" style=\"--awb-bg-size:cover;width:25%;width:calc(25% - ( ( 4% + 4% ) * 0.25 ) );\"><div class=\"fusion-column-wrapper fusion-column-has-shadow fusion-flex-column-wrapper-legacy\"><div class=\"fusion-clearfix\"><\/div><\/div><\/div><\/div><\/div><div class=\"fusion-fullwidth fullwidth-box fusion-builder-row-3 nonhundred-percent-fullwidth non-hundred-percent-height-scrolling\" style=\"--awb-border-radius-top-left:0px;--awb-border-radius-top-right:0px;--awb-border-radius-bottom-right:0px;--awb-border-radius-bottom-left:0px;--awb-padding-top:30px;--awb-background-color:#151e31;--awb-flex-wrap:wrap;\" ><div class=\"fusion-builder-row fusion-row\"><div class=\"fusion-layout-column fusion_builder_column fusion-builder-column-7 fusion_builder_column_1_1 1_1 fusion-one-full fusion-column-first fusion-column-last\" style=\"--awb-bg-size:cover;\"><div class=\"fusion-column-wrapper fusion-column-has-shadow fusion-flex-column-wrapper-legacy\"><div class=\"fusion-image-element in-legacy-container\" style=\"--awb-caption-title-font-family:var(--h2_typography-font-family);--awb-caption-title-font-weight:var(--h2_typography-font-weight);--awb-caption-title-font-style:var(--h2_typography-font-style);--awb-caption-title-size:var(--h2_typography-font-size);--awb-caption-title-transform:var(--h2_typography-text-transform);--awb-caption-title-line-height:var(--h2_typography-line-height);--awb-caption-title-letter-spacing:var(--h2_typography-letter-spacing);\"><span class=\" fusion-imageframe imageframe-none imageframe-3 hover-type-none\"><img decoding=\"async\" width=\"1920\" height=\"606\" title=\"Nagrade_naslovna1\" src=\"https:\/\/istarska-kapljica.eu\/wp-content\/uploads\/2019\/11\/Nagrade_naslovna1.jpg\" alt class=\"img-responsive wp-image-2472\" srcset=\"https:\/\/istarska-kapljica.eu\/wp-content\/uploads\/2019\/11\/Nagrade_naslovna1-200x63.jpg 200w, https:\/\/istarska-kapljica.eu\/wp-content\/uploads\/2019\/11\/Nagrade_naslovna1-400x126.jpg 400w, https:\/\/istarska-kapljica.eu\/wp-content\/uploads\/2019\/11\/Nagrade_naslovna1-600x189.jpg 600w, https:\/\/istarska-kapljica.eu\/wp-content\/uploads\/2019\/11\/Nagrade_naslovna1-800x253.jpg 800w, https:\/\/istarska-kapljica.eu\/wp-content\/uploads\/2019\/11\/Nagrade_naslovna1-1200x379.jpg 1200w, https:\/\/istarska-kapljica.eu\/wp-content\/uploads\/2019\/11\/Nagrade_naslovna1.jpg 1920w\" sizes=\"(max-width: 800px) 100vw, 1200px\" \/><\/span><\/div><div class=\"fusion-clearfix\"><\/div><\/div><\/div><\/div><\/div><\/p>\n","protected":false},"excerpt":{"rendered":"","protected":false},"author":1,"featured_media":0,"parent":0,"menu_order":0,"comment_status":"closed","ping_status":"closed","template":"100-width.php","meta":{"_acf_changed":false,"footnotes":""},"class_list":["post-2471","page","type-page","status-publish","hentry"],"acf":[],"_links":{"self":[{"href":"https:\/\/istarska-kapljica.eu\/de\/wp-json\/wp\/v2\/pages\/2471","targetHints":{"allow":["GET"]}}],"collection":[{"href":"https:\/\/istarska-kapljica.eu\/de\/wp-json\/wp\/v2\/pages"}],"about":[{"href":"https:\/\/istarska-kapljica.eu\/de\/wp-json\/wp\/v2\/types\/page"}],"author":[{"embeddable":true,"href":"https:\/\/istarska-kapljica.eu\/de\/wp-json\/wp\/v2\/users\/1"}],"replies":[{"embeddable":true,"href":"https:\/\/istarska-kapljica.eu\/de\/wp-json\/wp\/v2\/comments?post=2471"}],"version-history":[{"count":11,"href":"https:\/\/istarska-kapljica.eu\/de\/wp-json\/wp\/v2\/pages\/2471\/revisions"}],"predecessor-version":[{"id":3993,"href":"https:\/\/istarska-kapljica.eu\/de\/wp-json\/wp\/v2\/pages\/2471\/revisions\/3993"}],"wp:attachment":[{"href":"https:\/\/istarska-kapljica.eu\/de\/wp-json\/wp\/v2\/media?parent=2471"}],"curies":[{"name":"wp","href":"https:\/\/api.w.org\/{rel}","templated":true}]}}