
{"id":2548,"date":"2020-06-05T12:09:37","date_gmt":"2020-06-05T10:09:37","guid":{"rendered":"https:\/\/istarska-kapljica.eu\/maslinovo-ulje\/"},"modified":"2024-01-22T14:31:24","modified_gmt":"2024-01-22T13:31:24","slug":"maslinovo-ulje","status":"publish","type":"page","link":"https:\/\/istarska-kapljica.eu\/de\/maslinovo-ulje\/","title":{"rendered":"Oliven\u00f6l"},"content":{"rendered":"<div class=\"fusion-fullwidth fullwidth-box fusion-builder-row-1 nonhundred-percent-fullwidth non-hundred-percent-height-scrolling\" style=\"--awb-background-position:center bottom;--awb-border-radius-top-left:0px;--awb-border-radius-top-right:0px;--awb-border-radius-bottom-right:0px;--awb-border-radius-bottom-left:0px;--awb-padding-top:50px;--awb-padding-right:8%;--awb-padding-bottom:50px;--awb-padding-left:5%;--awb-background-color:#ffffff;--awb-flex-wrap:wrap;\" ><div class=\"fusion-builder-row fusion-row\"><div class=\"fusion-layout-column fusion_builder_column fusion-builder-column-0 fusion_builder_column_1_2 1_2 fusion-one-half fusion-column-first\" style=\"--awb-padding-right:7%;--awb-bg-size:cover;--awb-margin-bottom:0px;width:50%;width:calc(50% - ( ( 0px ) * 0.5 ) );margin-right: 0px;\"><div class=\"fusion-column-wrapper fusion-flex-column-wrapper-legacy\"><div class=\"fusion-image-element fusion-image-align-center in-legacy-container\" style=\"text-align:center;--awb-max-width:500px;--awb-caption-title-font-family:var(--h2_typography-font-family);--awb-caption-title-font-weight:var(--h2_typography-font-weight);--awb-caption-title-font-style:var(--h2_typography-font-style);--awb-caption-title-size:var(--h2_typography-font-size);--awb-caption-title-transform:var(--h2_typography-text-transform);--awb-caption-title-line-height:var(--h2_typography-line-height);--awb-caption-title-letter-spacing:var(--h2_typography-letter-spacing);\"><div class=\"imageframe-align-center\"><span class=\" fusion-imageframe imageframe-none imageframe-1 hover-type-none\"><img decoding=\"async\" width=\"1000\" height=\"1000\" title=\"Slika maslinovo ulje 0,25-0,50-3,00\" src=\"https:\/\/istarska-kapljica.eu\/wp-content\/uploads\/2020\/06\/Slika-maslinovo-ulje-025-050-300.jpg\" alt class=\"img-responsive wp-image-4893\" srcset=\"https:\/\/istarska-kapljica.eu\/wp-content\/uploads\/2020\/06\/Slika-maslinovo-ulje-025-050-300-200x200.jpg 200w, https:\/\/istarska-kapljica.eu\/wp-content\/uploads\/2020\/06\/Slika-maslinovo-ulje-025-050-300-400x400.jpg 400w, https:\/\/istarska-kapljica.eu\/wp-content\/uploads\/2020\/06\/Slika-maslinovo-ulje-025-050-300-600x600.jpg 600w, https:\/\/istarska-kapljica.eu\/wp-content\/uploads\/2020\/06\/Slika-maslinovo-ulje-025-050-300-800x800.jpg 800w, https:\/\/istarska-kapljica.eu\/wp-content\/uploads\/2020\/06\/Slika-maslinovo-ulje-025-050-300.jpg 1000w\" sizes=\"(max-width: 800px) 100vw, 600px\" \/><\/span><\/div><\/div><div class=\"fusion-clearfix\"><\/div><\/div><\/div><div class=\"fusion-layout-column fusion_builder_column fusion-builder-column-1 fusion_builder_column_1_2 1_2 fusion-one-half fusion-column-last\" style=\"--awb-bg-size:cover;--awb-margin-bottom:0px;width:50%;width:calc(50% - ( ( 0px ) * 0.5 ) );\"><div class=\"fusion-column-wrapper fusion-flex-column-wrapper-legacy\"><div class=\"fusion-sep-clear\"><\/div><div class=\"fusion-separator fusion-full-width-sep\" style=\"margin-left: auto;margin-right: auto;margin-top:20px;width:100%;\"><\/div><div class=\"fusion-sep-clear\"><\/div><div class=\"fusion-image-element fusion-image-align-center in-legacy-container\" style=\"text-align:center;--awb-max-width:130px;--awb-caption-title-font-family:var(--h2_typography-font-family);--awb-caption-title-font-weight:var(--h2_typography-font-weight);--awb-caption-title-font-style:var(--h2_typography-font-style);--awb-caption-title-size:var(--h2_typography-font-size);--awb-caption-title-transform:var(--h2_typography-text-transform);--awb-caption-title-line-height:var(--h2_typography-line-height);--awb-caption-title-letter-spacing:var(--h2_typography-letter-spacing);\"><div class=\"imageframe-align-center\"><span class=\" fusion-imageframe imageframe-none imageframe-2 hover-type-none\"><img decoding=\"async\" width=\"209\" height=\"258\" title=\"mas_ulje\" src=\"https:\/\/istarska-kapljica.eu\/wp-content\/uploads\/2020\/06\/mas_ulje.png\" alt class=\"img-responsive wp-image-2589\" srcset=\"https:\/\/istarska-kapljica.eu\/wp-content\/uploads\/2020\/06\/mas_ulje-200x247.png 200w, https:\/\/istarska-kapljica.eu\/wp-content\/uploads\/2020\/06\/mas_ulje.png 209w\" sizes=\"(max-width: 800px) 100vw, 209px\" \/><\/span><\/div><\/div><div class=\"fusion-text fusion-text-1\"><p style=\"text-align: justify;\"><strong>Neu in unserem Angebot!<\/strong> Hochwertiges extra natives Oliven\u00f6l, hergestellt durch Kaltpressen von Oliven aus unseren Olivenhainen. Derzeit ist eine Mischung aus extra nativen \u00d6len der Sorten Leccino, Pendolino und Istarska bijelica erh\u00e4ltlich. Als solche erzeugt dieses Spitzenprodukt eine spezifische Harmonie des Geschmacks am Gaumen. Dieses hochwertige \u00d6l zeichnet sich durch eine gelbgoldene Farbe mit dezenten Gr\u00fcnt\u00f6nen aus. Geschmack und Aroma erinnern an frische Olivenfr\u00fcchte und gr\u00fcnes Gras. Mit seiner m\u00e4\u00dfigen Bitterkeit und Sch\u00e4rfe passt es gut zu Gerichten wie rohem Fisch, verschiedenen Salaten sowie Gem\u00fcse und K\u00e4se.<\/p>\n<\/div><div class=\"fusion-aligncenter\"><a class=\"fusion-button button-flat fusion-button-default-size button-default fusion-button-default button-1 fusion-button-default-span fusion-button-default-type\" target=\"_self\" href=\"https:\/\/istarska-kapljica.eu\/proizvod\/ekstra-djevicansko-maslinovo-ulje\/\"><span class=\"fusion-button-text awb-button__text awb-button__text--default\">KAUFEN SIE EIN PRODUKT<\/span><\/a><\/div><div class=\"fusion-clearfix\"><\/div><\/div><\/div><\/div><\/div>\n","protected":false},"excerpt":{"rendered":"","protected":false},"author":1,"featured_media":0,"parent":0,"menu_order":0,"comment_status":"closed","ping_status":"closed","template":"100-width.php","meta":{"_acf_changed":false,"footnotes":""},"class_list":["post-2548","page","type-page","status-publish","hentry"],"acf":[],"_links":{"self":[{"href":"https:\/\/istarska-kapljica.eu\/de\/wp-json\/wp\/v2\/pages\/2548","targetHints":{"allow":["GET"]}}],"collection":[{"href":"https:\/\/istarska-kapljica.eu\/de\/wp-json\/wp\/v2\/pages"}],"about":[{"href":"https:\/\/istarska-kapljica.eu\/de\/wp-json\/wp\/v2\/types\/page"}],"author":[{"embeddable":true,"href":"https:\/\/istarska-kapljica.eu\/de\/wp-json\/wp\/v2\/users\/1"}],"replies":[{"embeddable":true,"href":"https:\/\/istarska-kapljica.eu\/de\/wp-json\/wp\/v2\/comments?post=2548"}],"version-history":[{"count":6,"href":"https:\/\/istarska-kapljica.eu\/de\/wp-json\/wp\/v2\/pages\/2548\/revisions"}],"predecessor-version":[{"id":4975,"href":"https:\/\/istarska-kapljica.eu\/de\/wp-json\/wp\/v2\/pages\/2548\/revisions\/4975"}],"wp:attachment":[{"href":"https:\/\/istarska-kapljica.eu\/de\/wp-json\/wp\/v2\/media?parent=2548"}],"curies":[{"name":"wp","href":"https:\/\/api.w.org\/{rel}","templated":true}]}}