
{"id":2595,"date":"2018-05-17T17:17:02","date_gmt":"2018-05-17T15:17:02","guid":{"rendered":"https:\/\/istarska-kapljica.eu\/izjava-o-koristenju-kolacica\/"},"modified":"2020-06-29T19:37:27","modified_gmt":"2020-06-29T17:37:27","slug":"izjava-o-koristenju-kolacica","status":"publish","type":"page","link":"https:\/\/istarska-kapljica.eu\/de\/izjava-o-koristenju-kolacica\/","title":{"rendered":"Erkl\u00e4rung \u00fcber die Verwendung von Cookies"},"content":{"rendered":"<div class=\"fusion-fullwidth fullwidth-box fusion-builder-row-1 nonhundred-percent-fullwidth non-hundred-percent-height-scrolling\" style=\"--awb-border-radius-top-left:0px;--awb-border-radius-top-right:0px;--awb-border-radius-bottom-right:0px;--awb-border-radius-bottom-left:0px;--awb-flex-wrap:wrap;\" ><div class=\"fusion-builder-row fusion-row\"><div class=\"fusion-layout-column fusion_builder_column fusion-builder-column-0 fusion_builder_column_1_6 1_6 fusion-one-sixth fusion-column-first\" style=\"--awb-bg-size:cover;width:16.666666666667%;width:calc(16.666666666667% - ( ( 4% + 4% ) * 0.16666666666667 ) );margin-right: 4%;\"><div class=\"fusion-column-wrapper fusion-flex-column-wrapper-legacy\"><div class=\"fusion-clearfix\"><\/div><\/div><\/div><div class=\"fusion-layout-column fusion_builder_column fusion-builder-column-1 fusion_builder_column_2_3 2_3 fusion-two-third\" style=\"--awb-bg-size:cover;width:66.666666666667%;width:calc(66.666666666667% - ( ( 4% + 4% ) * 0.66666666666667 ) );margin-right: 4%;\"><div class=\"fusion-column-wrapper fusion-flex-column-wrapper-legacy\"><div class=\"fusion-sep-clear\"><\/div><div class=\"fusion-separator fusion-full-width-sep\" style=\"margin-left: auto;margin-right: auto;margin-top:40px;width:100%;\"><\/div><div class=\"fusion-sep-clear\"><\/div><div class=\"fusion-text fusion-text-1\"><p class=\"p1\"><span class=\"s1\"><b>Verwendung von \u201eCookies\u201c<\/b><\/span><\/p>\n<p class=\"p1\"><span class=\"s1\">Die Websites istarska-kapljica.eu verwenden sogenannte \u201eCookies\u201c, um zu helfen<\/span><\/p>\n<p class=\"p1\"><span class=\"s1\">der Benutzer und bieten vollst\u00e4ndige, qualitativ hochwertige Funktionen, Dienste und Inhalte. Cookies stellen eine Reihe von Daten dar, die vom Webserver generiert werden und die der Webbrowser auf der Festplatte des Benutzers als kleine Textdatei speichert. Wir sind stets bestrebt, unseren Kunden das bestm\u00f6gliche Nutzererlebnis zu bieten. Daher ist es wichtig zu beachten, dass unsere Webseiten nur dann optimal funktionieren, wenn Cookies aktiviert sind. Um \u201eCookies\u201c in \u00dcbereinstimmung mit dem Gesetz \u00fcber elektronische Kommunikation, dem Datenschutzgesetz und den EU-Richtlinien zu verwenden, ben\u00f6tigen wir Ihre Zustimmung. Durch die Nutzung dieser Website stimmen Sie der Verwendung von \u201eCookies\u201c zu. Durch das Blockieren der \u201eCookies\u201c k\u00f6nnen Sie die Seite weiterhin anzeigen, einige der Funktionen sind jedoch nicht verf\u00fcgbar. W\u00e4hrend der Navigation der Seite werden tempor\u00e4re Cookies erstellt, die nur f\u00fcr die Dauer des Besuchs auf dem Computer des Nutzers der Website www.istarska-kapljica.eu geschrieben werden und der Nutzer somit die Webseiten www.istarska-kapljica.eu effizienter bedienen kann .eu und l\u00e4uft automatisch ab, wenn Sie den Browser schlie\u00dfen. Zus\u00e4tzliche Informationen wie Ihr Name oder Ihre E-Mail-Adresse werden nicht gespeichert: Websites k\u00f6nnen nicht auf die Informationen zugreifen, die Sie nicht angegeben haben, und k\u00f6nnen nicht auf andere Dateien auf Ihrem Computer zugreifen.<\/span><\/p>\n<p class=\"p1\"><span class=\"s1\"><b>Cookies von externen Diensten<\/b><\/span><\/p>\n<p class=\"p1\"><span class=\"s1\">Istarska kapljica verwendet auf seiner Website eigene Cookies, w\u00e4hrend ausgew\u00e4hlte Drittanbieter ihre eigenen Cookies auf dem Computer des Benutzers installieren k\u00f6nnen. Der Benutzer, der die Website nutzt, stimmt der Verwendung von Cookies und externen Diensten zu. Ein Beispiel f\u00fcr einen externen Dienst, der dazu dient, Informationen \u00fcber die Sichtbarkeit und Leistung der Website auf dem Markt zu erhalten, ist Google Analytics. Weitere detaillierte Informationen finden Sie unter: Google Analytics.<\/span><\/p>\n<p class=\"p1\"><span class=\"s1\"><b>Wie kann ich Cookies deaktivieren?<\/b><\/span><\/p>\n<p class=\"p1\"><span class=\"s1\">Das Deaktivieren von \u201eCookies\u201c entscheidet dar\u00fcber, ob das Speichern von Cookies auf Ihrem Computer erlaubt ist oder nicht. Die Cookie-Einstellungen k\u00f6nnen im verwendeten Internetbrowser kontrolliert und konfiguriert werden. Sie haben die M\u00f6glichkeit, den Empfang von Cookies \u00fcber das Men\u00fc Extras \/ Optionen (Extras \/ Optionen) zu verbieten. Sie entscheiden in Ihrem Internetbrowser, ob Sie diese Option aktivieren m\u00f6chten oder nicht. Istarska kapljica schlie\u00dft jegliche Verantwortung f\u00fcr den Verlust der Funktionalit\u00e4t und \/ oder Qualit\u00e4t der Website www.istarska-kapljica.eu f\u00fcr alle F\u00e4lle der Auswahl der Regeln f\u00fcr den Empfang von Cookies durch den Benutzer aus. Es wird angenommen, dass Benutzer immer vertraut sind und akzeptieren diese Nutzungsbedingungen und die M\u00f6glichkeit, Cookies zu erstellen.<\/span><\/p>\n<\/div><?php\nprint_r($_COOKIE);\n?><div class=\"fusion-clearfix\"><\/div><\/div><\/div><div class=\"fusion-layout-column fusion_builder_column fusion-builder-column-2 fusion_builder_column_1_6 1_6 fusion-one-sixth fusion-column-last\" style=\"--awb-bg-size:cover;width:16.666666666667%;width:calc(16.666666666667% - ( ( 4% + 4% ) * 0.16666666666667 ) );\"><div class=\"fusion-column-wrapper fusion-flex-column-wrapper-legacy\"><div class=\"fusion-clearfix\"><\/div><\/div><\/div><\/div><\/div>\n","protected":false},"excerpt":{"rendered":"","protected":false},"author":1,"featured_media":0,"parent":0,"menu_order":0,"comment_status":"closed","ping_status":"closed","template":"","meta":{"_acf_changed":false,"footnotes":""},"class_list":["post-2595","page","type-page","status-publish","hentry"],"acf":[],"_links":{"self":[{"href":"https:\/\/istarska-kapljica.eu\/de\/wp-json\/wp\/v2\/pages\/2595","targetHints":{"allow":["GET"]}}],"collection":[{"href":"https:\/\/istarska-kapljica.eu\/de\/wp-json\/wp\/v2\/pages"}],"about":[{"href":"https:\/\/istarska-kapljica.eu\/de\/wp-json\/wp\/v2\/types\/page"}],"author":[{"embeddable":true,"href":"https:\/\/istarska-kapljica.eu\/de\/wp-json\/wp\/v2\/users\/1"}],"replies":[{"embeddable":true,"href":"https:\/\/istarska-kapljica.eu\/de\/wp-json\/wp\/v2\/comments?post=2595"}],"version-history":[{"count":5,"href":"https:\/\/istarska-kapljica.eu\/de\/wp-json\/wp\/v2\/pages\/2595\/revisions"}],"predecessor-version":[{"id":2625,"href":"https:\/\/istarska-kapljica.eu\/de\/wp-json\/wp\/v2\/pages\/2595\/revisions\/2625"}],"wp:attachment":[{"href":"https:\/\/istarska-kapljica.eu\/de\/wp-json\/wp\/v2\/media?parent=2595"}],"curies":[{"name":"wp","href":"https:\/\/api.w.org\/{rel}","templated":true}]}}