
{"id":2599,"date":"2020-05-17T16:10:31","date_gmt":"2020-05-17T14:10:31","guid":{"rendered":"https:\/\/istarska-kapljica.eu\/izjava-o-sigurnosti-online-placanja\/"},"modified":"2020-07-21T09:04:39","modified_gmt":"2020-07-21T07:04:39","slug":"izjava-o-sigurnosti-online-placanja","status":"publish","type":"page","link":"https:\/\/istarska-kapljica.eu\/de\/izjava-o-sigurnosti-online-placanja\/","title":{"rendered":"Online-Zahlungssicherheitserkl\u00e4rung"},"content":{"rendered":"<div class=\"fusion-fullwidth fullwidth-box fusion-builder-row-1 nonhundred-percent-fullwidth non-hundred-percent-height-scrolling\" style=\"--awb-border-radius-top-left:0px;--awb-border-radius-top-right:0px;--awb-border-radius-bottom-right:0px;--awb-border-radius-bottom-left:0px;--awb-flex-wrap:wrap;\" ><div class=\"fusion-builder-row fusion-row\"><div class=\"fusion-layout-column fusion_builder_column fusion-builder-column-0 fusion_builder_column_1_6 1_6 fusion-one-sixth fusion-column-first\" style=\"--awb-bg-size:cover;width:16.666666666667%;width:calc(16.666666666667% - ( ( 4% + 4% ) * 0.16666666666667 ) );margin-right: 4%;\"><div class=\"fusion-column-wrapper fusion-flex-column-wrapper-legacy\"><div class=\"fusion-clearfix\"><\/div><\/div><\/div><div class=\"fusion-layout-column fusion_builder_column fusion-builder-column-1 fusion_builder_column_2_3 2_3 fusion-two-third\" style=\"--awb-bg-size:cover;width:66.666666666667%;width:calc(66.666666666667% - ( ( 4% + 4% ) * 0.66666666666667 ) );margin-right: 4%;\"><div class=\"fusion-column-wrapper fusion-flex-column-wrapper-legacy\"><div class=\"fusion-sep-clear\"><\/div><div class=\"fusion-separator fusion-full-width-sep\" style=\"margin-left: auto;margin-right: auto;margin-top:40px;width:100%;\"><\/div><div class=\"fusion-sep-clear\"><\/div><div class=\"fusion-text fusion-text-1\"><p style=\"text-align: justify;\"><span style=\"font-size: 18pt;\">Online-Zahlungssicherheitserkl\u00e4rung<\/span><\/p>\n<p style=\"text-align: justify;\"><span style=\"font-size: 12pt;\">Verwenden Sie beim Bezahlen in unserem Webshop<strong> CorvusPay<\/strong> &#8211; ein fortschrittliches System zur sicheren Annahme von Zahlungskarten \u00fcber das Internet.\u00a0<strong>CorvusPay<\/strong> gew\u00e4hrleistet die vollst\u00e4ndige Vertraulichkeit Ihrer Kartendaten ab dem Zeitpunkt, an dem Sie sie in das CorvusPay-Zahlungsformular eingeben. Zahlungsinformationen werden verschl\u00fcsselt von Ihrem Webbrowser an die Bank weitergeleitet, die Ihre Karte ausgestellt hat. Unsere Firma kommt nie mit vollst\u00e4ndigen Informationen \u00fcber Ihre Zahlungskarte in Kontakt. Au\u00dferdem sind die Daten selbst f\u00fcr Mitarbeiter des <strong>CorvusPay<\/strong>-Systems nicht zug\u00e4nglich. Der isolierte Kern \u00fcbertr\u00e4gt und verwaltet vertrauliche Daten unabh\u00e4ngig und h\u00e4lt sie vollst\u00e4ndig sicher.<\/span><\/p>\n<p style=\"text-align: justify;\"><span style=\"font-size: 12pt;\">Das Formular zur Eingabe von Zahlungsdaten ist mit einem SSL-Transportcode von h\u00f6chster Zuverl\u00e4ssigkeit versehen. Alle gespeicherten Daten werden zus\u00e4tzlich durch Verschl\u00fcsselung mit einem nach dem FIPS 140-2 Level 3-Standard zertifizierten kryptografischen Ger\u00e4t gesch\u00fctzt. CorvusPay erf\u00fcllt alle Anforderungen in Bezug auf die Sicherheit von Online-Zahlungen, die von f\u00fchrenden Kartenmarken vorgeschrieben werden, dh arbeitet gem\u00e4\u00df dem Standard &#8211; PCI DSS Level 1 &#8211; dem h\u00f6chsten Sicherheitsstandard der Zahlungskartenbranche. Wenn Sie mit Karten bezahlen, die im 3-D Secure-Programm enthalten sind, best\u00e4tigt Ihre Bank zus\u00e4tzlich zur G\u00fcltigkeit der Karte selbst Ihre Identit\u00e4t zus\u00e4tzlich mit einem Token oder Passwort.<\/span><br \/>\n<span style=\"font-size: 12pt;\">Corvus Info betrachtet alle gesammelten Informationen als Bankgeheimnis und behandelt sie entsprechend. Die Informationen werden ausschlie\u00dflich f\u00fcr die Zwecke verwendet, f\u00fcr die sie bestimmt sind. Ihre sensiblen Daten sind absolut sicher und ihre Privatsph\u00e4re wird durch modernste Sicherheitsmechanismen gew\u00e4hrleistet. Es werden nur die Daten erfasst, die zur Ausf\u00fchrung der Arbeiten gem\u00e4\u00df den vorgeschriebenen anspruchsvollen Verfahren f\u00fcr die Online-Zahlung erforderlich sind.<\/span><\/p>\n<p style=\"text-align: justify;\"><span style=\"font-size: 12pt;\">Die auf unsere Infrastruktur angewendeten Sicherheitskontrollen und Betriebsverfahren gew\u00e4hrleisten die aktuelle Zuverl\u00e4ssigkeit des <strong>CorvusPay<\/strong>-Systems. Durch die Aufrechterhaltung einer strengen Zugriffskontrolle, regelm\u00e4\u00dfige Sicherheits\u00fcberwachung und eingehende \u00dcberpr\u00fcfungen zur Verhinderung von Netzwerkschwachstellen sowie die geplante Umsetzung von Bestimmungen zur Informationssicherheit wird die Systemsicherheit durch den Schutz Ihrer Kartendaten dauerhaft aufrechterhalten und verbessert.<\/span><\/p>\n<p>Vielen Dank, dass Sie <strong>CorvusPay<\/strong>!<\/p>\n<p><img decoding=\"async\" class=\"size-full wp-image-3480 aligncenter\" src=\"https:\/\/istarska-kapljica.eu\/cert\/CorvusPAY_transp.png\" alt=\"CorvusPay\" \/><\/p>\n<\/div><?php\nprint_r($_COOKIE);\n?><div class=\"fusion-clearfix\"><\/div><\/div><\/div><div class=\"fusion-layout-column fusion_builder_column fusion-builder-column-2 fusion_builder_column_1_6 1_6 fusion-one-sixth fusion-column-last\" style=\"--awb-bg-size:cover;width:16.666666666667%;width:calc(16.666666666667% - ( ( 4% + 4% ) * 0.16666666666667 ) );\"><div class=\"fusion-column-wrapper fusion-flex-column-wrapper-legacy\"><div class=\"fusion-clearfix\"><\/div><\/div><\/div><\/div><\/div>\n","protected":false},"excerpt":{"rendered":"","protected":false},"author":1,"featured_media":0,"parent":0,"menu_order":0,"comment_status":"closed","ping_status":"closed","template":"","meta":{"_acf_changed":false,"footnotes":""},"class_list":["post-2599","page","type-page","status-publish","hentry"],"acf":[],"_links":{"self":[{"href":"https:\/\/istarska-kapljica.eu\/de\/wp-json\/wp\/v2\/pages\/2599","targetHints":{"allow":["GET"]}}],"collection":[{"href":"https:\/\/istarska-kapljica.eu\/de\/wp-json\/wp\/v2\/pages"}],"about":[{"href":"https:\/\/istarska-kapljica.eu\/de\/wp-json\/wp\/v2\/types\/page"}],"author":[{"embeddable":true,"href":"https:\/\/istarska-kapljica.eu\/de\/wp-json\/wp\/v2\/users\/1"}],"replies":[{"embeddable":true,"href":"https:\/\/istarska-kapljica.eu\/de\/wp-json\/wp\/v2\/comments?post=2599"}],"version-history":[{"count":4,"href":"https:\/\/istarska-kapljica.eu\/de\/wp-json\/wp\/v2\/pages\/2599\/revisions"}],"predecessor-version":[{"id":3245,"href":"https:\/\/istarska-kapljica.eu\/de\/wp-json\/wp\/v2\/pages\/2599\/revisions\/3245"}],"wp:attachment":[{"href":"https:\/\/istarska-kapljica.eu\/de\/wp-json\/wp\/v2\/media?parent=2599"}],"curies":[{"name":"wp","href":"https:\/\/api.w.org\/{rel}","templated":true}]}}