
{"id":2614,"date":"2020-05-17T16:13:20","date_gmt":"2020-05-17T14:13:20","guid":{"rendered":"https:\/\/istarska-kapljica.eu\/uvjeti-prodaje\/"},"modified":"2020-07-21T11:18:42","modified_gmt":"2020-07-21T09:18:42","slug":"uvjeti-prodaje","status":"publish","type":"page","link":"https:\/\/istarska-kapljica.eu\/de\/uvjeti-prodaje\/","title":{"rendered":"Verkaufsbedingungen"},"content":{"rendered":"<div class=\"fusion-fullwidth fullwidth-box fusion-builder-row-1 nonhundred-percent-fullwidth non-hundred-percent-height-scrolling\" style=\"--awb-border-radius-top-left:0px;--awb-border-radius-top-right:0px;--awb-border-radius-bottom-right:0px;--awb-border-radius-bottom-left:0px;--awb-flex-wrap:wrap;\" ><div class=\"fusion-builder-row fusion-row\"><div class=\"fusion-layout-column fusion_builder_column fusion-builder-column-0 fusion_builder_column_1_6 1_6 fusion-one-sixth fusion-column-first\" style=\"--awb-bg-size:cover;width:16.666666666667%;width:calc(16.666666666667% - ( ( 4% + 4% ) * 0.16666666666667 ) );margin-right: 4%;\"><div class=\"fusion-column-wrapper fusion-flex-column-wrapper-legacy\"><div class=\"fusion-clearfix\"><\/div><\/div><\/div><div class=\"fusion-layout-column fusion_builder_column fusion-builder-column-1 fusion_builder_column_2_3 2_3 fusion-two-third\" style=\"--awb-bg-size:cover;width:66.666666666667%;width:calc(66.666666666667% - ( ( 4% + 4% ) * 0.66666666666667 ) );margin-right: 4%;\"><div class=\"fusion-column-wrapper fusion-flex-column-wrapper-legacy\"><div class=\"fusion-sep-clear\"><\/div><div class=\"fusion-separator fusion-full-width-sep\" style=\"margin-left: auto;margin-right: auto;margin-top:40px;width:100%;\"><\/div><div class=\"fusion-sep-clear\"><\/div><div class=\"fusion-text fusion-text-1\"><p style=\"text-align: justify;\"><strong>ALLGEMEINE BEDINGUNGEN<\/strong><\/p>\n<p style=\"text-align: justify;\">Internetverk\u00e4ufe auf der Website www.istarska-kapljica.eu werden von Istarska kapljica d.o.o. durchgef\u00fchrt. Cerjani 1, 52464 Ka\u0161telir Die Mwst. Identifikationsnummer des Unternehmens lautet (OIB): HR82373093856<\/p>\n<p style=\"text-align: justify;\">Diese Bedingungen bestimmen das Verfahren f\u00fcr die Bestellung, Zahlung und Reklamation der auf dieser Website angebotenen Produkte. Die Website der Firma Istarska kapljica d.o.o. darf f\u00fcr Ihren privaten Gebrauch ohne Nutzungsgeb\u00fchren und unter den folgenden Bedingungen verwendet werden.<\/p>\n<p style=\"text-align: justify;\">Verk\u00e4ufer ist die Firma Istarska kapljica d.o.o. Der K\u00e4ufer ist der Besucher dieser Website, der eine elektronische Bestellung ausf\u00fcllt, an den Verk\u00e4ufer sendet und per Karte bezahlt: Visa, MasterCard, Maestro.<\/p>\n<p style=\"text-align: justify;\">Istarska kapljica d.o.o. beh\u00e4lt sich das Recht vor, diese Allgemeinen Gesch\u00e4ftsbedingungen zu \u00e4ndern. Alle \u00c4nderungen gelten f\u00fcr die Nutzung der Website istarska-kapljica.eu. Der K\u00e4ufer ist f\u00fcr die Richtigkeit und Vollst\u00e4ndigkeit der zum Zeitpunkt des Kaufs eingegebenen Daten verantwortlich. Dienstleistungen von istarska-kapljica.eu. Der Online-Shop enth\u00e4lt nicht die Kosten, die Ihnen durch die Verwendung von Computerausr\u00fcstung\/Computerdiensten f\u00fcr den Zugriff auf unsere Website entstehen. Istarska kapljica d.o.o. ist nicht verantwortlich f\u00fcr Telefonkosten, Internetverkehr oder andere Kosten, die auftreten k\u00f6nnen.<\/p>\n<p style=\"text-align: justify;\"><strong>BESTELLUNG<\/strong><\/p>\n<p style=\"text-align: justify;\">Der Kunde bestellt das Produkt oder die Produkte \u00fcber ein elektronisches Bestellformular. Als Kunde gilt jede Person, die mindestens ein Produkt elektronisch bestellt, die erforderlichen Informationen eingibt und die Bestellung best\u00e4tigt\/sendet.<\/p>\n<p style=\"text-align: justify;\">Alle Preise sind in kroatischer Landesw\u00e4hrung, kroatischer Kuna (kn), einschlie\u00dflich Mehrwertsteuer, angegeben.<\/p>\n<p style=\"text-align: justify;\">Waren werden in elektronischer Form bestellt, indem Sie auf ein bestimmtes Produkt klicken und es in einem Warenkorb aufbewahren. Die Ware gilt zum Zeitpunkt der Auswahl und Best\u00e4tigung der Zahlungsweise durch den K\u00e4ufer als bestellt.<\/p>\n<p style=\"text-align: justify;\"><strong>ZAHLUNGSART:<\/strong><br \/>\nKreditkarten Visa, MasterCard und Maestro (Wir akzeptieren ausschlie\u00dflich einmalige Zahlung &#8211; Ratenzahlung ist nicht m\u00f6glich).<\/p>\n<p style=\"text-align: justify;\"><strong>STORNIERUNG DES AUFTRAGS DURCH Istarska kapljica d.o.o.<\/strong><\/p>\n<p style=\"text-align: justify;\">Wir behalten uns das Recht vor, die Ausf\u00fchrung des Auftrags in folgenden F\u00e4llen ausnahmsweise (teilweise oder vollst\u00e4ndig) abzubrechen:<\/p>\n<p style=\"text-align: justify;\">\u2013 Wenn die bestellten Produkte nicht mehr vorr\u00e4tig sind<br \/>\n\u2013 Wenn es einen offensichtlichen Fehler in der Preisliste gab<br \/>\n\u2013 Wenn die Bestellung nicht gem\u00e4\u00df den Allgemeinen Gesch\u00e4ftsbedingungen erf\u00fcllt wurde oder<br \/>\n\u2013 Wenn wir ein erh\u00f6htes Risiko der Nichtzahlung beim Kunden feststellen.<\/p>\n<p style=\"text-align: justify;\">In all diesen und \u00e4hnlichen F\u00e4llen werden wir Sie, nachdem wir die Unregelm\u00e4\u00dfigkeit festgestellt haben, unverz\u00fcglich telefonisch oder per E-Mail \u00fcber eine m\u00f6gliche Abweichung von unserem Vertrag informieren.<\/p>\n<p style=\"text-align: justify;\"><strong>STORNIERUNG ODER \u00c4NDERUNG DER BESTELLUNG DURCH DEN K\u00c4UFER<\/strong><\/p>\n<p style=\"text-align: justify;\">Sie k\u00f6nnen die Bestellung stornieren oder ihre Angaben kostenlos \u00e4ndern, wenn die Ware noch nicht aus dem Lager geliefert wurde.<\/p>\n<p style=\"text-align: justify;\"><strong>LIEFERUNG<\/strong><\/p>\n<p style=\"text-align: justify;\">Wir liefern auf dem Territorium der Republik Kroatien und der EU-L\u00e4nder. Die Lieferung der verf\u00fcgbaren Produkte erfolgt durch DPD. Die bestellten Produkte werden gem\u00e4\u00df den \u00fcblichen Bedingungen und Regeln des Spediteurs geliefert.<\/p>\n<p style=\"text-align: justify;\">Die Versandkosten werden in der Warenkorbvorschau aufgef\u00fchrt, bevor die Zahlung erfolgt.<\/p>\n<p style=\"text-align: justify;\">Sie k\u00f6nnen die bestellten Produkte auch im Lager von Istarska kapljica d.o.o. in Cerjani 1, 52464 Ka\u0161telir, Kroatien abholen.<\/p>\n<p style=\"text-align: justify;\">Wir liefern die Ware ab Lager (f\u00fcr Kroatien rechnen wir innerhalb von 2 &#8211; zwei Werktagen).<\/p>\n<p style=\"text-align: justify;\">Bestellte Produkte werden so verpackt, dass sie bei normaler Handhabung nicht besch\u00e4digt werden. Bei der \u00dcbernahme ist der K\u00e4ufer verpflichtet, den Zustand der Sendung zu \u00fcberpr\u00fcfen und im Schadensfall den Verk\u00e4ufer unverz\u00fcglich zu benachrichtigen. Der Verk\u00e4ufer lehnt jede Haftung f\u00fcr Sch\u00e4den ab, die w\u00e4hrend der Lieferung auftreten k\u00f6nnen.<\/p>\n<p style=\"text-align: justify;\">Wenn der K\u00e4ufer die Ware oder die Lieferbenachrichtigung nach dem Versand nicht innerhalb der erwarteten Zeit erh\u00e4lt, hat der K\u00e4ufer das Recht, den Verk\u00e4ufer zu benachrichtigen, um Ma\u00dfnahmen zum Auffinden der Sendung oder zum Versenden einer Ersatzsendung zu ergreifen.<\/p>\n<p style=\"text-align: justify;\">Wenn der K\u00e4ufer den Erhalt der von ihm bestellten Ware verweigert, hat der Verk\u00e4ufer das Recht, vom K\u00e4ufer die Erstattung aller mit der Lieferung verbundenen Kosten zu verlangen.<\/p>\n<p style=\"text-align: justify;\">Nachdem die Spedition (Zusteller) die Sendung vom Verk\u00e4ufer erhalten hat, ist der Verk\u00e4ufer nicht mehr f\u00fcr den weiteren Lieferverlauf und etwaige Verz\u00f6gerungen und Probleme verantwortlich, die im Zusammenhang mit der weiteren Handhabung und Lieferung von Waren auftreten k\u00f6nnen.<\/p>\n<p style=\"text-align: justify;\"><strong>BESCHWERDEBEDINGUNGEN<\/strong><\/p>\n<p style=\"text-align: justify;\">Reklamationen werden innerhalb von 15 Tagen nach Erhalt der Ware angenommen und sind in folgenden F\u00e4llen m\u00f6glich:<\/p>\n<p style=\"text-align: justify;\">\u2013 Bei Lieferung falsch gelieferter Produkte<\/p>\n<p style=\"text-align: justify;\">\u2013 Bei der Lieferung von besch\u00e4digten Produkten, wobei der Schaden nicht das Ergebnis einer schlechten Manipulation im Transport ist<\/p>\n<p style=\"text-align: justify;\">\u2013 Mit der beigef\u00fcgten Originalrechnung<\/p>\n<p style=\"text-align: justify;\">\u2013 Wenn sich die Produkte in der Originalverpackung befinden.<\/p>\n<p style=\"text-align: justify;\">Der Kunde ist verpflichtet, die auf dem Etikett aufgedruckten Lagerungsanweisungen zu befolgen.<\/p>\n<p style=\"text-align: justify;\"><strong>R\u00dcCKGABE VON FEHLERHAFTEN WAREN<\/strong><\/p>\n<p style=\"text-align: justify;\">Wenn der K\u00e4ufer die erworbenen Produkte per Post oder Kurierdienst versendet (sofern der Poststempel g\u00fcltig ist), lautet die Empf\u00e4ngeradresse:<\/p>\n<p style=\"text-align: justify;\">Istarska kapljica d.o.o.<br \/>\nCerjani 1<br \/>\n52464 Ka\u0161telir<\/p>\n<p style=\"text-align: justify;\">Der K\u00e4ufer kann die Beschwerde per E-Mail-Adresse melden: info@istarska-kapljica.eu.<\/p>\n<p style=\"text-align: justify;\">Wenn die Frist und die Bedingungen mit den oben genannten \u00fcbereinstimmen, sendet der K\u00e4ufer die erworbene Ware auf eigene Kosten, und der Verk\u00e4ufer tr\u00e4gt die Kosten f\u00fcr den Versand der richtigen Ware an den K\u00e4ufer innerhalb von 10 Tagen.<\/p>\n<p style=\"text-align: justify;\"><strong>BESCHWERDEN<\/strong><br \/>\nIn \u00dcbereinstimmung mit Art. 8. des Verbraucherschutzgesetzes kann der K\u00e4ufer angesichts der Qualit\u00e4t unserer Dienstleistungen eine schriftliche Beschwerde einreichen an:<\/p>\n<p style=\"text-align: justify;\">Istarska kapljica d.o.o.<br \/>\nCerjani 1<br \/>\n52464 Ka\u0161telir<br \/>\nHRVATSKA<\/p>\n<p style=\"text-align: justify;\">Oder per E-Mail: goran.cerijani@gmail.com<\/p>\n<p style=\"text-align: justify;\">Die Beschwerde muss folgende Daten enthalten: Name, Nachname, Adresse und E-Mail-Adresse f\u00fcr die Antwort. Wir werden Ihre schriftliche Beschwerde innerhalb von 7 Tagen nach Eingang der Beschwerde beantworten.<\/p>\n<p style=\"text-align: justify;\"><strong>SICHERHEIT DER F\u00dcR DEN KAUF ERFORDERLICHEN DATEN<\/strong><\/p>\n<p style=\"text-align: justify;\">Ihre Kontaktinformationen, E-Mail, Telefon und Mobiltelefon sowie Ihre Adresse werden ausschlie\u00dflich dazu verwendet, Ihre Bestellung zu \u00fcberpr\u00fcfen und zu liefern und Sie als unseren Kunden \u00fcber Sonderaktionen, Vorteile und \u00c4nderungen in der Funktionsweise des Webshops zu informieren.<\/p>\n<p style=\"text-align: justify;\"><strong>SPRACHE<\/strong><\/p>\n<p style=\"text-align: justify;\">Bestellungen werden in kroatischer, italienischer, deutscher oder englischer Sprache entgegengenommen.<\/p>\n<p style=\"text-align: justify;\"><strong>KUNDENDIENST<\/strong><\/p>\n<p style=\"text-align: justify;\">Wenn Sie Fragen oder Schwierigkeiten haben, wenden Sie sich bitte an: goran.cerijani@gmail.com<\/p>\n<\/div><?php\nprint_r($_COOKIE);\n?><div class=\"fusion-clearfix\"><\/div><\/div><\/div><div class=\"fusion-layout-column fusion_builder_column fusion-builder-column-2 fusion_builder_column_1_6 1_6 fusion-one-sixth fusion-column-last\" style=\"--awb-bg-size:cover;width:16.666666666667%;width:calc(16.666666666667% - ( ( 4% + 4% ) * 0.16666666666667 ) );\"><div class=\"fusion-column-wrapper fusion-flex-column-wrapper-legacy\"><div class=\"fusion-clearfix\"><\/div><\/div><\/div><\/div><\/div>\n","protected":false},"excerpt":{"rendered":"","protected":false},"author":1,"featured_media":0,"parent":0,"menu_order":0,"comment_status":"closed","ping_status":"closed","template":"","meta":{"_acf_changed":false,"footnotes":""},"class_list":["post-2614","page","type-page","status-publish","hentry"],"acf":[],"_links":{"self":[{"href":"https:\/\/istarska-kapljica.eu\/de\/wp-json\/wp\/v2\/pages\/2614","targetHints":{"allow":["GET"]}}],"collection":[{"href":"https:\/\/istarska-kapljica.eu\/de\/wp-json\/wp\/v2\/pages"}],"about":[{"href":"https:\/\/istarska-kapljica.eu\/de\/wp-json\/wp\/v2\/types\/page"}],"author":[{"embeddable":true,"href":"https:\/\/istarska-kapljica.eu\/de\/wp-json\/wp\/v2\/users\/1"}],"replies":[{"embeddable":true,"href":"https:\/\/istarska-kapljica.eu\/de\/wp-json\/wp\/v2\/comments?post=2614"}],"version-history":[{"count":5,"href":"https:\/\/istarska-kapljica.eu\/de\/wp-json\/wp\/v2\/pages\/2614\/revisions"}],"predecessor-version":[{"id":3248,"href":"https:\/\/istarska-kapljica.eu\/de\/wp-json\/wp\/v2\/pages\/2614\/revisions\/3248"}],"wp:attachment":[{"href":"https:\/\/istarska-kapljica.eu\/de\/wp-json\/wp\/v2\/media?parent=2614"}],"curies":[{"name":"wp","href":"https:\/\/api.w.org\/{rel}","templated":true}]}}