
{"id":2778,"date":"2020-04-26T21:09:14","date_gmt":"2020-04-26T19:09:14","guid":{"rendered":"https:\/\/istarska-kapljica.eu\/proizvod\/sambukina\/"},"modified":"2025-02-25T14:07:34","modified_gmt":"2025-02-25T13:07:34","slug":"sambukina","status":"publish","type":"product","link":"https:\/\/istarska-kapljica.eu\/de\/proizvod\/sambukina\/","title":{"rendered":"Sambukina (Traubenschnaps mit Holunderbl\u00fcte)"},"content":{"rendered":"<p><strong>ZUTATEN: <\/strong><br \/>\nTraubenbrand, Honig, Holunderbl\u00fcten, Wasser<\/p>\n<p><strong>VERF\u00dcGBARE VOLUMEN:<\/strong><br \/>\n0.2 l, 0.5 l, 0.7 l<\/p>\n<p><strong>AUFTRAG:<\/strong><br \/>\nDie Produktion ist begrenzt und abh\u00e4ngig von der Menge der verf\u00fcgbaren aromatischen Inhaltsstoffe.<\/p>\n<p><strong>EMPFEHLUNG:<\/strong><br \/>\nGek\u00fchlt und ohne Zusatzstoffe genie\u00dfen, sodass Frische und Aroma der Holunderbl\u00fcten am besten zum Ausdruck kommen. Oder mal als Zutat beim kreieren Ihres pers\u00f6nlichen Cocktails.<\/p>\n","protected":false},"excerpt":{"rendered":"<p>ZUTATEN: Traubenbrand, Honig, Holunderbl\u00fcten, Wasser VERF\u00dcGBARE VOLUMEN: 0.2 l, 0.5  [&#8230;]<\/p>\n","protected":false},"featured_media":2779,"template":"","meta":{"_acf_changed":false},"product_brand":[],"product_cat":[86,85],"product_tag":[],"class_list":{"0":"post-2778","1":"product","2":"type-product","3":"status-publish","4":"has-post-thumbnail","6":"product_cat-linija-exclusive-de","7":"product_cat-rakije-de","8":"product_shipping_class-dostava-proizvoda-de","10":"first","11":"instock","12":"taxable","13":"shipping-taxable","14":"purchasable","15":"product-type-variable"},"acf":[],"_links":{"self":[{"href":"https:\/\/istarska-kapljica.eu\/de\/wp-json\/wp\/v2\/product\/2778","targetHints":{"allow":["GET"]}}],"collection":[{"href":"https:\/\/istarska-kapljica.eu\/de\/wp-json\/wp\/v2\/product"}],"about":[{"href":"https:\/\/istarska-kapljica.eu\/de\/wp-json\/wp\/v2\/types\/product"}],"wp:featuredmedia":[{"embeddable":true,"href":"https:\/\/istarska-kapljica.eu\/de\/wp-json\/wp\/v2\/media\/2779"}],"wp:attachment":[{"href":"https:\/\/istarska-kapljica.eu\/de\/wp-json\/wp\/v2\/media?parent=2778"}],"wp:term":[{"taxonomy":"product_brand","embeddable":true,"href":"https:\/\/istarska-kapljica.eu\/de\/wp-json\/wp\/v2\/product_brand?post=2778"},{"taxonomy":"product_cat","embeddable":true,"href":"https:\/\/istarska-kapljica.eu\/de\/wp-json\/wp\/v2\/product_cat?post=2778"},{"taxonomy":"product_tag","embeddable":true,"href":"https:\/\/istarska-kapljica.eu\/de\/wp-json\/wp\/v2\/product_tag?post=2778"}],"curies":[{"name":"wp","href":"https:\/\/api.w.org\/{rel}","templated":true}]}}