
{"id":2798,"date":"2020-04-26T21:03:49","date_gmt":"2020-04-26T19:03:49","guid":{"rendered":"https:\/\/istarska-kapljica.eu\/proizvod\/medezija\/"},"modified":"2025-02-25T14:26:45","modified_gmt":"2025-02-25T13:26:45","slug":"medezija","status":"publish","type":"product","link":"https:\/\/istarska-kapljica.eu\/de\/proizvod\/medezija\/","title":{"rendered":"Mede\u017eija (Traubenschnaps mit Kr\u00e4utern)"},"content":{"rendered":"<p><strong>ZUTATEN: <\/strong><br \/>\nTraubenbrand, 26 verschiedene Arten von einheimischen Heilkr\u00e4uter, Wasser<\/p>\n<p><strong>VERF\u00dcGBARE VOLUMEN:<\/strong><br \/>\n0.05 l, 0.1 l, 0.2 l, 0.5 l, 0.7 l<\/p>\n<p>m<\/p>\n<p><strong>BESTELLUNG:<\/strong><br \/>\nDie Produktion ist begrenzt und abh\u00e4ngig von der Menge der verf\u00fcgbaren aromatischen Inhaltsstoffe. Bestellen Sie rechtzeitig ihre ISTARSKA KAPLJICA.<\/p>\n<p><strong>EMPFEHLUNG:<\/strong><br \/>\nGek\u00fchlt und ohne Zusatzstoffe genie\u00dfen, sodass Frische des Traubenbrandes und Aroma der Heilkr\u00e4uter am besten zum Ausdruck kommen.<\/p>\n","protected":false},"excerpt":{"rendered":"<p>ZUTATEN: Traubenbrand, 26 verschiedene Arten von einheimischen Heilkr\u00e4uter, Wasser VERF\u00dcGBARE  [&#8230;]<\/p>\n","protected":false},"featured_media":2799,"template":"","meta":{"_acf_changed":false},"product_brand":[],"product_cat":[86,85],"product_tag":[],"class_list":{"0":"post-2798","1":"product","2":"type-product","3":"status-publish","4":"has-post-thumbnail","6":"product_cat-linija-exclusive-de","7":"product_cat-rakije-de","8":"product_shipping_class-dostava-proizvoda-de","10":"first","11":"instock","12":"taxable","13":"shipping-taxable","14":"purchasable","15":"product-type-variable"},"acf":[],"_links":{"self":[{"href":"https:\/\/istarska-kapljica.eu\/de\/wp-json\/wp\/v2\/product\/2798","targetHints":{"allow":["GET"]}}],"collection":[{"href":"https:\/\/istarska-kapljica.eu\/de\/wp-json\/wp\/v2\/product"}],"about":[{"href":"https:\/\/istarska-kapljica.eu\/de\/wp-json\/wp\/v2\/types\/product"}],"wp:featuredmedia":[{"embeddable":true,"href":"https:\/\/istarska-kapljica.eu\/de\/wp-json\/wp\/v2\/media\/2799"}],"wp:attachment":[{"href":"https:\/\/istarska-kapljica.eu\/de\/wp-json\/wp\/v2\/media?parent=2798"}],"wp:term":[{"taxonomy":"product_brand","embeddable":true,"href":"https:\/\/istarska-kapljica.eu\/de\/wp-json\/wp\/v2\/product_brand?post=2798"},{"taxonomy":"product_cat","embeddable":true,"href":"https:\/\/istarska-kapljica.eu\/de\/wp-json\/wp\/v2\/product_cat?post=2798"},{"taxonomy":"product_tag","embeddable":true,"href":"https:\/\/istarska-kapljica.eu\/de\/wp-json\/wp\/v2\/product_tag?post=2798"}],"curies":[{"name":"wp","href":"https:\/\/api.w.org\/{rel}","templated":true}]}}