
{"id":3255,"date":"2020-04-26T21:14:03","date_gmt":"2021-11-17T17:36:17","guid":{"rendered":"https:\/\/istarska-kapljica.eu\/?post_type=product&#038;p=3255"},"modified":"2023-01-01T20:32:24","modified_gmt":"2023-01-01T19:32:24","slug":"nona-anamaria","status":"publish","type":"product","link":"https:\/\/istarska-kapljica.eu\/de\/proizvod\/nona-anamaria\/","title":{"rendered":"Nona Anamaria"},"content":{"rendered":"<p>VERPACKUNG: 0.5 l<\/p>\n<p><strong>BESTELLUNG:<\/strong><br \/>\nDie Produktion ist begrenzt und h\u00e4ngt in der Regel von der Menge der verf\u00fcgbaren aromatischen Zutaten ab. Bestellen Sie rechtzeitig ihre ISTARSKA KAPLJICA.<\/p>\n<p><strong>BESONDERHEIT:<\/strong><br \/>\nLimitierte Serie von 400 handnummerierten Flaschen pro Jahr<\/p>\n<p><strong>EMPFEHLUNG:<\/strong><br \/>\nNach dem Essen oder zu einer guten Zigarre im erw\u00e4rmten Glass zusammen mit einem St\u00fcck Bitterschokolade genie\u00dfen.<\/p>\n","protected":false},"excerpt":{"rendered":"<p style=\"text-align: justify;\"><strong>HANDNUMMERIERTE LINIE SPEZIELL HERGESTELLT VON AUSGELESENER ZUTATEN<br \/>\n<\/strong><br \/>\nDie Natur bestimmt die Qualit\u00e4t und verleiht den Zutaten in bestimmten Zeitr\u00e4umen besondere Eigenschaften. Es ist ein nat\u00fcrlicher Prozess, den wir nicht beeinflussen, sondern nur in vollem Umfang nutzen k\u00f6nnen. Die Limited Edition wird aus solchen ausgelesenen Zutaten hergestellt und dann 2 Jahre lang in Eichenf\u00e4ssern gelagert sodass sich ihre Einzigartigkeit und ihr Charakter in Geschmack, Geruch und Farbe deutlich von anderen Linien unterscheiden. Da dies eine limitierte Linie ist, erh\u00e4lt jede Flasche ihre eigene eindeutige Nummer. Wir haben diese Linie unseren Gro\u00dfeltern Euphemio und Anamarija gewidmet.<\/p>\n","protected":false},"featured_media":2826,"template":"","meta":{"_acf_changed":false},"product_brand":[],"product_cat":[98,85],"product_tag":[],"class_list":{"0":"post-3255","1":"product","2":"type-product","3":"status-publish","4":"has-post-thumbnail","6":"product_cat-limited-edition-de","7":"product_cat-rakije-de","8":"product_shipping_class-dostava-proizvoda-de","10":"first","11":"instock","12":"taxable","13":"shipping-taxable","14":"purchasable","15":"product-type-simple"},"acf":[],"_links":{"self":[{"href":"https:\/\/istarska-kapljica.eu\/de\/wp-json\/wp\/v2\/product\/3255","targetHints":{"allow":["GET"]}}],"collection":[{"href":"https:\/\/istarska-kapljica.eu\/de\/wp-json\/wp\/v2\/product"}],"about":[{"href":"https:\/\/istarska-kapljica.eu\/de\/wp-json\/wp\/v2\/types\/product"}],"wp:featuredmedia":[{"embeddable":true,"href":"https:\/\/istarska-kapljica.eu\/de\/wp-json\/wp\/v2\/media\/2826"}],"wp:attachment":[{"href":"https:\/\/istarska-kapljica.eu\/de\/wp-json\/wp\/v2\/media?parent=3255"}],"wp:term":[{"taxonomy":"product_brand","embeddable":true,"href":"https:\/\/istarska-kapljica.eu\/de\/wp-json\/wp\/v2\/product_brand?post=3255"},{"taxonomy":"product_cat","embeddable":true,"href":"https:\/\/istarska-kapljica.eu\/de\/wp-json\/wp\/v2\/product_cat?post=3255"},{"taxonomy":"product_tag","embeddable":true,"href":"https:\/\/istarska-kapljica.eu\/de\/wp-json\/wp\/v2\/product_tag?post=3255"}],"curies":[{"name":"wp","href":"https:\/\/api.w.org\/{rel}","templated":true}]}}