
{"id":4003,"date":"2022-06-29T14:01:31","date_gmt":"2022-06-29T12:01:31","guid":{"rendered":"https:\/\/istarska-kapljica.eu\/proizvod\/vragulin\/"},"modified":"2025-02-25T13:36:24","modified_gmt":"2025-02-25T12:36:24","slug":"vragulin","status":"publish","type":"product","link":"https:\/\/istarska-kapljica.eu\/de\/proizvod\/vragulin\/","title":{"rendered":"Vragulin"},"content":{"rendered":"<p><b>ZUTATEN:<\/b><br \/>\nTraubenschnaps, Honig, Ingwer, Chilli, Quellwasser<\/p>\n<p><b>VERF\u00dcGBARE VOLUMEN:<\/b><br \/>\n0.2<span class=\"Apple-converted-space\">\u00a0 <\/span>l, 0.5 l<\/p>\n<p><b>ALKOHOLGEHALT:\u00a0<\/b>30% Vol.<\/p>\n<p><b>BESTELLUNG:<\/b><br \/>\nDie Produktion ist begrenzt und abh\u00e4ngig von der Menge der verf\u00fcgbaren aromatischen Inhaltsstoffe.<\/p>\n<p><b>EMPFEHLUNG:<\/b><br \/>\nEiskalt und pur ohne Zusatzstoffe geniessen, sodass Frische und Aroma der Zutaten am besten zum Ausdruck kommen, oder mal anders als Cocktailzusatz oderi n Kombination mit gutem Craft Tonic.<\/p>\n","protected":false},"excerpt":{"rendered":"<p>Vragulin ist die moderne Version eines Liquers kombiniert aus hochwertigem Traubenbrand mit Zusatz von geriebenem Ingwer und Chili. Die Mazeration dauert 30 Tage und verleiht diesem Lik\u00f6r durch die Zugabe von Honig und Hagebutten eine interessante s\u00fc\u00dfe, frisch w\u00fcrzige und gleichfalls scharfe Note.<br \/>\nHergestellt ohne Zusatz von Zucker, k\u00fcnstlichen Aromen und Farbstoffen. Garantiert 100 % Naturprodukt.<\/p>\n","protected":false},"featured_media":3954,"template":"","meta":{"_acf_changed":false},"product_brand":[],"product_cat":[86,85],"product_tag":[],"class_list":{"0":"post-4003","1":"product","2":"type-product","3":"status-publish","4":"has-post-thumbnail","6":"product_cat-linija-exclusive-de","7":"product_cat-rakije-de","8":"product_shipping_class-dostava-proizvoda-de","10":"first","11":"instock","12":"taxable","13":"shipping-taxable","14":"purchasable","15":"product-type-variable"},"acf":[],"_links":{"self":[{"href":"https:\/\/istarska-kapljica.eu\/de\/wp-json\/wp\/v2\/product\/4003","targetHints":{"allow":["GET"]}}],"collection":[{"href":"https:\/\/istarska-kapljica.eu\/de\/wp-json\/wp\/v2\/product"}],"about":[{"href":"https:\/\/istarska-kapljica.eu\/de\/wp-json\/wp\/v2\/types\/product"}],"wp:featuredmedia":[{"embeddable":true,"href":"https:\/\/istarska-kapljica.eu\/de\/wp-json\/wp\/v2\/media\/3954"}],"wp:attachment":[{"href":"https:\/\/istarska-kapljica.eu\/de\/wp-json\/wp\/v2\/media?parent=4003"}],"wp:term":[{"taxonomy":"product_brand","embeddable":true,"href":"https:\/\/istarska-kapljica.eu\/de\/wp-json\/wp\/v2\/product_brand?post=4003"},{"taxonomy":"product_cat","embeddable":true,"href":"https:\/\/istarska-kapljica.eu\/de\/wp-json\/wp\/v2\/product_cat?post=4003"},{"taxonomy":"product_tag","embeddable":true,"href":"https:\/\/istarska-kapljica.eu\/de\/wp-json\/wp\/v2\/product_tag?post=4003"}],"curies":[{"name":"wp","href":"https:\/\/api.w.org\/{rel}","templated":true}]}}