
{"id":4427,"date":"2022-12-06T10:29:05","date_gmt":"2022-12-06T09:29:05","guid":{"rendered":"https:\/\/istarska-kapljica.eu\/proizvod\/poklon-paket-istarska-kapljica\/"},"modified":"2025-02-27T12:30:39","modified_gmt":"2025-02-27T11:30:39","slug":"geschenkpaket-istarska-kapljica","status":"publish","type":"product","link":"https:\/\/istarska-kapljica.eu\/de\/proizvod\/geschenkpaket-istarska-kapljica\/","title":{"rendered":"Geschenkpaket Istarska kapljica"},"content":{"rendered":"<p>Inhalt sind eine Flasche Flying Goat Gin 0,2 Liter, 3 Flaschen Count\u00b4s Drinks Craft Tonic Water und 3 Gew\u00fcrzsorten (getrocknete Orangenschale, Pinie und Hibiskus) f\u00fcr Gin Tonic.<\/p>\n<p>Wir arrangieren Geschenke nach Ihren W\u00fcnschen f\u00fcr Ihre Gesch\u00e4ftspartner und Ihre Lieben. Schenken Sie etwas Besonderes und vermitteln Sie damit das echte feurige Temperament, welches Istarska kapljica in sich hat. Ein v\u00f6llig originelles Geschenk, das sich von anderen unterscheidet.<\/p>\n<p>Wir liefern Geschenkpakete per Expressversand an Ihre Adresse oder an die Lieferadresse Ihrer Wahl. F\u00fcr alle anderen Informationen oder Bestellungen wenden Sie sich an unsere Kontaktnummern.<\/p>\n","protected":false},"excerpt":{"rendered":"<p>Inhalt sind eine Flasche Flying Goat Gin 0,2 Liter, 3  [&#8230;]<\/p>\n","protected":false},"featured_media":4397,"template":"","meta":{"_acf_changed":false},"product_brand":[],"product_cat":[103],"product_tag":[],"class_list":{"0":"post-4427","1":"product","2":"type-product","3":"status-publish","4":"has-post-thumbnail","6":"product_cat-poklon-paketi-de","8":"first","9":"instock","10":"taxable","11":"shipping-taxable","12":"purchasable","13":"product-type-simple"},"acf":[],"_links":{"self":[{"href":"https:\/\/istarska-kapljica.eu\/de\/wp-json\/wp\/v2\/product\/4427","targetHints":{"allow":["GET"]}}],"collection":[{"href":"https:\/\/istarska-kapljica.eu\/de\/wp-json\/wp\/v2\/product"}],"about":[{"href":"https:\/\/istarska-kapljica.eu\/de\/wp-json\/wp\/v2\/types\/product"}],"wp:featuredmedia":[{"embeddable":true,"href":"https:\/\/istarska-kapljica.eu\/de\/wp-json\/wp\/v2\/media\/4397"}],"wp:attachment":[{"href":"https:\/\/istarska-kapljica.eu\/de\/wp-json\/wp\/v2\/media?parent=4427"}],"wp:term":[{"taxonomy":"product_brand","embeddable":true,"href":"https:\/\/istarska-kapljica.eu\/de\/wp-json\/wp\/v2\/product_brand?post=4427"},{"taxonomy":"product_cat","embeddable":true,"href":"https:\/\/istarska-kapljica.eu\/de\/wp-json\/wp\/v2\/product_cat?post=4427"},{"taxonomy":"product_tag","embeddable":true,"href":"https:\/\/istarska-kapljica.eu\/de\/wp-json\/wp\/v2\/product_tag?post=4427"}],"curies":[{"name":"wp","href":"https:\/\/api.w.org\/{rel}","templated":true}]}}