
{"id":4435,"date":"2022-12-05T11:13:53","date_gmt":"2022-12-05T10:13:53","guid":{"rendered":"https:\/\/istarska-kapljica.eu\/proizvod\/drvena-poklon-kutija-istarska-kapljica-1\/"},"modified":"2023-01-01T20:32:05","modified_gmt":"2023-01-01T19:32:05","slug":"geschenkbox-aus-holz-istarska-kapljica-1","status":"publish","type":"product","link":"https:\/\/istarska-kapljica.eu\/de\/proizvod\/geschenkbox-aus-holz-istarska-kapljica-1\/","title":{"rendered":"Geschenkbox aus Holz Istarska kapljica 1"},"content":{"rendered":"<p><b> Geschenkbox aus Holz, Motiv Istarska kapljica Gr\u00f6\u00dfe 26 x 12 x 12 cm f\u00fcr Flaschen 0,5 l und 0,7 l, Gewicht 650 gr. <\/b><\/p>\n<p>Wir k\u00f6nnen Ihr Logo auf alle Holz-Geschenkboxen (min. 25 St\u00fcck) gravieren, fordern Sie ein Angebot an.<\/p>\n<p>Wir arrangieren Geschenke nach Ihren W\u00fcnschen f\u00fcr Ihre Gesch\u00e4ftspartner und Ihre Lieben. Schenken Sie etwas Besonderes und vermitteln Sie damit das echte feurige Temperament, welches Istarska kapljica in sich hat. Ein v\u00f6llig originelles Geschenk, das sich von anderen unterscheidet.<\/p>\n<p>Die Kisten werden mit unseren Schnapssorten, Oliven\u00f6l oder anderen istrischen Produkte nach Ihrer Wahl arrangiert. Auf Wunsch drucken wir nach vorheriger Absprache Ihr Logo oder Ihren Text auf das Etikett der Flaschen oder gravieren die Holzkisten. Die Jute-Geschenkbeutel sind mit dem Logo von unserer Destillerie Istarska kapljica verziert, k\u00f6nnen aber auch durch Sticken oder Bedrucken individualisiert werden. Ihr Logo kann nat\u00fcrlich auch auf die ICE BAG-Taschen gedruckt werden, die transparent oder schwarz sein k\u00f6nnen.<\/p>\n<p>Wir liefern Geschenkpakete per Eilzustellung an Ihre Adresse oder an die Lieferadresse Ihrer Wahl. F\u00fcr alle anderen Informationen oder Bestellungen wenden Sie sich an unsere Kontaktnummern.<\/p>\n","protected":false},"excerpt":{"rendered":"<p>Geschenkbox aus Holz, Motiv Istarska kapljica Gr\u00f6\u00dfe 26 x 12  [&#8230;]<\/p>\n","protected":false},"featured_media":4318,"template":"","meta":{"_acf_changed":false},"product_brand":[],"product_cat":[103],"product_tag":[],"class_list":{"0":"post-4435","1":"product","2":"type-product","3":"status-publish","4":"has-post-thumbnail","6":"product_cat-poklon-paketi-de","8":"first","9":"instock","10":"taxable","11":"shipping-taxable","12":"purchasable","13":"product-type-simple"},"acf":[],"_links":{"self":[{"href":"https:\/\/istarska-kapljica.eu\/de\/wp-json\/wp\/v2\/product\/4435","targetHints":{"allow":["GET"]}}],"collection":[{"href":"https:\/\/istarska-kapljica.eu\/de\/wp-json\/wp\/v2\/product"}],"about":[{"href":"https:\/\/istarska-kapljica.eu\/de\/wp-json\/wp\/v2\/types\/product"}],"wp:featuredmedia":[{"embeddable":true,"href":"https:\/\/istarska-kapljica.eu\/de\/wp-json\/wp\/v2\/media\/4318"}],"wp:attachment":[{"href":"https:\/\/istarska-kapljica.eu\/de\/wp-json\/wp\/v2\/media?parent=4435"}],"wp:term":[{"taxonomy":"product_brand","embeddable":true,"href":"https:\/\/istarska-kapljica.eu\/de\/wp-json\/wp\/v2\/product_brand?post=4435"},{"taxonomy":"product_cat","embeddable":true,"href":"https:\/\/istarska-kapljica.eu\/de\/wp-json\/wp\/v2\/product_cat?post=4435"},{"taxonomy":"product_tag","embeddable":true,"href":"https:\/\/istarska-kapljica.eu\/de\/wp-json\/wp\/v2\/product_tag?post=4435"}],"curies":[{"name":"wp","href":"https:\/\/api.w.org\/{rel}","templated":true}]}}