
{"id":4436,"date":"2022-12-05T10:46:37","date_gmt":"2022-12-05T09:46:37","guid":{"rendered":"https:\/\/istarska-kapljica.eu\/proizvod\/poklon-vrecica-od-jute\/"},"modified":"2025-02-27T12:34:16","modified_gmt":"2025-02-27T11:34:16","slug":"jute-geschenkbeutel","status":"publish","type":"product","link":"https:\/\/istarska-kapljica.eu\/de\/proizvod\/jute-geschenkbeutel\/","title":{"rendered":"Jute-Geschenkbeutel"},"content":{"rendered":"<p><strong>Jute-Geschenkbeutel 27 x 16 cm mit Motiven bedruckt\/gestickt f\u00fcr 0,5 l und 0,7 l Flaschen, Gewicht 50 gr.<\/strong><\/p>\n<p>Individualisiert mit Ihrem Logo einfarbig (ab 25 St\u00fcck), fordern Sie ein Angebot an.<\/p>\n<p>Wir arrangieren Geschenke nach Ihren W\u00fcnschen f\u00fcr Ihre Gesch\u00e4ftspartner und Ihre Lieben. Schenken Sie etwas Besonderes und vermitteln Sie damit das echte feurige Temperament, welches Istarska kapljica in sich hat. Ein v\u00f6llig originelles Geschenk, das sich von anderen unterscheidet. Wir haben verschiedene Arten von Holzkisten f\u00fcr Geschenkverpackungen, fuer eine, zwei oder mehrere Flaschen, mit unterschiedlichem Volumen, Jute-Geschenkbeutel oder ICE BAG-Beutel zum K\u00fchlen der Flasche.<\/p>\n<p>Wir liefern Geschenkpakete per Eilzustellung an Ihre Adresse oder an die Lieferadresse Ihrer Wahl. F\u00fcr alle anderen Informationen oder Bestellungen wenden Sie sich an unsere Kontaktnummern.<\/p>\n","protected":false},"excerpt":{"rendered":"<p>Jute-Geschenkbeutel 27 x 16 cm mit Motiven bedruckt\/gestickt f\u00fcr 0,5  [&#8230;]<\/p>\n","protected":false},"featured_media":4342,"template":"","meta":{"_acf_changed":false},"product_brand":[],"product_cat":[103],"product_tag":[],"class_list":{"0":"post-4436","1":"product","2":"type-product","3":"status-publish","4":"has-post-thumbnail","6":"product_cat-poklon-paketi-de","8":"first","9":"instock","10":"taxable","11":"shipping-taxable","12":"purchasable","13":"product-type-variable","14":"has-default-attributes"},"acf":[],"_links":{"self":[{"href":"https:\/\/istarska-kapljica.eu\/de\/wp-json\/wp\/v2\/product\/4436","targetHints":{"allow":["GET"]}}],"collection":[{"href":"https:\/\/istarska-kapljica.eu\/de\/wp-json\/wp\/v2\/product"}],"about":[{"href":"https:\/\/istarska-kapljica.eu\/de\/wp-json\/wp\/v2\/types\/product"}],"wp:featuredmedia":[{"embeddable":true,"href":"https:\/\/istarska-kapljica.eu\/de\/wp-json\/wp\/v2\/media\/4342"}],"wp:attachment":[{"href":"https:\/\/istarska-kapljica.eu\/de\/wp-json\/wp\/v2\/media?parent=4436"}],"wp:term":[{"taxonomy":"product_brand","embeddable":true,"href":"https:\/\/istarska-kapljica.eu\/de\/wp-json\/wp\/v2\/product_brand?post=4436"},{"taxonomy":"product_cat","embeddable":true,"href":"https:\/\/istarska-kapljica.eu\/de\/wp-json\/wp\/v2\/product_cat?post=4436"},{"taxonomy":"product_tag","embeddable":true,"href":"https:\/\/istarska-kapljica.eu\/de\/wp-json\/wp\/v2\/product_tag?post=4436"}],"curies":[{"name":"wp","href":"https:\/\/api.w.org\/{rel}","templated":true}]}}