
{"id":4831,"date":"2024-01-19T12:32:48","date_gmt":"2024-01-19T11:32:48","guid":{"rendered":"https:\/\/istarska-kapljica.eu\/?post_type=product&#038;p=4831"},"modified":"2024-01-22T09:42:22","modified_gmt":"2024-01-22T08:42:22","slug":"flying-goat-navy-strength-gin","status":"publish","type":"product","link":"https:\/\/istarska-kapljica.eu\/de\/proizvod\/flying-goat-navy-strength-gin\/","title":{"rendered":"Flying goat \u2013 Navy Strength Gin"},"content":{"rendered":"<p><b>ZUTATEN:<\/b><br \/>\nAlkohol aus landwirtschaftlicher Herstellung, Wachholder, Gew\u00fcrze<span class=\"Apple-converted-space\">\u00a0<\/span><\/p>\n<p><b>VERF\u00dcGBARE VOLUMEN:<\/b><br \/>\n0.7 l<\/p>\n<p><b>ALKOHOLGEHALT:\u00a0<\/b>58% Vol.<\/p>\n<p><b>BESTELLUNG:<\/b><br \/>\nDie Produktion ist begrenzt und abh\u00e4ngig von der Menge der verf\u00fcgbaren aromatischen Inhaltsstoffe.<\/p>\n<p><b>EMPFEHLUNG:<\/b><br \/>\nCocktail Navy 58<br \/>\n5 cl Flying Goat Navy Strength, 3 cl Lime Juice, Symple sirup, Tonic<\/p>\n","protected":false},"excerpt":{"rendered":"<p>Flying Goat Navy Strength ist unser neuer Gin f\u00fcr Liebhaber kr\u00e4ftigerer Cocktails. Aromen mediterraner Kr\u00e4uter wie Rosmarin, Salbei und Minze runden die Palette der unterschiedlichen Geschmacksrichtungen unserer Gins ab. Die Basis f\u00fcr diesen Gin ist unser preisgekr\u00f6nter Flying Goat Istrian Dry Gin, in dem die ausgew\u00e4hlten Zutaten mazerieren und zweimal destilliert werden.<\/p>\n","protected":false},"featured_media":6069,"template":"","meta":{"_acf_changed":false},"product_brand":[],"product_cat":[105],"product_tag":[],"class_list":{"0":"post-4831","1":"product","2":"type-product","3":"status-publish","4":"has-post-thumbnail","6":"product_cat-gin-de","8":"first","9":"instock","10":"taxable","11":"shipping-taxable","12":"purchasable","13":"product-type-simple"},"acf":[],"_links":{"self":[{"href":"https:\/\/istarska-kapljica.eu\/de\/wp-json\/wp\/v2\/product\/4831","targetHints":{"allow":["GET"]}}],"collection":[{"href":"https:\/\/istarska-kapljica.eu\/de\/wp-json\/wp\/v2\/product"}],"about":[{"href":"https:\/\/istarska-kapljica.eu\/de\/wp-json\/wp\/v2\/types\/product"}],"wp:featuredmedia":[{"embeddable":true,"href":"https:\/\/istarska-kapljica.eu\/de\/wp-json\/wp\/v2\/media\/6069"}],"wp:attachment":[{"href":"https:\/\/istarska-kapljica.eu\/de\/wp-json\/wp\/v2\/media?parent=4831"}],"wp:term":[{"taxonomy":"product_brand","embeddable":true,"href":"https:\/\/istarska-kapljica.eu\/de\/wp-json\/wp\/v2\/product_brand?post=4831"},{"taxonomy":"product_cat","embeddable":true,"href":"https:\/\/istarska-kapljica.eu\/de\/wp-json\/wp\/v2\/product_cat?post=4831"},{"taxonomy":"product_tag","embeddable":true,"href":"https:\/\/istarska-kapljica.eu\/de\/wp-json\/wp\/v2\/product_tag?post=4831"}],"curies":[{"name":"wp","href":"https:\/\/api.w.org\/{rel}","templated":true}]}}