
{"id":4882,"date":"2024-01-19T13:14:44","date_gmt":"2024-01-19T12:14:44","guid":{"rendered":"https:\/\/istarska-kapljica.eu\/proizvod\/4882\/"},"modified":"2025-02-25T13:18:34","modified_gmt":"2025-02-25T12:18:34","slug":"drijen","status":"publish","type":"product","link":"https:\/\/istarska-kapljica.eu\/de\/proizvod\/drijen\/","title":{"rendered":"Drijen"},"content":{"rendered":"<p><b>ZUTATEN:<\/b><br \/>\nTraubenschnaps, Honig, Kornelkirsche, Quellwasser<\/p>\n<p><b>VERF\u00dcGBARE VOLUMEN:<\/b><br \/>\n0.2<span class=\"Apple-converted-space\">\u00a0 <\/span>l, 0.5 l<\/p>\n<p><b>ALKOHOLGEHALT:\u00a0<\/b>30% Vol.<\/p>\n<p><b>BESTELLUNG:<\/b><br \/>\nDie Produktion ist begrenzt und abh\u00e4ngig von der Menge der verf\u00fcgbaren aromatischen Inhaltsstoffe.<\/p>\n<p><b>EMPFEHLUNG:<\/b><br \/>\nEiskalt und pur ohne Zusatzstoffe geniessen, sodass Frische und Aroma der Kornelkirsche am besten zum Ausdruck kommen, oder mal anders als Cocktailzusatz z.B. ins Gin Tonic.<\/p>\n","protected":false},"excerpt":{"rendered":"<p>Drijen ist unsere neueste Kreation bei welcher wildwachsende Kornelkirschen in unseren hochwertigen Traubenschnaps eingelegt werden. Die Mazeration der Fr\u00fcchte dauert 90 Tage und die Zugabe von Honig verleiht diesem Lik\u00f6r eine angenehm fruchtige, s\u00fc\u00df-s\u00e4uerliche Note.<br \/>\nHergestellt ohne Zusatz von Zucker, Farb und Geschmacksstoffen. Garantiert 100% nat\u00fcrliches Produkt.<\/p>\n","protected":false},"featured_media":6085,"template":"","meta":{"_acf_changed":false},"product_brand":[],"product_cat":[86,85],"product_tag":[],"class_list":{"0":"post-4882","1":"product","2":"type-product","3":"status-publish","4":"has-post-thumbnail","6":"product_cat-linija-exclusive-de","7":"product_cat-rakije-de","9":"first","10":"instock","11":"taxable","12":"shipping-taxable","13":"purchasable","14":"product-type-variable"},"acf":[],"_links":{"self":[{"href":"https:\/\/istarska-kapljica.eu\/de\/wp-json\/wp\/v2\/product\/4882","targetHints":{"allow":["GET"]}}],"collection":[{"href":"https:\/\/istarska-kapljica.eu\/de\/wp-json\/wp\/v2\/product"}],"about":[{"href":"https:\/\/istarska-kapljica.eu\/de\/wp-json\/wp\/v2\/types\/product"}],"wp:featuredmedia":[{"embeddable":true,"href":"https:\/\/istarska-kapljica.eu\/de\/wp-json\/wp\/v2\/media\/6085"}],"wp:attachment":[{"href":"https:\/\/istarska-kapljica.eu\/de\/wp-json\/wp\/v2\/media?parent=4882"}],"wp:term":[{"taxonomy":"product_brand","embeddable":true,"href":"https:\/\/istarska-kapljica.eu\/de\/wp-json\/wp\/v2\/product_brand?post=4882"},{"taxonomy":"product_cat","embeddable":true,"href":"https:\/\/istarska-kapljica.eu\/de\/wp-json\/wp\/v2\/product_cat?post=4882"},{"taxonomy":"product_tag","embeddable":true,"href":"https:\/\/istarska-kapljica.eu\/de\/wp-json\/wp\/v2\/product_tag?post=4882"}],"curies":[{"name":"wp","href":"https:\/\/api.w.org\/{rel}","templated":true}]}}