
{"id":5989,"date":"2025-01-29T12:39:36","date_gmt":"2025-01-29T11:39:36","guid":{"rendered":"https:\/\/istarska-kapljica.eu\/proizvod\/pelin\/"},"modified":"2025-02-25T13:17:27","modified_gmt":"2025-02-25T12:17:27","slug":"pelin","status":"publish","type":"product","link":"https:\/\/istarska-kapljica.eu\/de\/proizvod\/pelin\/","title":{"rendered":"Pelin"},"content":{"rendered":"<p><strong>ZUTATEN:<\/strong><br \/>\nTraubenbrand, bitterer Wermut, Heilkr\u00e4uter, Honig<\/p>\n<p><strong>VERF\u00dcGBARE VOLUMEN:<\/strong><br \/>\n0.2 l, 0.5 l, 0.7 l<\/p>\n<p><strong>BESTELLEN:<\/strong><br \/>\nDie Produktion ist begrenzt und abh\u00e4ngig von der Menge der verf\u00fcgbaren aromatischen Inhaltsstoffe.<\/p>\n<p><strong>EMPFEHLUNG:<\/strong><br \/>\nGek\u00fchlt als Aperitif oder nach dem Essen mit einer Zitronenscheibe oder als Cocktail mit Tonic ohne Zus\u00e4tze damit die Frische und das Aroma am besten zur Geltung kommen.<\/p>\n","protected":false},"excerpt":{"rendered":"<p>Pelinkovac ist ein traditioneller kroatischer Bitterlik\u00f6r (Magenbitter), der durch Mazeration bitterer Wermutbl\u00e4tter in Alkohol hergestellt wird. Wir stellen ihn in unserer Brennerei aus unserem hochwertigem Traubenbrand, unter Zusatz einer Heilkr\u00e4utermischung her und s\u00fc\u00dfen diesen Lik\u00f6r mit Honig statt karamellisiertem Zucker, was ihn einzigartig und erstklassig macht.<\/p>\n<p>Durch die Kombination ausschlie\u00dflich nat\u00fcrlicher Zutaten entsteht ein hervorragendes Ergebnis ganz im Sinne der traditionellen Philosophie unserer Destillerie.<\/p>\n","protected":false},"featured_media":5986,"template":"","meta":{"_acf_changed":false},"product_brand":[],"product_cat":[86,85],"product_tag":[],"class_list":{"0":"post-5989","1":"product","2":"type-product","3":"status-publish","4":"has-post-thumbnail","6":"product_cat-linija-exclusive-de","7":"product_cat-rakije-de","8":"product_shipping_class-dostava-proizvoda-de","10":"first","11":"instock","12":"taxable","13":"shipping-taxable","14":"purchasable","15":"product-type-variable"},"acf":[],"_links":{"self":[{"href":"https:\/\/istarska-kapljica.eu\/de\/wp-json\/wp\/v2\/product\/5989","targetHints":{"allow":["GET"]}}],"collection":[{"href":"https:\/\/istarska-kapljica.eu\/de\/wp-json\/wp\/v2\/product"}],"about":[{"href":"https:\/\/istarska-kapljica.eu\/de\/wp-json\/wp\/v2\/types\/product"}],"wp:featuredmedia":[{"embeddable":true,"href":"https:\/\/istarska-kapljica.eu\/de\/wp-json\/wp\/v2\/media\/5986"}],"wp:attachment":[{"href":"https:\/\/istarska-kapljica.eu\/de\/wp-json\/wp\/v2\/media?parent=5989"}],"wp:term":[{"taxonomy":"product_brand","embeddable":true,"href":"https:\/\/istarska-kapljica.eu\/de\/wp-json\/wp\/v2\/product_brand?post=5989"},{"taxonomy":"product_cat","embeddable":true,"href":"https:\/\/istarska-kapljica.eu\/de\/wp-json\/wp\/v2\/product_cat?post=5989"},{"taxonomy":"product_tag","embeddable":true,"href":"https:\/\/istarska-kapljica.eu\/de\/wp-json\/wp\/v2\/product_tag?post=5989"}],"curies":[{"name":"wp","href":"https:\/\/api.w.org\/{rel}","templated":true}]}}