
{"id":2041,"date":"2020-01-27T14:45:37","date_gmt":"2020-01-27T13:45:37","guid":{"rendered":"https:\/\/istarska-kapljica.eu\/?page_id=2041"},"modified":"2025-01-20T12:32:15","modified_gmt":"2025-01-20T11:32:15","slug":"medij-o-nama","status":"publish","type":"page","link":"https:\/\/istarska-kapljica.eu\/en\/medij-o-nama\/","title":{"rendered":"Press"},"content":{"rendered":"<div class=\"fusion-fullwidth fullwidth-box fusion-builder-row-1 nonhundred-percent-fullwidth non-hundred-percent-height-scrolling\" style=\"--awb-background-position:left top;--awb-background-repeat:repeat-x;--awb-border-sizes-top:0px;--awb-border-sizes-bottom:0px;--awb-border-sizes-left:0px;--awb-border-sizes-right:0px;--awb-border-color:#917852;--awb-border-radius-top-left:0px;--awb-border-radius-top-right:0px;--awb-border-radius-bottom-right:0px;--awb-border-radius-bottom-left:0px;--awb-padding-top:20px;--awb-padding-right:0px;--awb-padding-bottom:10px;--awb-padding-left:0px;--awb-flex-wrap:wrap;\" ><div class=\"fusion-builder-row fusion-row\"><div class=\"fusion-layout-column fusion_builder_column fusion-builder-column-0 fusion_builder_column_1_6 1_6 fusion-one-sixth fusion-column-first\" style=\"--awb-bg-size:cover;width:16.666666666667%;width:calc(16.666666666667% - ( ( 4% + 4% ) * 0.16666666666667 ) );margin-right: 4%;\"><div class=\"fusion-column-wrapper fusion-flex-column-wrapper-legacy\"><div class=\"fusion-clearfix\"><\/div><\/div><\/div><div class=\"fusion-layout-column fusion_builder_column fusion-builder-column-1 fusion_builder_column_2_3 2_3 fusion-two-third\" style=\"--awb-bg-size:cover;--awb-margin-bottom:0px;width:66.666666666667%;width:calc(66.666666666667% - ( ( 4% + 4% ) * 0.66666666666667 ) );margin-right: 4%;\"><div class=\"fusion-column-wrapper fusion-flex-column-wrapper-legacy\"><div class=\"fusion-image-element fusion-image-align-center in-legacy-container\" style=\"text-align:center;--awb-max-width:60px;--awb-caption-title-font-family:var(--h2_typography-font-family);--awb-caption-title-font-weight:var(--h2_typography-font-weight);--awb-caption-title-font-style:var(--h2_typography-font-style);--awb-caption-title-size:var(--h2_typography-font-size);--awb-caption-title-transform:var(--h2_typography-text-transform);--awb-caption-title-line-height:var(--h2_typography-line-height);--awb-caption-title-letter-spacing:var(--h2_typography-letter-spacing);\"><div class=\"imageframe-align-center\"><span class=\" fusion-imageframe imageframe-none imageframe-1 hover-type-none\"><img decoding=\"async\" width=\"200\" height=\"268\" title=\"Logo_istarska_kapljica_kap200\" src=\"https:\/\/istarska-kapljica.eu\/wp-content\/uploads\/2018\/07\/Logo_istarska_kapljica_kap200.png\" alt class=\"img-responsive wp-image-1218\"\/><\/span><\/div><\/div><div class=\"fusion-sep-clear\"><\/div><div class=\"fusion-separator fusion-full-width-sep\" style=\"margin-left: auto;margin-right: auto;margin-top:20px;width:100%;\"><\/div><div class=\"fusion-sep-clear\"><\/div><div class=\"fusion-title title fusion-title-1 fusion-sep-none fusion-title-center fusion-title-text fusion-title-size-two\"><h2 class=\"fusion-title-heading title-heading-center\" style=\"margin:0;\"><span style=\"font-size: 14pt;\"><span style=\"color: #917852;\">MEDIA\u00a0<\/span>ABOUT US<\/span><\/h2><\/div><div class=\"fusion-sep-clear\"><\/div><div class=\"fusion-separator\" style=\"margin-left: auto;margin-right: auto;margin-top:8px;margin-bottom:45px;width:100%;max-width:155px;\"><div class=\"fusion-separator-border sep-single sep-solid\" style=\"--awb-height:20px;--awb-amount:20px;--awb-sep-color:#917852;border-color:#917852;border-top-width:1px;\"><\/div><\/div><div class=\"fusion-sep-clear\"><\/div><div class=\"fusion-clearfix\"><\/div><\/div><\/div><div class=\"fusion-layout-column fusion_builder_column fusion-builder-column-2 fusion_builder_column_1_6 1_6 fusion-one-sixth fusion-column-last\" style=\"--awb-bg-size:cover;width:16.666666666667%;width:calc(16.666666666667% - ( ( 4% + 4% ) * 0.16666666666667 ) );\"><div class=\"fusion-column-wrapper fusion-flex-column-wrapper-legacy\"><div class=\"fusion-clearfix\"><\/div><\/div><\/div><div class=\"fusion-layout-column fusion_builder_column fusion-builder-column-3 fusion_builder_column_1_1 1_1 fusion-one-full fusion-column-first fusion-column-last\" style=\"--awb-bg-size:cover;\"><div class=\"fusion-column-wrapper fusion-column-has-shadow fusion-flex-column-wrapper-legacy\"><div class=\"fusion-blog-shortcode fusion-blog-shortcode-1 fusion-blog-archive fusion-blog-layout-grid-wrapper fusion-blog-pagination\"><style type=\"text\/css\">.fusion-blog-shortcode-1 .fusion-blog-layout-grid .fusion-post-grid{padding:20px;}.fusion-blog-shortcode-1 .fusion-posts-container{margin-left: -20px !important; margin-right:-20px !important;}<\/style><div class=\"fusion-posts-container fusion-posts-container-pagination fusion-no-meta-info fusion-blog-rollover fusion-blog-layout-grid fusion-blog-layout-grid-3 isotope\" data-pages=\"1\" data-grid-col-space=\"40\" style=\"margin: -20px -20px 0;min-height:500px;\"><article id=\"blog-1-post-2052\" class=\"fusion-post-grid post-2052 post type-post status-publish format-standard has-post-thumbnail hentry category-medij-o-nama-en\">\n<div class=\"fusion-post-wrapper\" style=\"background-color:rgba(255,255,255,0);border:1px solid #ebeaea;border-bottom-width:3px;\">\n\n\t\t\t<div class=\"fusion-flexslider flexslider fusion-flexslider-loading fusion-post-slideshow\" style=\"border-color:#ebeaea;\">\n\t\t<ul class=\"slides\">\n\t\t\t\n\t\t\t\t\t\t\t\t\t\t\t\t\t\t<li><div  class=\"fusion-image-wrapper\" aria-haspopup=\"true\">\n\t\t\t\t<img decoding=\"async\" width=\"730\" height=\"487\" src=\"https:\/\/istarska-kapljica.eu\/wp-content\/uploads\/2020\/01\/4.jpg\" class=\"attachment-full size-full wp-post-image\" alt=\"\" srcset=\"https:\/\/istarska-kapljica.eu\/wp-content\/uploads\/2020\/01\/4-200x133.jpg 200w, https:\/\/istarska-kapljica.eu\/wp-content\/uploads\/2020\/01\/4-400x267.jpg 400w, https:\/\/istarska-kapljica.eu\/wp-content\/uploads\/2020\/01\/4-600x400.jpg 600w, https:\/\/istarska-kapljica.eu\/wp-content\/uploads\/2020\/01\/4.jpg 730w\" sizes=\"(min-width: 2200px) 100vw, (min-width: 784px) 340px, (min-width: 712px) 510px, (min-width: 640px) 712px, \" \/><div class=\"fusion-rollover\">\n\t<div class=\"fusion-rollover-content\">\n\n\t\t\t\t\t\t\t\t\t\t\t\t\t\t<a class=\"fusion-rollover-link\" href=\"https:\/\/istarska-kapljica.eu\/en\/boje-zemlje-sinagro-presents-distillery-istarska-kapljica\/\">BOJE ZEMLJE &#8211; SinAgro presents: Distillery Istarska kapljica<\/a>\n\t\t\t\n\t\t\t\t\t\t\t\t\t\t\t\t\t\t\n\t\t\t\t\t\t\t\t\n\t\t\t\t\t\t\t\t\t\t\t\t\t<div class=\"fusion-rollover-sep\"><\/div>\n\t\t\t\t\n\t\t\t\t\t\t\t\t\t\t\t\t\t\t\t\t\t\t<a class=\"fusion-rollover-gallery\" href=\"https:\/\/istarska-kapljica.eu\/wp-content\/uploads\/2020\/01\/4.jpg\" data-options=\"\" data-id=\"2052\" data-rel=\"iLightbox[gallery]\" data-title=\"4\" data-caption=\"\">\n\t\t\t\t\t\tGallery\t\t\t\t\t<\/a>\n\t\t\t\t\t\t\t\t\t\t\t\t\t\t\n\t\t\n\t\t\t\t\t\t\t\t\t\t\t\t<h4 class=\"fusion-rollover-title\">\n\t\t\t\t\t<a class=\"fusion-rollover-title-link\" href=\"https:\/\/istarska-kapljica.eu\/en\/boje-zemlje-sinagro-presents-distillery-istarska-kapljica\/\">\n\t\t\t\t\t\tBOJE ZEMLJE &#8211; SinAgro presents: Distillery Istarska kapljica\t\t\t\t\t<\/a>\n\t\t\t\t<\/h4>\n\t\t\t\n\t\t\t\t\t\t\t\t\t\t<div class=\"fusion-rollover-categories\"><a href=\"https:\/\/istarska-kapljica.eu\/en\/category\/medij-o-nama-en\/\" rel=\"tag\">Medij o nama<\/a><\/div>\t\t\t\t\t\n\t\t\n\t\t\t\t\t\t<a class=\"fusion-link-wrapper\" href=\"https:\/\/istarska-kapljica.eu\/en\/boje-zemlje-sinagro-presents-distillery-istarska-kapljica\/\" aria-label=\"BOJE ZEMLJE &#8211; SinAgro presents: Distillery Istarska kapljica\"><\/a>\n\t<\/div>\n<\/div>\n<\/div>\n<\/li>\n\t\t\t\n\t\t\t\n\t\t\t\t\t\t\t\t<\/ul>\n\t<\/div>\n\t<div class=\"fusion-post-content-wrapper\" style=\"padding:30px 25px 20px 25px;\"><div class=\"fusion-post-content post-content\"><h2 class=\"blog-shortcode-post-title entry-title\"><a href=\"https:\/\/istarska-kapljica.eu\/en\/boje-zemlje-sinagro-presents-distillery-istarska-kapljica\/\">BOJE ZEMLJE &#8211; SinAgro presents: Distillery Istarska kapljica<\/a><\/h2><\/div><\/div><div class=\"fusion-clearfix\"><\/div><\/div>\n<\/article>\n<article id=\"blog-1-post-2049\" class=\"fusion-post-grid post-2049 post type-post status-publish format-standard has-post-thumbnail hentry category-medij-o-nama-en\">\n<div class=\"fusion-post-wrapper\" style=\"background-color:rgba(255,255,255,0);border:1px solid #ebeaea;border-bottom-width:3px;\">\n\n\t\t\t<div class=\"fusion-flexslider flexslider fusion-flexslider-loading fusion-post-slideshow\" style=\"border-color:#ebeaea;\">\n\t\t<ul class=\"slides\">\n\t\t\t\n\t\t\t\t\t\t\t\t\t\t\t\t\t\t<li><div  class=\"fusion-image-wrapper\" aria-haspopup=\"true\">\n\t\t\t\t<img decoding=\"async\" width=\"730\" height=\"487\" src=\"https:\/\/istarska-kapljica.eu\/wp-content\/uploads\/2020\/01\/5.jpg\" class=\"attachment-full size-full wp-post-image\" alt=\"\" srcset=\"https:\/\/istarska-kapljica.eu\/wp-content\/uploads\/2020\/01\/5-200x133.jpg 200w, https:\/\/istarska-kapljica.eu\/wp-content\/uploads\/2020\/01\/5-400x267.jpg 400w, https:\/\/istarska-kapljica.eu\/wp-content\/uploads\/2020\/01\/5-600x400.jpg 600w, https:\/\/istarska-kapljica.eu\/wp-content\/uploads\/2020\/01\/5.jpg 730w\" sizes=\"(min-width: 2200px) 100vw, (min-width: 784px) 340px, (min-width: 712px) 510px, (min-width: 640px) 712px, \" \/><div class=\"fusion-rollover\">\n\t<div class=\"fusion-rollover-content\">\n\n\t\t\t\t\t\t\t\t\t\t\t\t\t\t<a class=\"fusion-rollover-link\" href=\"https:\/\/istarska-kapljica.eu\/en\/goran-spehars-historical-success-won-as-many-as-65-medals-in-just-5-years\/\">GORAN \u0160PEHAR&#8217;S HISTORICAL SUCCESS &#8211; won as many as 65 medals in just 5 years<\/a>\n\t\t\t\n\t\t\t\t\t\t\t\t\t\t\t\t\t\t\n\t\t\t\t\t\t\t\t\n\t\t\t\t\t\t\t\t\t\t\t\t\t<div class=\"fusion-rollover-sep\"><\/div>\n\t\t\t\t\n\t\t\t\t\t\t\t\t\t\t\t\t\t\t\t\t\t\t<a class=\"fusion-rollover-gallery\" href=\"https:\/\/istarska-kapljica.eu\/wp-content\/uploads\/2020\/01\/5.jpg\" data-options=\"\" data-id=\"2049\" data-rel=\"iLightbox[gallery]\" data-title=\"5\" data-caption=\"\">\n\t\t\t\t\t\tGallery\t\t\t\t\t<\/a>\n\t\t\t\t\t\t\t\t\t\t\t\t\t\t\n\t\t\n\t\t\t\t\t\t\t\t\t\t\t\t<h4 class=\"fusion-rollover-title\">\n\t\t\t\t\t<a class=\"fusion-rollover-title-link\" href=\"https:\/\/istarska-kapljica.eu\/en\/goran-spehars-historical-success-won-as-many-as-65-medals-in-just-5-years\/\">\n\t\t\t\t\t\tGORAN \u0160PEHAR&#8217;S HISTORICAL SUCCESS &#8211; won as many as 65 medals in just 5 years\t\t\t\t\t<\/a>\n\t\t\t\t<\/h4>\n\t\t\t\n\t\t\t\t\t\t\t\t\t\t<div class=\"fusion-rollover-categories\"><a href=\"https:\/\/istarska-kapljica.eu\/en\/category\/medij-o-nama-en\/\" rel=\"tag\">Medij o nama<\/a><\/div>\t\t\t\t\t\n\t\t\n\t\t\t\t\t\t<a class=\"fusion-link-wrapper\" href=\"https:\/\/istarska-kapljica.eu\/en\/goran-spehars-historical-success-won-as-many-as-65-medals-in-just-5-years\/\" aria-label=\"GORAN \u0160PEHAR&#8217;S HISTORICAL SUCCESS &#8211; won as many as 65 medals in just 5 years\"><\/a>\n\t<\/div>\n<\/div>\n<\/div>\n<\/li>\n\t\t\t\n\t\t\t\n\t\t\t\t\t\t\t\t<\/ul>\n\t<\/div>\n\t<div class=\"fusion-post-content-wrapper\" style=\"padding:30px 25px 20px 25px;\"><div class=\"fusion-post-content post-content\"><h2 class=\"blog-shortcode-post-title entry-title\"><a href=\"https:\/\/istarska-kapljica.eu\/en\/goran-spehars-historical-success-won-as-many-as-65-medals-in-just-5-years\/\">GORAN \u0160PEHAR&#8217;S HISTORICAL SUCCESS &#8211; won as many as 65 medals in just 5 years<\/a><\/h2><\/div><\/div><div class=\"fusion-clearfix\"><\/div><\/div>\n<\/article>\n<article id=\"blog-1-post-2046\" class=\"fusion-post-grid post-2046 post type-post status-publish format-standard has-post-thumbnail hentry category-medij-o-nama-en\">\n<div class=\"fusion-post-wrapper\" style=\"background-color:rgba(255,255,255,0);border:1px solid #ebeaea;border-bottom-width:3px;\">\n\n\t\t\t<div class=\"fusion-flexslider flexslider fusion-flexslider-loading fusion-post-slideshow\" style=\"border-color:#ebeaea;\">\n\t\t<ul class=\"slides\">\n\t\t\t\n\t\t\t\t\t\t\t\t\t\t\t\t\t\t<li><div  class=\"fusion-image-wrapper\" aria-haspopup=\"true\">\n\t\t\t\t<img decoding=\"async\" width=\"730\" height=\"487\" src=\"https:\/\/istarska-kapljica.eu\/wp-content\/uploads\/2020\/01\/147446.jpeg\" class=\"attachment-full size-full wp-post-image\" alt=\"\" srcset=\"https:\/\/istarska-kapljica.eu\/wp-content\/uploads\/2020\/01\/147446-200x133.jpeg 200w, https:\/\/istarska-kapljica.eu\/wp-content\/uploads\/2020\/01\/147446-400x267.jpeg 400w, https:\/\/istarska-kapljica.eu\/wp-content\/uploads\/2020\/01\/147446-600x400.jpeg 600w, https:\/\/istarska-kapljica.eu\/wp-content\/uploads\/2020\/01\/147446.jpeg 730w\" sizes=\"(min-width: 2200px) 100vw, (min-width: 784px) 340px, (min-width: 712px) 510px, (min-width: 640px) 712px, \" \/><div class=\"fusion-rollover\">\n\t<div class=\"fusion-rollover-content\">\n\n\t\t\t\t\t\t\t\t\t\t\t\t\t\t<a class=\"fusion-rollover-link\" href=\"https:\/\/istarska-kapljica.eu\/en\/goran-spehar-from-kastelir-is-the-only-one-in-the-istria-who-products-lozovaca-not-komovica\/\">GORAN \u0160PEHAR FROM KA\u0160TELIR IS THE ONLY ONE IN THE ISTRIA WHO PRODUCTS LOZOVA\u010cA, NOT KOMOVICA<\/a>\n\t\t\t\n\t\t\t\t\t\t\t\t\t\t\t\t\t\t\n\t\t\t\t\t\t\t\t\n\t\t\t\t\t\t\t\t\t\t\t\t\t<div class=\"fusion-rollover-sep\"><\/div>\n\t\t\t\t\n\t\t\t\t\t\t\t\t\t\t\t\t\t\t\t\t\t\t<a class=\"fusion-rollover-gallery\" href=\"https:\/\/istarska-kapljica.eu\/wp-content\/uploads\/2020\/01\/147446.jpeg\" data-options=\"\" data-id=\"2046\" data-rel=\"iLightbox[gallery]\" data-title=\"147446\" data-caption=\"\">\n\t\t\t\t\t\tGallery\t\t\t\t\t<\/a>\n\t\t\t\t\t\t\t\t\t\t\t\t\t\t\n\t\t\n\t\t\t\t\t\t\t\t\t\t\t\t<h4 class=\"fusion-rollover-title\">\n\t\t\t\t\t<a class=\"fusion-rollover-title-link\" href=\"https:\/\/istarska-kapljica.eu\/en\/goran-spehar-from-kastelir-is-the-only-one-in-the-istria-who-products-lozovaca-not-komovica\/\">\n\t\t\t\t\t\tGORAN \u0160PEHAR FROM KA\u0160TELIR IS THE ONLY ONE IN THE ISTRIA WHO PRODUCTS LOZOVA\u010cA, NOT KOMOVICA\t\t\t\t\t<\/a>\n\t\t\t\t<\/h4>\n\t\t\t\n\t\t\t\t\t\t\t\t\t\t<div class=\"fusion-rollover-categories\"><a href=\"https:\/\/istarska-kapljica.eu\/en\/category\/medij-o-nama-en\/\" rel=\"tag\">Medij o nama<\/a><\/div>\t\t\t\t\t\n\t\t\n\t\t\t\t\t\t<a class=\"fusion-link-wrapper\" href=\"https:\/\/istarska-kapljica.eu\/en\/goran-spehar-from-kastelir-is-the-only-one-in-the-istria-who-products-lozovaca-not-komovica\/\" aria-label=\"GORAN \u0160PEHAR FROM KA\u0160TELIR IS THE ONLY ONE IN THE ISTRIA WHO PRODUCTS LOZOVA\u010cA, NOT KOMOVICA\"><\/a>\n\t<\/div>\n<\/div>\n<\/div>\n<\/li>\n\t\t\t\n\t\t\t\n\t\t\t\t\t\t\t\t<\/ul>\n\t<\/div>\n\t<div class=\"fusion-post-content-wrapper\" style=\"padding:30px 25px 20px 25px;\"><div class=\"fusion-post-content post-content\"><h2 class=\"blog-shortcode-post-title entry-title\"><a href=\"https:\/\/istarska-kapljica.eu\/en\/goran-spehar-from-kastelir-is-the-only-one-in-the-istria-who-products-lozovaca-not-komovica\/\">GORAN \u0160PEHAR FROM KA\u0160TELIR IS THE ONLY ONE IN THE ISTRIA WHO PRODUCTS LOZOVA\u010cA, NOT KOMOVICA<\/a><\/h2><\/div><\/div><div class=\"fusion-clearfix\"><\/div><\/div>\n<\/article>\n<div class=\"fusion-clearfix\"><\/div><\/div><\/div><div class=\"fusion-clearfix\"><\/div><\/div><\/div><\/div><\/div>\n","protected":false},"excerpt":{"rendered":"","protected":false},"author":1,"featured_media":0,"parent":0,"menu_order":0,"comment_status":"closed","ping_status":"closed","template":"100-width.php","meta":{"_acf_changed":false,"footnotes":""},"class_list":["post-2041","page","type-page","status-publish","hentry"],"acf":[],"_links":{"self":[{"href":"https:\/\/istarska-kapljica.eu\/en\/wp-json\/wp\/v2\/pages\/2041","targetHints":{"allow":["GET"]}}],"collection":[{"href":"https:\/\/istarska-kapljica.eu\/en\/wp-json\/wp\/v2\/pages"}],"about":[{"href":"https:\/\/istarska-kapljica.eu\/en\/wp-json\/wp\/v2\/types\/page"}],"author":[{"embeddable":true,"href":"https:\/\/istarska-kapljica.eu\/en\/wp-json\/wp\/v2\/users\/1"}],"replies":[{"embeddable":true,"href":"https:\/\/istarska-kapljica.eu\/en\/wp-json\/wp\/v2\/comments?post=2041"}],"version-history":[{"count":5,"href":"https:\/\/istarska-kapljica.eu\/en\/wp-json\/wp\/v2\/pages\/2041\/revisions"}],"predecessor-version":[{"id":5701,"href":"https:\/\/istarska-kapljica.eu\/en\/wp-json\/wp\/v2\/pages\/2041\/revisions\/5701"}],"wp:attachment":[{"href":"https:\/\/istarska-kapljica.eu\/en\/wp-json\/wp\/v2\/media?parent=2041"}],"curies":[{"name":"wp","href":"https:\/\/api.w.org\/{rel}","templated":true}]}}