
{"id":2543,"date":"2018-08-15T13:30:43","date_gmt":"2018-08-15T11:30:43","guid":{"rendered":"https:\/\/istarska-kapljica.eu\/limited-edition\/"},"modified":"2025-01-20T12:36:42","modified_gmt":"2025-01-20T11:36:42","slug":"limited-edition","status":"publish","type":"page","link":"https:\/\/istarska-kapljica.eu\/it\/limited-edition\/","title":{"rendered":"Limited Edition"},"content":{"rendered":"<p><div class=\"fusion-fullwidth fullwidth-box fusion-builder-row-1 nonhundred-percent-fullwidth non-hundred-percent-height-scrolling\" style=\"--awb-background-position:left top;--awb-background-repeat:repeat-x;--awb-border-sizes-top:0px;--awb-border-sizes-bottom:0px;--awb-border-sizes-left:0px;--awb-border-sizes-right:0px;--awb-border-color:#917852;--awb-border-radius-top-left:0px;--awb-border-radius-top-right:0px;--awb-border-radius-bottom-right:0px;--awb-border-radius-bottom-left:0px;--awb-padding-top:40px;--awb-padding-right:0px;--awb-padding-bottom:10px;--awb-padding-left:0px;--awb-flex-wrap:wrap;\" ><div class=\"fusion-builder-row fusion-row\"><div class=\"fusion-layout-column fusion_builder_column fusion-builder-column-0 fusion_builder_column_1_6 1_6 fusion-one-sixth fusion-column-first\" style=\"--awb-bg-size:cover;width:16.666666666667%;width:calc(16.666666666667% - ( ( 4% + 4% ) * 0.16666666666667 ) );margin-right: 4%;\"><div class=\"fusion-column-wrapper fusion-flex-column-wrapper-legacy\"><div class=\"fusion-clearfix\"><\/div><\/div><\/div><div class=\"fusion-layout-column fusion_builder_column fusion-builder-column-1 fusion_builder_column_2_3 2_3 fusion-two-third\" style=\"--awb-bg-size:cover;--awb-margin-bottom:0px;width:66.666666666667%;width:calc(66.666666666667% - ( ( 4% + 4% ) * 0.66666666666667 ) );margin-right: 4%;\"><div class=\"fusion-column-wrapper fusion-flex-column-wrapper-legacy\"><div class=\"fusion-image-element fusion-image-align-center in-legacy-container\" style=\"text-align:center;--awb-max-width:60px;--awb-caption-title-font-family:var(--h2_typography-font-family);--awb-caption-title-font-weight:var(--h2_typography-font-weight);--awb-caption-title-font-style:var(--h2_typography-font-style);--awb-caption-title-size:var(--h2_typography-font-size);--awb-caption-title-transform:var(--h2_typography-text-transform);--awb-caption-title-line-height:var(--h2_typography-line-height);--awb-caption-title-letter-spacing:var(--h2_typography-letter-spacing);\"><div class=\"imageframe-align-center\"><span class=\" fusion-imageframe imageframe-none imageframe-1 hover-type-none\"><img decoding=\"async\" width=\"40\" height=\"54\" title=\"Logo_istarska_kapljica_kap200\" src=\"https:\/\/istarska-kapljica.eu\/wp-content\/uploads\/2018\/07\/Logo_istarska_kapljica_kap200-e1580130200800.png\" alt class=\"img-responsive wp-image-1217\"\/><\/span><\/div><\/div><div class=\"fusion-sep-clear\"><\/div><div class=\"fusion-separator fusion-full-width-sep\" style=\"margin-left: auto;margin-right: auto;margin-top:20px;width:100%;\"><\/div><div class=\"fusion-sep-clear\"><\/div><div class=\"fusion-title title fusion-title-1 fusion-sep-none fusion-title-center fusion-title-text fusion-title-size-two\"><h2 class=\"fusion-title-heading title-heading-center\" style=\"margin:0;\"><span style=\"font-size: 14pt;\">RU\u010cNO NUMERIRANA SERIJA\u00a0<span style=\"color: #917852;\">POSEBNO<\/span> ODABRANIH SASTOJAKA<\/span><\/h2><\/div><div class=\"fusion-sep-clear\"><\/div><div class=\"fusion-separator\" style=\"margin-left: auto;margin-right: auto;margin-top:8px;margin-bottom:45px;width:100%;max-width:155px;\"><div class=\"fusion-separator-border sep-single sep-solid\" style=\"--awb-height:20px;--awb-amount:20px;--awb-sep-color:#917852;border-color:#917852;border-top-width:1px;\"><\/div><\/div><div class=\"fusion-sep-clear\"><\/div><div class=\"fusion-text fusion-text-1\"><p style=\"text-align: justify;\"><span style=\"font-size: 13pt;\">Priroda odre\u0111uje kvalitetu i u odre\u0111enim razdobljima daje sastojke posebnih karakteristika. To je prirodan proces na kojeg ne mo\u017eemo utjecati ve\u0107 samo iskoristiti njegov pun potencijal. Limited edition proizvodi se upravo od takvih prirodnih sastojaka pa se njezina posebnost i karakter razlikujuju od ostalih linija po okusu, mirisu i boji. Kako se radi o liniji koja je ograni\u010dena zbog koli\u010dine prirodnih sastojka svaka boca dobiva svoj jedinstven broj. Ovu liniju smo posvetili na\u0161im nonima Eufemiju i Anamariji.<\/span><\/p>\n<p>PAKIRANJA:\u00a0<strong>0.5 l<\/strong><\/p>\n<\/div><div class=\"fusion-sep-clear\"><\/div><div class=\"fusion-separator fusion-full-width-sep\" style=\"margin-left: auto;margin-right: auto;margin-top:30px;width:100%;\"><\/div><div class=\"fusion-sep-clear\"><\/div><div class=\"fusion-content-boxes content-boxes columns row fusion-columns-2 fusion-columns-total-2 fusion-content-boxes-1 content-boxes-icon-on-side content-left\" style=\"--awb-hover-accent-color:#c2a151;--awb-circle-hover-accent-color:#c2a151;\" data-animationOffset=\"top-into-view\"><div style=\"--awb-backgroundcolor:rgba(255,255,255,0);--awb-content-padding-left:60px;\" class=\"fusion-column content-box-column content-box-column content-box-column-1 col-lg-6 col-md-6 col-sm-6 fusion-content-box-hover content-box-column-first-in-row\"><div class=\"col content-box-wrapper content-wrapper link-area-link-icon icon-hover-animation-fade\" data-animationOffset=\"top-into-view\"><div class=\"heading heading-with-icon icon-left\"><div aria-hidden=\"true\" class=\"image\"><img decoding=\"async\" src=\"https:\/\/istarska-kapljica.eu\/wp-content\/uploads\/2018\/07\/Logo_istarska_kapljica_kap200.png\" width=\"40\" height=\"53.6\" alt=\"\" \/><\/div><h2 class=\"content-box-heading\" style=\"--h2_typography-font-size:18px;line-height:23px;padding-left:60px;\">NARUD\u017dBA:<\/h2><\/div><div class=\"fusion-clearfix\"><\/div><div class=\"content-container\">\n<p style=\"text-align: left;\">Proizvodnja je posebno ograni\u010denog karaktera \u0161to ovisi i o koli\u010dini aromati\u010dnih sastojka koje su na raspolaganju. Rezervirajte na vrijeme Istarsku kapljicu.<\/p>\n<\/div><\/div><\/div><div style=\"--awb-backgroundcolor:rgba(255,255,255,0);--awb-content-padding-left:60px;\" class=\"fusion-column content-box-column content-box-column content-box-column-2 col-lg-6 col-md-6 col-sm-6 fusion-content-box-hover content-box-column-last content-box-column-last-in-row\"><div class=\"col content-box-wrapper content-wrapper link-area-link-icon icon-hover-animation-fade\" data-animationOffset=\"top-into-view\"><div class=\"heading heading-with-icon icon-left\"><div aria-hidden=\"true\" class=\"image\"><img decoding=\"async\" src=\"https:\/\/istarska-kapljica.eu\/wp-content\/uploads\/2018\/07\/Logo_istarska_kapljica_kap200.png\" width=\"40\" height=\"53.6\" alt=\"\" \/><\/div><h2 class=\"content-box-heading\" style=\"--h2_typography-font-size:18px;line-height:23px;padding-left:60px;\">POSEBNOST:<\/h2><\/div><div class=\"fusion-clearfix\"><\/div><div class=\"content-container\">\n<p>Limitirana serija od 400 boca ru\u010dno numeriranih<\/p>\n<\/div><\/div><\/div><div class=\"fusion-clearfix\"><\/div><\/div><div class=\"fusion-post-cards fusion-post-cards-1 fusion-grid-archive fusion-grid-columns-2\" style=\"--awb-column-spacing:20px;--awb-dots-align:center;--awb-columns:2;--awb-active-filter-border-size:3px;--awb-filters-height:36px;--awb-row-spacing:30px;\"><ul class=\"fusion-grid fusion-grid-2 fusion-flex-align-items-stretch fusion-grid-posts-cards\"><li class=\"fusion-layout-column fusion_builder_column fusion-builder-column-2 fusion-flex-column kartica-artikla-svi fusion-animated post-card fusion-grid-column fusion-post-cards-grid-column product-grid-view product type-product\" style=\"--awb-padding-top:20px;--awb-padding-bottom:20px;--awb-overflow:hidden;--awb-bg-color:var(--awb-color1);--awb-bg-color-hover:var(--awb-color1);--awb-bg-size:cover;--awb-border-color:hsla(var(--awb-color3-h),var(--awb-color3-s),calc(var(--awb-color3-l) - 5%),var(--awb-color3-a));--awb-border-top:1px;--awb-border-right:1px;--awb-border-bottom:1px;--awb-border-left:1px;--awb-border-style:solid;--awb-border-radius:12px 12px 12px 12px;--awb-transform:translateY(0px);--awb-transform-hover:translateY(-15px);--awb-flex-grow:0;--awb-flex-shrink:0;--awb-flex-grow-medium:0;--awb-flex-shrink-medium:0;--awb-flex-grow-small:0;--awb-flex-shrink-small:0;\" data-animationType=\"fadeInUp\" data-animationDuration=\"0.3\" data-animationOffset=\"top-into-view\" data-scroll-devices=\"small-visibility,medium-visibility,large-visibility\"><div class=\"fusion-column-wrapper fusion-column-has-shadow fusion-flex-justify-content-space-around fusion-content-layout-column\"><div class=\"fusion-builder-row fusion-builder-row-inner fusion-row\"><div class=\"fusion-layout-column fusion_builder_column_inner fusion-builder-nested-column-0 fusion_builder_column_inner_1_1 1_1 fusion-one-full fusion-column-first fusion-column-last\" style=\"--awb-absolute-top:180px;--awb-container-position:absolute;--awb-bg-size:cover;--awb-transform:translateY(30px);--awb-transform-hover:translateY(0px);--awb-transform-parent-hover:translateY(0px);--awb-filter:opacity(0%);--awb-filter-transition:filter 0.3s ease;--awb-filter-hover:opacity(100%);--awb-filter-parent-hover:opacity(100%);--awb-margin-bottom:0px;width:100%;\" data-scroll-devices=\"small-visibility,medium-visibility,large-visibility\"><div class=\"fusion-column-wrapper fusion-column-has-shadow fusion-flex-column-wrapper-legacy\"><div class=\"fusion-aligncenter\"><a class=\"fusion-button button-flat button-small button-default fusion-button-default button-1 fusion-button-default-span fusion-button-default-type\" target=\"_self\" href=\"https:\/\/istarska-kapljica.eu\/it\/proizvod\/nona-anamaria\/\"><span class=\"fusion-button-text awb-button__text awb-button__text--default\">Scopri di pi\u00f9<\/span><\/a><\/div><div class=\"fusion-clearfix\"><\/div><\/div><\/div><\/div><div class=\"fusion-image-element in-legacy-container\" style=\"--awb-aspect-ratio: 100 \/ 100;--awb-margin-top:0px;--awb-margin-right:0px;--awb-margin-bottom:0px;--awb-margin-left:0px;--awb-caption-title-font-family:var(--h2_typography-font-family);--awb-caption-title-font-weight:var(--h2_typography-font-weight);--awb-caption-title-font-style:var(--h2_typography-font-style);--awb-caption-title-size:var(--h2_typography-font-size);--awb-caption-title-transform:var(--h2_typography-text-transform);--awb-caption-title-line-height:var(--h2_typography-line-height);--awb-caption-title-letter-spacing:var(--h2_typography-letter-spacing);\"><span class=\" fusion-imageframe imageframe-none imageframe-2 hover-type-none has-aspect-ratio\"><a class=\"fusion-no-lightbox\" href=\"https:\/\/istarska-kapljica.eu\/it\/proizvod\/nona-anamaria\/\" target=\"_self\" aria-label=\"nona_wine_brandy\"><img decoding=\"async\" width=\"800\" height=\"800\" src=\"https:\/\/istarska-kapljica.eu\/wp-content\/uploads\/2020\/04\/nona_wine_brandy.jpg\" class=\"img-responsive wp-image-2879 img-with-aspect-ratio\" data-parent-fit=\"cover\" data-parent-container=\".fusion-image-element\" alt srcset=\"https:\/\/istarska-kapljica.eu\/wp-content\/uploads\/2020\/04\/nona_wine_brandy-200x200.jpg 200w, https:\/\/istarska-kapljica.eu\/wp-content\/uploads\/2020\/04\/nona_wine_brandy-400x400.jpg 400w, https:\/\/istarska-kapljica.eu\/wp-content\/uploads\/2020\/04\/nona_wine_brandy-600x600.jpg 600w, https:\/\/istarska-kapljica.eu\/wp-content\/uploads\/2020\/04\/nona_wine_brandy.jpg 800w\" sizes=\"(max-width: 800px) 100vw, 800px\" \/><\/a><\/span><\/div><div class=\"fusion-title title fusion-title-2 fusion-sep-none fusion-title-center fusion-title-text fusion-title-size-four\" style=\"--awb-margin-top:30px;--awb-margin-right:25px;--awb-margin-bottom:0px;--awb-margin-left:25px;--awb-margin-top-small:15px;--awb-margin-bottom-small:10px;--awb-font-size:16px;\"><h4 class=\"fusion-title-heading title-heading-center\" style=\"margin:0;font-size:1em;line-height:1.4;\"><a href=\"https:\/\/istarska-kapljica.eu\/it\/proizvod\/nona-anamaria\/\" class=\"awb-custom-text-color awb-custom-text-hover-color\" target=\"_self\">Nona Anamaria<\/a><\/h4><\/div><div class=\"fusion-woo-price-tb fusion-woo-price-tb-1 sale-position-right has-border floated has-badge badge-position-right\" style=\"--awb-margin-bottom:15px;--awb-margin-top:15px;--awb-badge-border-size:1px;--awb-price-color:var(--awb-color6);--awb-sale-color:var(--awb-color8);--awb-stock-color:var(--awb-color8);--awb-badge-text-color:var(--awb-color1);--awb-badge-bg-color:#b50000;--awb-badge-border-color:#b50000;--awb-alignment:center;--awb-border-radius:0px 0px 0px 0px;--awb-price-font-family:inherit;--awb-price-font-style:normal;--awb-price-font-weight:400;--awb-sale-font-family:inherit;--awb-sale-font-style:normal;--awb-sale-font-weight:400;--awb-stock-font-family:inherit;--awb-stock-font-style:normal;--awb-stock-font-weight:400;--awb-badge-font-family:inherit;--awb-badge-font-style:normal;--awb-badge-font-weight:400;\"><p class=\"price\"><span class=\"woocommerce-Price-amount amount\"><bdi>36.50&nbsp;<span class=\"woocommerce-Price-currencySymbol\">&euro;<\/span><\/bdi><\/span><\/p>\n<\/div><\/div><\/li>\n<li class=\"fusion-layout-column fusion_builder_column fusion-builder-column-3 fusion-flex-column kartica-artikla-svi fusion-animated post-card fusion-grid-column fusion-post-cards-grid-column product-grid-view product type-product\" style=\"--awb-padding-top:20px;--awb-padding-bottom:20px;--awb-overflow:hidden;--awb-bg-color:var(--awb-color1);--awb-bg-color-hover:var(--awb-color1);--awb-bg-size:cover;--awb-border-color:hsla(var(--awb-color3-h),var(--awb-color3-s),calc(var(--awb-color3-l) - 5%),var(--awb-color3-a));--awb-border-top:1px;--awb-border-right:1px;--awb-border-bottom:1px;--awb-border-left:1px;--awb-border-style:solid;--awb-border-radius:12px 12px 12px 12px;--awb-transform:translateY(0px);--awb-transform-hover:translateY(-15px);--awb-flex-grow:0;--awb-flex-shrink:0;--awb-flex-grow-medium:0;--awb-flex-shrink-medium:0;--awb-flex-grow-small:0;--awb-flex-shrink-small:0;\" data-animationType=\"fadeInUp\" data-animationDuration=\"0.3\" data-animationOffset=\"top-into-view\" data-scroll-devices=\"small-visibility,medium-visibility,large-visibility\"><div class=\"fusion-column-wrapper fusion-column-has-shadow fusion-flex-justify-content-space-around fusion-content-layout-column\"><div class=\"fusion-builder-row fusion-builder-row-inner fusion-row\"><div class=\"fusion-layout-column fusion_builder_column_inner fusion-builder-nested-column-1 fusion_builder_column_inner_1_1 1_1 fusion-one-full fusion-column-first fusion-column-last\" style=\"--awb-absolute-top:180px;--awb-container-position:absolute;--awb-bg-size:cover;--awb-transform:translateY(30px);--awb-transform-hover:translateY(0px);--awb-transform-parent-hover:translateY(0px);--awb-filter:opacity(0%);--awb-filter-transition:filter 0.3s ease;--awb-filter-hover:opacity(100%);--awb-filter-parent-hover:opacity(100%);--awb-margin-bottom:0px;width:100%;\" data-scroll-devices=\"small-visibility,medium-visibility,large-visibility\"><div class=\"fusion-column-wrapper fusion-column-has-shadow fusion-flex-column-wrapper-legacy\"><div class=\"fusion-aligncenter\"><a class=\"fusion-button button-flat button-small button-default fusion-button-default button-2 fusion-button-default-span fusion-button-default-type\" target=\"_self\" href=\"https:\/\/istarska-kapljica.eu\/it\/proizvod\/nono-eufemio\/\"><span class=\"fusion-button-text awb-button__text awb-button__text--default\">Scopri di pi\u00f9<\/span><\/a><\/div><div class=\"fusion-clearfix\"><\/div><\/div><\/div><\/div><div class=\"fusion-image-element in-legacy-container\" style=\"--awb-aspect-ratio: 100 \/ 100;--awb-margin-top:0px;--awb-margin-right:0px;--awb-margin-bottom:0px;--awb-margin-left:0px;--awb-caption-title-font-family:var(--h2_typography-font-family);--awb-caption-title-font-weight:var(--h2_typography-font-weight);--awb-caption-title-font-style:var(--h2_typography-font-style);--awb-caption-title-size:var(--h2_typography-font-size);--awb-caption-title-transform:var(--h2_typography-text-transform);--awb-caption-title-line-height:var(--h2_typography-line-height);--awb-caption-title-letter-spacing:var(--h2_typography-letter-spacing);\"><span class=\" fusion-imageframe imageframe-none imageframe-3 hover-type-none has-aspect-ratio\"><a class=\"fusion-no-lightbox\" href=\"https:\/\/istarska-kapljica.eu\/it\/proizvod\/nono-eufemio\/\" target=\"_self\" aria-label=\"nono_wine_brandy\"><img decoding=\"async\" width=\"800\" height=\"800\" src=\"https:\/\/istarska-kapljica.eu\/wp-content\/uploads\/2020\/04\/nono_wine_brandy.jpg\" class=\"img-responsive wp-image-2880 img-with-aspect-ratio\" data-parent-fit=\"cover\" data-parent-container=\".fusion-image-element\" alt srcset=\"https:\/\/istarska-kapljica.eu\/wp-content\/uploads\/2020\/04\/nono_wine_brandy-200x200.jpg 200w, https:\/\/istarska-kapljica.eu\/wp-content\/uploads\/2020\/04\/nono_wine_brandy-400x400.jpg 400w, https:\/\/istarska-kapljica.eu\/wp-content\/uploads\/2020\/04\/nono_wine_brandy-600x600.jpg 600w, https:\/\/istarska-kapljica.eu\/wp-content\/uploads\/2020\/04\/nono_wine_brandy.jpg 800w\" sizes=\"(max-width: 800px) 100vw, 800px\" \/><\/a><\/span><\/div><div class=\"fusion-title title fusion-title-3 fusion-sep-none fusion-title-center fusion-title-text fusion-title-size-four\" style=\"--awb-margin-top:30px;--awb-margin-right:25px;--awb-margin-bottom:0px;--awb-margin-left:25px;--awb-margin-top-small:15px;--awb-margin-bottom-small:10px;--awb-font-size:16px;\"><h4 class=\"fusion-title-heading title-heading-center\" style=\"margin:0;font-size:1em;line-height:1.4;\"><a href=\"https:\/\/istarska-kapljica.eu\/it\/proizvod\/nono-eufemio\/\" class=\"awb-custom-text-color awb-custom-text-hover-color\" target=\"_self\">Nono Eufemio<\/a><\/h4><\/div><div class=\"fusion-woo-price-tb fusion-woo-price-tb-2 sale-position-right has-border floated has-badge badge-position-right\" style=\"--awb-margin-bottom:15px;--awb-margin-top:15px;--awb-badge-border-size:1px;--awb-price-color:var(--awb-color6);--awb-sale-color:var(--awb-color8);--awb-stock-color:var(--awb-color8);--awb-badge-text-color:var(--awb-color1);--awb-badge-bg-color:#b50000;--awb-badge-border-color:#b50000;--awb-alignment:center;--awb-border-radius:0px 0px 0px 0px;--awb-price-font-family:inherit;--awb-price-font-style:normal;--awb-price-font-weight:400;--awb-sale-font-family:inherit;--awb-sale-font-style:normal;--awb-sale-font-weight:400;--awb-stock-font-family:inherit;--awb-stock-font-style:normal;--awb-stock-font-weight:400;--awb-badge-font-family:inherit;--awb-badge-font-style:normal;--awb-badge-font-weight:400;\"><p class=\"price\"><span class=\"woocommerce-Price-amount amount\"><bdi>36.50&nbsp;<span class=\"woocommerce-Price-currencySymbol\">&euro;<\/span><\/bdi><\/span><\/p>\n<\/div><\/div><\/li>\n<\/ul><\/div><div class=\"fusion-sep-clear\"><\/div><div class=\"fusion-separator fusion-full-width-sep\" style=\"margin-left: auto;margin-right: auto;margin-top:30px;width:100%;\"><\/div><div class=\"fusion-sep-clear\"><\/div><div class=\"fusion-clearfix\"><\/div><\/div><\/div><div class=\"fusion-layout-column fusion_builder_column fusion-builder-column-4 fusion_builder_column_1_6 1_6 fusion-one-sixth fusion-column-last\" style=\"--awb-bg-size:cover;width:16.666666666667%;width:calc(16.666666666667% - ( ( 4% + 4% ) * 0.16666666666667 ) );\"><div class=\"fusion-column-wrapper fusion-flex-column-wrapper-legacy\"><div class=\"fusion-clearfix\"><\/div><\/div><\/div><\/div><\/div><div class=\"fusion-fullwidth fullwidth-box fusion-builder-row-2 fusion-parallax-none nonhundred-percent-fullwidth non-hundred-percent-height-scrolling\" style=\"--awb-background-position:center bottom;--awb-border-radius-top-left:0px;--awb-border-radius-top-right:0px;--awb-border-radius-bottom-right:0px;--awb-border-radius-bottom-left:0px;--awb-padding-top:5%;--awb-padding-bottom:45px;--awb-background-color:#1e1e1e;--awb-background-image:url(&quot;https:\/\/istarska-kapljica.eu\/wp-content\/uploads\/2018\/04\/chart_bkgd.jpg&quot;);--awb-background-size:cover;--awb-flex-wrap:wrap;\" ><div class=\"fusion-builder-row fusion-row\"><div class=\"fusion-layout-column fusion_builder_column fusion-builder-column-5 fusion_builder_column_1_5 1_5 fusion-one-fifth fusion-column-first fusion-no-small-visibility\" style=\"--awb-bg-size:cover;width:20%;width:calc(20% - ( ( 4% + 4% ) * 0.2 ) );margin-right: 4%;\"><div class=\"fusion-column-wrapper fusion-flex-column-wrapper-legacy\"><div class=\"fusion-clearfix\"><\/div><\/div><\/div><div class=\"fusion-layout-column fusion_builder_column fusion-builder-column-6 fusion_builder_column_3_5 3_5 fusion-three-fifth\" style=\"--awb-padding-top:50px;--awb-padding-right:35px;--awb-padding-left:35px;--awb-bg-position:left bottom;--awb-bg-repeat:repeat-x;width:60%;width:calc(60% - ( ( 4% + 4% ) * 0.6 ) );margin-right: 4%;\"><div class=\"fusion-column-wrapper fusion-column-has-shadow fusion-flex-column-wrapper-legacy\"><div class=\"fusion-title title fusion-title-4 fusion-sep-none fusion-title-center fusion-title-text fusion-title-size-two\"><h2 class=\"fusion-title-heading title-heading-center\" style=\"margin:0;\"><p><span style=\"color: #545454;\">DOBRU RAKIJU JE LAKO NAPRAVITI,<br \/>\nNO<\/span> <span style=\"color: #bca36c;\">VRHUNSKA RAKIJA JE UMJETNOST<\/span>.<\/p><\/h2><\/div><div class=\"fusion-sep-clear\"><\/div><div class=\"fusion-separator\" style=\"margin-left: auto;margin-right: auto;margin-top:20px;margin-bottom:45px;width:100%;max-width:205px;\"><div class=\"fusion-separator-border sep-single sep-solid\" style=\"--awb-height:20px;--awb-amount:20px;--awb-sep-color:#bca36c;border-color:#bca36c;border-top-width:1px;\"><\/div><\/div><div class=\"fusion-sep-clear\"><\/div><div class=\"fusion-text fusion-text-2\"><p style=\"text-align: center;\"><span style=\"font-size: 12pt;\">Istarska kapljica ozna\u010dava potpuno prirodne procese proizvodnje u kojima najva\u017eniju ulogu imaju na\u0161e znanje, strpljiva destilacija, kvaliteta sastojaka, dugogodi\u0161nji tradicijski recept, vrijeme potrebno za njihovo sazrijevanje i na kraju pakiranje u na\u0161e prepoznatljive boce.<br \/>\n<strong>\u017divjeli!<\/strong><\/span><\/p>\n<\/div><div class=\"fusion-clearfix\"><\/div><\/div><\/div><div class=\"fusion-layout-column fusion_builder_column fusion-builder-column-7 fusion_builder_column_1_5 1_5 fusion-one-fifth fusion-column-last fusion-no-small-visibility\" style=\"--awb-bg-size:cover;width:20%;width:calc(20% - ( ( 4% + 4% ) * 0.2 ) );\"><div class=\"fusion-column-wrapper fusion-flex-column-wrapper-legacy\"><div class=\"fusion-clearfix\"><\/div><\/div><\/div><\/div><\/div><div class=\"fusion-fullwidth fullwidth-box fusion-builder-row-3 hundred-percent-fullwidth non-hundred-percent-height-scrolling\" style=\"--awb-background-position:center bottom;--awb-border-radius-top-left:0px;--awb-border-radius-top-right:0px;--awb-border-radius-bottom-right:0px;--awb-border-radius-bottom-left:0px;--awb-padding-top:0px;--awb-padding-right:0px;--awb-padding-bottom:0px;--awb-padding-left:0px;--awb-margin-top:0px;--awb-margin-bottom:0px;--awb-flex-wrap:wrap;\" ><div class=\"fusion-builder-row fusion-row\"><div class=\"fusion-layout-column fusion_builder_column fusion-builder-column-8 fusion_builder_column_1_1 1_1 fusion-one-full fusion-column-first fusion-column-last\" style=\"--awb-bg-position:left bottom;--awb-bg-repeat:repeat-x;--awb-margin-bottom:0px;\"><div class=\"fusion-column-wrapper fusion-column-has-shadow fusion-flex-column-wrapper-legacy\"><div class=\"fusion-align-block\"><a class=\"fusion-button button-flat button-xlarge button-custom fusion-button-default button-3 fusion-button-span-yes fusion-button-default-type customButton\" style=\"--button_accent_color:#ffffff;--button_accent_hover_color:#ffffff;--button_border_hover_color:#ffffff;--button_gradient_top_color:#bca36c;--button_gradient_bottom_color:#bca36c;--button_gradient_top_color_hover:#bc984b;--button_gradient_bottom_color_hover:#bc984b;\" target=\"_self\" href=\"https:\/\/istarska-kapljica.eu\/kontakt\/\"><i class=\"fa-wine-glass fas awb-button__icon awb-button__icon--default button-icon-left\" aria-hidden=\"true\"><\/i><span class=\"fusion-button-text awb-button__text awb-button__text--default\">ZAINTERESIRANI STE ZA DEGUSTACIJU? DOGOVORITE SVOJ TERMIN<\/span><\/a><\/div><div class=\"fusion-clearfix\"><\/div><\/div><\/div><\/div><\/div><\/p>\n","protected":false},"excerpt":{"rendered":"","protected":false},"author":1,"featured_media":0,"parent":0,"menu_order":0,"comment_status":"closed","ping_status":"closed","template":"100-width.php","meta":{"_acf_changed":false,"footnotes":""},"class_list":["post-2543","page","type-page","status-publish","hentry"],"acf":[],"_links":{"self":[{"href":"https:\/\/istarska-kapljica.eu\/it\/wp-json\/wp\/v2\/pages\/2543","targetHints":{"allow":["GET"]}}],"collection":[{"href":"https:\/\/istarska-kapljica.eu\/it\/wp-json\/wp\/v2\/pages"}],"about":[{"href":"https:\/\/istarska-kapljica.eu\/it\/wp-json\/wp\/v2\/types\/page"}],"author":[{"embeddable":true,"href":"https:\/\/istarska-kapljica.eu\/it\/wp-json\/wp\/v2\/users\/1"}],"replies":[{"embeddable":true,"href":"https:\/\/istarska-kapljica.eu\/it\/wp-json\/wp\/v2\/comments?post=2543"}],"version-history":[{"count":3,"href":"https:\/\/istarska-kapljica.eu\/it\/wp-json\/wp\/v2\/pages\/2543\/revisions"}],"predecessor-version":[{"id":5885,"href":"https:\/\/istarska-kapljica.eu\/it\/wp-json\/wp\/v2\/pages\/2543\/revisions\/5885"}],"wp:attachment":[{"href":"https:\/\/istarska-kapljica.eu\/it\/wp-json\/wp\/v2\/media?parent=2543"}],"curies":[{"name":"wp","href":"https:\/\/api.w.org\/{rel}","templated":true}]}}