
{"id":6509,"date":"2025-01-13T11:38:18","date_gmt":"2025-01-13T10:38:18","guid":{"rendered":"https:\/\/istarska-kapljica.eu\/registracija\/"},"modified":"2025-01-13T11:38:18","modified_gmt":"2025-01-13T10:38:18","slug":"registracija","status":"publish","type":"page","link":"https:\/\/istarska-kapljica.eu\/it\/registracija\/","title":{"rendered":"Registracija"},"content":{"rendered":"<div class=\"fusion-fullwidth fullwidth-box fusion-builder-row-1 fusion-flex-container has-pattern-background has-mask-background nonhundred-percent-fullwidth non-hundred-percent-height-scrolling\" style=\"--awb-border-radius-top-left:0px;--awb-border-radius-top-right:0px;--awb-border-radius-bottom-right:0px;--awb-border-radius-bottom-left:0px;--awb-margin-top:30px;--awb-margin-bottom:30px;--awb-flex-wrap:wrap;\" ><div class=\"fusion-builder-row fusion-row fusion-flex-align-items-flex-start fusion-flex-content-wrap\" style=\"max-width:1144px;margin-left: calc(-4% \/ 2 );margin-right: calc(-4% \/ 2 );\"><div class=\"fusion-layout-column fusion_builder_column fusion-builder-column-0 fusion_builder_column_1_1 1_1 fusion-flex-column\" style=\"--awb-bg-size:cover;--awb-width-large:100%;--awb-margin-top-large:0px;--awb-spacing-right-large:1.92%;--awb-margin-bottom-large:0px;--awb-spacing-left-large:1.92%;--awb-width-medium:100%;--awb-spacing-right-medium:1.92%;--awb-spacing-left-medium:1.92%;--awb-width-small:100%;--awb-spacing-right-small:1.92%;--awb-spacing-left-small:1.92%;\"><div class=\"fusion-column-wrapper fusion-flex-justify-content-flex-start fusion-content-layout-column\"><div class=\"fusion-text fusion-text-1\"><div class=\"woocommerce-notices-wrapper\"><\/div>        <div class=\"u-columns col2-set\" id=\"customer_login\">\n    \t<div class=\"u-column2 col-2 registracija\">\n    \n    \t\t<h2>Registrati<\/h2>\n    \n    \t\t<form method=\"post\" class=\"woocommerce-form woocommerce-form-register register\"  >\n    \n    \t\t\t<div class='custom-question-field-wrapper custom-question-1 company-details'>\n<div class=\"wrapper\">\n      <input type=\"radio\" name=\"account_type\" id=\"option-1\" checked>\n      <input type=\"radio\" name=\"account_type\" id=\"vies_checkbox\" value=\"vies_checkbox\">\n      <label for=\"option-1\" class=\"option option-1\">\n        <div class=\"dot\"><\/div>\n        <span>Fizi\u010dka osoba<\/span>\n      <\/label>\n      <label for=\"vies_checkbox\" class=\"option vies_checkbox\">\n        <div class=\"dot\"><\/div>\n        <span>Pravna osoba<\/span>\n      <\/label>\n    <\/div>\n    <p class=\"form-row vies-company form-row-wide vies-field validate-required\" id=\"vies_company_field\" data-priority=\"\"><label for=\"vies_company\" class=\"required_field\">Naziv tvrtke&nbsp;<span class=\"required\" aria-hidden=\"true\">*<\/span><\/label><span class=\"woocommerce-input-wrapper\"><input type=\"text\" class=\"input-text \" name=\"vies_company\" id=\"vies_company\" placeholder=\"\"  value=\"\" aria-required=\"true\" \/><\/span><\/p><p class=\"form-row vies-country form-row-wide vies-field validate-required\" id=\"vies_country_field\" data-priority=\"\"><label for=\"vies_country\" class=\"required_field\">Dr\u017eava sjedi\u0161ta &nbsp;<span class=\"required\" aria-hidden=\"true\">*<\/span><\/label><span class=\"woocommerce-input-wrapper\"><select name=\"vies_country\" id=\"vies_country\" class=\"select \" aria-required=\"true\" data-placeholder=\"\">\n\t\t\t\t\t\t\t<option value=\"HR\" >HR - Hrvatska<\/option><option value=\"AT\" >AT - Austrija<\/option><option value=\"BE\" >BE - Belgija<\/option><option value=\"BG\" >BG - Bugarska<\/option><option value=\"CY\" >CY - Cipar<\/option><option value=\"CZ\" >CZ - \u010ce\u0161ka<\/option><option value=\"DE\" >DE - Njema\u010dka<\/option><option value=\"DK\" >DK - Danska<\/option><option value=\"EE\" >EE - Estonija<\/option><option value=\"EL\" >EL - Gr\u010dka<\/option><option value=\"ES\" >ES - \u0160panjolska<\/option><option value=\"FI\" >FI - Finska<\/option><option value=\"FR\" >FR - Francuska<\/option><option value=\"HU\" >HU - Ma\u0111arska<\/option><option value=\"IE\" >IE - Irska<\/option><option value=\"IT\" >IT - Italija<\/option><option value=\"LT\" >LT - Litva<\/option><option value=\"LU\" >LU - Luksemburg<\/option><option value=\"LV\" >LV - Latvija<\/option><option value=\"MT\" >MT - Malta<\/option><option value=\"NL\" >NL - Nizozemska<\/option><option value=\"PL\" >PL - Poljska<\/option><option value=\"PT\" >PT - Portugal<\/option><option value=\"RO\" >RO - Rumunjska<\/option><option value=\"SE\" >SE - \u0160vedska<\/option><option value=\"SI\" >SI - Slovenija<\/option><option value=\"SK\" >SK - Slova\u010dka<\/option><option value=\"XI\" >XI - Sjeverna Irska<\/option>\n\t\t\t\t\t\t<\/select><\/span><\/p><p class=\"form-row vies-oib form-row-wide vies-field validate-required\" id=\"vies_oib_field\" data-priority=\"\"><label for=\"vies_oib\" class=\"required_field\">OIB pravne osobe&nbsp;<span class=\"required\" aria-hidden=\"true\">*<\/span><\/label><span class=\"woocommerce-input-wrapper\"><input type=\"text\" class=\"input-text \" name=\"vies_oib\" id=\"vies_oib\" placeholder=\"\"  value=\"\" aria-required=\"true\" \/><\/span><\/p>        <button id=\"vies-fetch\" type=\"button\" class=\"woocommerce-button button vies-field vies-fetch\">Dohvatite podatke<\/button>\n        <div id=\"swa_loader\" class=\"swa_loader\"><\/div>\n        <div style=\"display:inline-block;position:relative;top:6px\"><svg class=\"checkmark\" xmlns=\"http:\/\/www.w3.org\/2000\/svg\" viewBox=\"0 0 52 52\"> <circle class=\"checkmark__circle\" cx=\"26\" cy=\"26\" r=\"25\" fill=\"none\"\/> <path class=\"checkmark__check\" fill=\"none\" d=\"M14.1 27.2l7.1 7.2 16.7-16.8\"\/>\n        <\/svg>\n        <\/div>\n        <div style=\"display:inline-block;position:relative;top:6px\">\n        <svg class=\"crossmark animateElement\" xmlns=\"http:\/\/www.w3.org\/2000\/svg\" viewBox=\"0 0 52 52\"><circle class=\"crossmark__circle animateElement\" cx=\"26\" cy=\"26\" r=\"25\" fill=\"none\"\/>\n <path class=\"cross__path cross__path--right animateElement\" fill=\"none\" d=\"M16,16 l20,20\" \/>\n  <path class=\"cross__path cross__path--left animateElement\" fill=\"none\" d=\"M16,36 l20,-20\" \/>\n<\/svg>\n    \n    <\/div>\n<\/div>\n\n\t<style> .vies-field { display:none; } <\/style>  \n    <p class=\"form-row form-row-first\">\n    <label for=\"reg_billing_first_name\">Nome <span class=\"required\">*<\/span><\/label>\n    <input type=\"text\" class=\"input-text\" name=\"billing_first_name\" id=\"reg_billing_first_name\" value=\"\" \/>\n    <\/p>\n  \n    <p class=\"form-row form-row-last\">\n    <label for=\"reg_billing_last_name\">Cognome <span class=\"required\">*<\/span><\/label>\n    <input type=\"text\" class=\"input-text\" name=\"billing_last_name\" id=\"reg_billing_last_name\" value=\"\" \/>\n    <\/p>\n    \n    <p class=\"form-row form-row-last\">\n    <label for=\"reg_billing_phone\">Broj mobitela <span class=\"required\">*<\/span><\/label>\n    <input type=\"text\" class=\"input-text\" name=\"billing_phone\" id=\"reg_billing_phone\" value=\"\" \/>\n    <\/p>\n    \n    <p class=\"form-row form-row-first\">\n    <label for=\"birthday\">Datum ro\u0111enja <span class=\"required\">*<\/span><\/label>\n    <input type=\"text\" class=\"input-text\" name=\"birthday\" id=\"birthday\" value=\"\" \/>\n    <label for=\"birthday\" style=\"color:grey;font-size:12px\">Ro\u0111endan koristimo isklju\u010divo za slanje posebnih ponuda za slavljenike i prigodne poklone    <\/p>\n  \n    <p class=\"form-row form-row-last\">\n    <label for=\"reg_billing_postcode\">Po\u0161tanski broj <span class=\"required\">*<\/span><\/label>\n    <input type=\"text\" class=\"input-text\" name=\"billing_postcode\" id=\"reg_billing_postcode\" value=\"\" \/>\n    <\/p>  \n\n    <p class=\"form-row form-row-last\">\n    <label for=\"reg_billing_city\">Grad <span class=\"required\">*<\/span><\/label>\n    <input type=\"text\" class=\"input-text\" name=\"billing_city\" id=\"reg_billing_city\" value=\"\" \/>\n    <\/p>  \n\n    <p class=\"form-row form-row-last\">\n    <label for=\"reg_billing_address_1\">Ulica <span class=\"required\">*<\/span><\/label>\n    <input type=\"text\" class=\"input-text\" name=\"billing_address_1\" id=\"reg_billing_address_1\" value=\"\" \/>\n    <\/p>\n\n    <p class=\"form-row form-row-last\">\n    <label for=\"reg_billing_address_2\">Slovo\/Kat\/Apartman    <input type=\"text\" class=\"input-text\" name=\"billing_address_2\" id=\"reg_billing_address_2\" value=\"\" \/>\n    <\/p>\n  \n    <div class=\"clear\"><\/div>\n  \n        \n    \t\t\t    \n    \t\t\t\t<p class=\"woocommerce-form-row woocommerce-form-row--wide form-row form-row-wide\">\n    \t\t\t\t\t<label for=\"reg_username\">Nome utente&nbsp;<span class=\"required\">*<\/span><\/label>\n    \t\t\t\t\t<input type=\"text\" class=\"woocommerce-Input woocommerce-Input--text input-text\" name=\"username\" id=\"reg_username\" autocomplete=\"username\" value=\"\" \/>    \t\t\t\t<\/p>\n    \n    \t\t\t    \n    \t\t\t<p class=\"woocommerce-form-row woocommerce-form-row--wide form-row form-row-wide\">\n    \t\t\t\t<label for=\"reg_email\">Indirizzo email&nbsp;<span class=\"required\">*<\/span><\/label>\n    \t\t\t\t<input type=\"email\" class=\"woocommerce-Input woocommerce-Input--text input-text\" name=\"email\" id=\"reg_email\" autocomplete=\"email\" value=\"\" \/>    \t\t\t<\/p>\n    \n    \t\t\t    \n    \t\t\t\t<p class=\"woocommerce-form-row woocommerce-form-row--wide form-row form-row-wide\">\n    \t\t\t\t\t<label for=\"reg_password\">Password&nbsp;<span class=\"required\">*<\/span><\/label>\n    \t\t\t\t\t<input type=\"password\" class=\"woocommerce-Input woocommerce-Input--text input-text\" name=\"password\" id=\"reg_password\" autocomplete=\"new-password\" \/>\n    \t\t\t\t<\/p>\n    \n    \t\t\t    \n    \t\t\t<wc-order-attribution-inputs><\/wc-order-attribution-inputs>        <p class=\"form-row terms wc-terms-and-conditions\">\n            <label class=\"woocommerce-form__label woocommerce-form__label-for-checkbox checkbox\">\n                <input type=\"checkbox\" class=\"woocommerce-form__input woocommerce-form__input-checkbox input-checkbox\" name=\"terms\" \n                 \n                id=\"terms\" required \/> \n                <span>Prihva\u0107am <a href=\"https:\/\/istarska-kapljica.eu\/it\/\" target=\"_blank\" class=\"woocommerce-terms-and-conditions-link\">uvjete kori\u0161tenja<\/a><\/span> \n                <span class=\"required\">*<\/span>\n            <\/label>\n            <input type=\"hidden\" name=\"terms-field\" value=\"1\" \/>\n        <\/p>\n    <div class=\"woocommerce-privacy-policy-text\"><p>Va\u0161i \u0107e se osobni podaci koristiti za podr\u0161ku va\u0161em iskustvu na ovoj web stranici, za upravljanje pristupom va\u0161em ra\u010dunu i za druge svrhe opisane u na\u0161im <a href=\"https:\/\/istarska-kapljica.eu\/zastita-osobnih-podataka\/\" class=\"woocommerce-privacy-policy-link\" target=\"_blank\">privacy policy<\/a>.<\/p>\n<\/div>    \n    \t\t\t<p class=\"woocommerce-form-row form-row\">\n    \t\t\t\t<input type=\"hidden\" id=\"woocommerce-register-nonce\" name=\"woocommerce-register-nonce\" value=\"afd707572e\" \/><input type=\"hidden\" name=\"_wp_http_referer\" value=\"\/it\/wp-json\/wp\/v2\/pages\/6509\" \/>    \t\t\t\t<button type=\"submit\" class=\"woocommerce-Button woocommerce-button button woocommerce-form-register__submit fusion-button button-default fusion-button-default-size button\" name=\"register\" value=\"Registrati\">Registrati<\/button>\n    \t\t\t<\/p>\n    \n    \t\t\t    \n    \t\t<\/form>\n    \n    \t<\/div>\n    \n    <\/div>\n    \n<\/div><\/div><\/div><\/div><\/div>\n","protected":false},"excerpt":{"rendered":"","protected":false},"author":1,"featured_media":0,"parent":0,"menu_order":0,"comment_status":"closed","ping_status":"closed","template":"","meta":{"_acf_changed":false,"footnotes":""},"class_list":["post-6509","page","type-page","status-publish","hentry"],"acf":[],"_links":{"self":[{"href":"https:\/\/istarska-kapljica.eu\/it\/wp-json\/wp\/v2\/pages\/6509","targetHints":{"allow":["GET"]}}],"collection":[{"href":"https:\/\/istarska-kapljica.eu\/it\/wp-json\/wp\/v2\/pages"}],"about":[{"href":"https:\/\/istarska-kapljica.eu\/it\/wp-json\/wp\/v2\/types\/page"}],"author":[{"embeddable":true,"href":"https:\/\/istarska-kapljica.eu\/it\/wp-json\/wp\/v2\/users\/1"}],"replies":[{"embeddable":true,"href":"https:\/\/istarska-kapljica.eu\/it\/wp-json\/wp\/v2\/comments?post=6509"}],"version-history":[{"count":0,"href":"https:\/\/istarska-kapljica.eu\/it\/wp-json\/wp\/v2\/pages\/6509\/revisions"}],"wp:attachment":[{"href":"https:\/\/istarska-kapljica.eu\/it\/wp-json\/wp\/v2\/media?parent=6509"}],"curies":[{"name":"wp","href":"https:\/\/api.w.org\/{rel}","templated":true}]}}