
{"id":5884,"date":"2020-04-26T21:14:03","date_gmt":"2020-04-26T19:14:03","guid":{"rendered":"https:\/\/istarska-kapljica.eu\/proizvod\/nona-anamaria\/"},"modified":"2025-01-20T12:37:33","modified_gmt":"2025-01-20T11:37:33","slug":"nona-anamaria","status":"publish","type":"product","link":"https:\/\/istarska-kapljica.eu\/it\/proizvod\/nona-anamaria\/","title":{"rendered":"Nona Anamaria"},"content":{"rendered":"<p>PAKIRANJA: 0.5 l \/ ALK: 42% vol.<\/p>\n<p><strong>NARUD\u017dBA:<\/strong><br \/>\nProizvodnja je posebno ograni\u010denog karaktera jer se puni samo 1 barrique ba\u010dva godi\u0161nje. Rezervirajte na vrijeme Istarsku kapljicu &#8220;Limited edition&#8221;.<\/p>\n<p><strong>POSEBNOST:<\/strong><br \/>\nLimitirana serija od 400 boca ru\u010dno numeriranih<\/p>\n<p><strong>PREPORUKA:<\/strong><br \/>\nU zagrijanoj \u010da\u0161i s tamnom \u010dokoladom u\u017eivajte nakon ve\u010dere ili uz dobru cigaru.<\/p>\n","protected":false},"excerpt":{"rendered":"<p style=\"text-align: justify;\"><strong>RU\u010cNO NUMERIRANA SERIJA POSEBNO ODABRANIH SASTOJAKA<br \/>\n<\/strong><br \/>\nPriroda odre\u0111uje kvalitetu i u odre\u0111enim razdobljima daje sastojke posebnih karakteristika. To je prirodan proces na kojeg ne mo\u017eemo utjecati ve\u0107 samo iskoristiti njegov pun potencijal. Lozova\u010da Nona Anamaria proizvodi se od pa\u017eljivo selekcioniranog gro\u017e\u0111a sorte mu\u0161kat \u017euti koji nakon tradicionalne destilacije odle\u017eava 2 godine u hrastovoj ba\u010dvi\u00a0 pa se njezina posebnost i karakter razlikuju od ostalih linija po okusu, mirisu i boji. Kako se radi o liniji koja je ograni\u010dena na 1 ba\u010dvu, svaka boca dobiva svoj jedinstven broj. Liniju &#8220;Limited edition&#8221; smo posvetili na\u0161im nonima Eufemiju i Anamariji. Posebno smo ponosni \u0161to je NONa ANAMARIa dobila zlatnu medalju na me\u0111unarodnom ocjenjivanju alkoholnih pi\u0107a u francuskom Lyonu.<\/p>\n","protected":false},"featured_media":2879,"template":"","meta":{"_acf_changed":false},"product_brand":[],"product_cat":[124,88],"product_tag":[],"class_list":{"0":"post-5884","1":"product","2":"type-product","3":"status-publish","4":"has-post-thumbnail","6":"product_cat-limited-edition-it","7":"product_cat-rakije-it","8":"product_shipping_class-dostava-proizvoda-it","10":"first","11":"instock","12":"taxable","13":"shipping-taxable","14":"purchasable","15":"product-type-simple"},"acf":[],"_links":{"self":[{"href":"https:\/\/istarska-kapljica.eu\/it\/wp-json\/wp\/v2\/product\/5884","targetHints":{"allow":["GET"]}}],"collection":[{"href":"https:\/\/istarska-kapljica.eu\/it\/wp-json\/wp\/v2\/product"}],"about":[{"href":"https:\/\/istarska-kapljica.eu\/it\/wp-json\/wp\/v2\/types\/product"}],"wp:featuredmedia":[{"embeddable":true,"href":"https:\/\/istarska-kapljica.eu\/it\/wp-json\/wp\/v2\/media\/2879"}],"wp:attachment":[{"href":"https:\/\/istarska-kapljica.eu\/it\/wp-json\/wp\/v2\/media?parent=5884"}],"wp:term":[{"taxonomy":"product_brand","embeddable":true,"href":"https:\/\/istarska-kapljica.eu\/it\/wp-json\/wp\/v2\/product_brand?post=5884"},{"taxonomy":"product_cat","embeddable":true,"href":"https:\/\/istarska-kapljica.eu\/it\/wp-json\/wp\/v2\/product_cat?post=5884"},{"taxonomy":"product_tag","embeddable":true,"href":"https:\/\/istarska-kapljica.eu\/it\/wp-json\/wp\/v2\/product_tag?post=5884"}],"curies":[{"name":"wp","href":"https:\/\/api.w.org\/{rel}","templated":true}]}}